{"id":1115,"date":"2022-09-18T14:17:17","date_gmt":"2022-09-18T06:17:17","guid":{"rendered":"https:\/\/longweielec.com\/?post_type=product&#038;p=1115"},"modified":"2025-07-19T22:10:28","modified_gmt":"2025-07-19T14:10:28","slug":"lw-1000w","status":"publish","type":"product","link":"https:\/\/longweielec.com\/de\/product\/lw-1000w","title":{"rendered":"LW-1000W 1000W AC Stromquelle mit variabler Frequenz"},"content":{"rendered":"","protected":false},"excerpt":{"rendered":"<ul>\n<li><strong>Mikrocomputer-Steuerung:<\/strong>\u00a0Die fortschrittliche Mikrocomputer-Verarbeitung gew\u00e4hrleistet einen pr\u00e4zisen und stabilen Betrieb.<\/li>\n<li><strong>Reine Sinuswelle Ausgang:<\/strong>\u00a0Liefert eine saubere und stabile Sinuswelle, die f\u00fcr eine Vielzahl von Tests und betrieblichen Anforderungen unerl\u00e4sslich ist.<\/li>\n<li><strong>Umfassende Schutzfunktionen:<\/strong>\u00a0Ausgestattet mit \u00dcberspannungs-, \u00dcberstrom-, \u00dcbertemperatur- und \u00dcberlastungsschutz f\u00fcr einen sicheren Betrieb.<\/li>\n<li><strong>Einstellbare Ausgabeoptionen:<\/strong>\u00a0Bietet einen kontinuierlichen Spannungseinstellbereich von 0-300V und eine Frequenzeinstellung von 45Hz bis 70Hz, sowie feste Frequenzen (50Hz, 60Hz, 100Hz, 200Hz, 400Hz).<\/li>\n<li><strong>Globale Kompatibilit\u00e4t:<\/strong>\u00a0Simuliert verschiedene nationale Stromnetzbedingungen und ist damit ideal f\u00fcr die Pr\u00fcfung von Exportprodukten und die Durchf\u00fchrung pr\u00e4ziser Experimente in Labors und Kalibrierungsr\u00e4umen.<\/li>\n<\/ul>","protected":false},"featured_media":1111,"template":"","meta":[],"product_brand":[],"product_cat":[28],"product_tag":[93],"class_list":{"0":"post-1115","1":"product","2":"type-product","3":"status-publish","4":"has-post-thumbnail","6":"product_cat-ac-power-source","7":"product_tag-benchtop-ac-power","9":"first","10":"instock","11":"shipping-taxable","12":"purchasable","13":"product-type-variable","14":"has-default-attributes"},"_links":{"self":[{"href":"https:\/\/longweielec.com\/de\/wp-json\/wp\/v2\/product\/1115","targetHints":{"allow":["GET"]}}],"collection":[{"href":"https:\/\/longweielec.com\/de\/wp-json\/wp\/v2\/product"}],"about":[{"href":"https:\/\/longweielec.com\/de\/wp-json\/wp\/v2\/types\/product"}],"wp:featuredmedia":[{"embeddable":true,"href":"https:\/\/longweielec.com\/de\/wp-json\/wp\/v2\/media\/1111"}],"wp:attachment":[{"href":"https:\/\/longweielec.com\/de\/wp-json\/wp\/v2\/media?parent=1115"}],"wp:term":[{"taxonomy":"product_brand","embeddable":true,"href":"https:\/\/longweielec.com\/de\/wp-json\/wp\/v2\/product_brand?post=1115"},{"taxonomy":"product_cat","embeddable":true,"href":"https:\/\/longweielec.com\/de\/wp-json\/wp\/v2\/product_cat?post=1115"},{"taxonomy":"product_tag","embeddable":true,"href":"https:\/\/longweielec.com\/de\/wp-json\/wp\/v2\/product_tag?post=1115"}],"curies":[{"name":"wp","href":"https:\/\/api.w.org\/{rel}","templated":true}]}}