{"id":1212,"date":"2022-09-27T23:00:08","date_gmt":"2022-09-27T15:00:08","guid":{"rendered":"https:\/\/longweielec.com\/?post_type=product&#038;p=1212"},"modified":"2025-07-19T22:11:02","modified_gmt":"2025-07-19T14:11:02","slug":"lwg-3040","status":"publish","type":"product","link":"https:\/\/longweielec.com\/de\/product\/lwg-3040","title":{"rendered":"LWG-3040 40MHz Zweikanal-DDS-Signalgenerator"},"content":{"rendered":"<div data-elementor-type=\"section\" data-elementor-id=\"1199\" class=\"elementor elementor-1199\" data-elementor-post-type=\"elementor_library\">\n\t\t\t\t\t<section class=\"elementor-section elementor-top-section elementor-element elementor-element-f6170df elementor-section-full_width elementor-section-height-default elementor-section-height-default\" data-id=\"f6170df\" data-element_type=\"section\">\n\t\t\t\t\t\t<div class=\"elementor-container elementor-column-gap-no\">\n\t\t\t\t\t<div class=\"elementor-column elementor-col-100 elementor-top-column elementor-element elementor-element-67500280\" data-id=\"67500280\" data-element_type=\"column\">\n\t\t\t<div class=\"elementor-widget-wrap elementor-element-populated\">\n\t\t\t\t\t\t<div class=\"elementor-element elementor-element-fb135a6 elementor-widget elementor-widget-image\" data-id=\"fb135a6\" data-element_type=\"widget\" data-widget_type=\"image.default\">\n\t\t\t\t\t\t\t\t\t\t\t\t\t\t\t<img fetchpriority=\"high\" decoding=\"async\" width=\"800\" height=\"661\" src=\"https:\/\/longweielec.com\/wp-content\/uploads\/2022\/09\/1664288531-benchtop-dds-signal-generator-1.jpg\" class=\"attachment-full size-full wp-image-1200\" alt=\"\" srcset=\"\/\/longweielec.com\/wp-content\/uploads\/2022\/09\/1664288531-benchtop-dds-signal-generator-1.jpg 800w, \/\/longweielec.com\/wp-content\/uploads\/2022\/09\/1664288531-benchtop-dds-signal-generator-1-600x496.jpg 600w, \/\/longweielec.com\/wp-content\/uploads\/2022\/09\/1664288531-benchtop-dds-signal-generator-1-300x248.jpg 300w, \/\/longweielec.com\/wp-content\/uploads\/2022\/09\/1664288531-benchtop-dds-signal-generator-1-768x635.jpg 768w\" sizes=\"(max-width: 800px) 100vw, 800px\" \/>\t\t\t\t\t\t\t\t\t\t\t\t\t\t\t<\/div>\n\t\t\t\t<div class=\"elementor-element elementor-element-42b55b1 elementor-widget elementor-widget-image\" data-id=\"42b55b1\" data-element_type=\"widget\" data-widget_type=\"image.default\">\n\t\t\t\t\t\t\t\t\t\t\t\t\t\t\t<img decoding=\"async\" width=\"800\" height=\"900\" src=\"https:\/\/longweielec.com\/wp-content\/uploads\/2022\/09\/1664288568-benchtop-dds-signal-generator-2.jpg\" class=\"attachment-full size-full wp-image-1201\" alt=\"\" srcset=\"\/\/longweielec.com\/wp-content\/uploads\/2022\/09\/1664288568-benchtop-dds-signal-generator-2.jpg 800w, \/\/longweielec.com\/wp-content\/uploads\/2022\/09\/1664288568-benchtop-dds-signal-generator-2-600x675.jpg 600w, \/\/longweielec.com\/wp-content\/uploads\/2022\/09\/1664288568-benchtop-dds-signal-generator-2-267x300.jpg 267w, \/\/longweielec.com\/wp-content\/uploads\/2022\/09\/1664288568-benchtop-dds-signal-generator-2-768x864.jpg 768w\" sizes=\"(max-width: 800px) 100vw, 800px\" \/>\t\t\t\t\t\t\t\t\t\t\t\t\t\t\t<\/div>\n\t\t\t\t<div class=\"elementor-element elementor-element-1ad3082c elementor-widget elementor-widget-image\" data-id=\"1ad3082c\" data-element_type=\"widget\" data-widget_type=\"image.default\">\n\t\t\t\t\t\t\t\t\t\t\t\t\t\t\t<img decoding=\"async\" width=\"800\" height=\"800\" src=\"https:\/\/longweielec.com\/wp-content\/uploads\/2022\/09\/1664288590-benchtop-dds-signal-generator-3.jpg\" class=\"attachment-full size-full wp-image-1202\" alt=\"\" srcset=\"\/\/longweielec.com\/wp-content\/uploads\/2022\/09\/1664288590-benchtop-dds-signal-generator-3.jpg 800w, \/\/longweielec.com\/wp-content\/uploads\/2022\/09\/1664288590-benchtop-dds-signal-generator-3-300x300.jpg 300w, \/\/longweielec.com\/wp-content\/uploads\/2022\/09\/1664288590-benchtop-dds-signal-generator-3-100x100.jpg 100w, \/\/longweielec.com\/wp-content\/uploads\/2022\/09\/1664288590-benchtop-dds-signal-generator-3-600x600.jpg 600w, \/\/longweielec.com\/wp-content\/uploads\/2022\/09\/1664288590-benchtop-dds-signal-generator-3-150x150.jpg 150w, \/\/longweielec.com\/wp-content\/uploads\/2022\/09\/1664288590-benchtop-dds-signal-generator-3-768x768.jpg 768w\" sizes=\"(max-width: 800px) 100vw, 800px\" \/>\t\t\t\t\t\t\t\t\t\t\t\t\t\t\t<\/div>\n\t\t\t\t<div class=\"elementor-element elementor-element-ba8376b elementor-widget elementor-widget-image\" data-id=\"ba8376b\" data-element_type=\"widget\" data-widget_type=\"image.default\">\n\t\t\t\t\t\t\t\t\t\t\t\t\t\t\t<img loading=\"lazy\" decoding=\"async\" width=\"800\" height=\"800\" src=\"https:\/\/longweielec.com\/wp-content\/uploads\/2022\/09\/1664288611-benchtop-dds-signal-generator-4.jpg\" class=\"attachment-full size-full wp-image-1203\" alt=\"\" srcset=\"\/\/longweielec.com\/wp-content\/uploads\/2022\/09\/1664288611-benchtop-dds-signal-generator-4.jpg 800w, \/\/longweielec.com\/wp-content\/uploads\/2022\/09\/1664288611-benchtop-dds-signal-generator-4-300x300.jpg 300w, \/\/longweielec.com\/wp-content\/uploads\/2022\/09\/1664288611-benchtop-dds-signal-generator-4-100x100.jpg 100w, \/\/longweielec.com\/wp-content\/uploads\/2022\/09\/1664288611-benchtop-dds-signal-generator-4-600x600.jpg 600w, \/\/longweielec.com\/wp-content\/uploads\/2022\/09\/1664288611-benchtop-dds-signal-generator-4-150x150.jpg 150w, \/\/longweielec.com\/wp-content\/uploads\/2022\/09\/1664288611-benchtop-dds-signal-generator-4-768x768.jpg 768w\" sizes=\"(max-width: 800px) 100vw, 800px\" \/>\t\t\t\t\t\t\t\t\t\t\t\t\t\t\t<\/div>\n\t\t\t\t<div class=\"elementor-element elementor-element-5420a670 elementor-widget elementor-widget-image\" data-id=\"5420a670\" data-element_type=\"widget\" data-widget_type=\"image.default\">\n\t\t\t\t\t\t\t\t\t\t\t\t\t\t\t<img loading=\"lazy\" decoding=\"async\" width=\"800\" height=\"1300\" src=\"https:\/\/longweielec.com\/wp-content\/uploads\/2022\/09\/1664288642-benchtop-dds-signal-generator-5.jpg\" class=\"attachment-full size-full wp-image-1204\" alt=\"\" srcset=\"\/\/longweielec.com\/wp-content\/uploads\/2022\/09\/1664288642-benchtop-dds-signal-generator-5.jpg 800w, \/\/longweielec.com\/wp-content\/uploads\/2022\/09\/1664288642-benchtop-dds-signal-generator-5-600x975.jpg 600w, \/\/longweielec.com\/wp-content\/uploads\/2022\/09\/1664288642-benchtop-dds-signal-generator-5-185x300.jpg 185w, \/\/longweielec.com\/wp-content\/uploads\/2022\/09\/1664288642-benchtop-dds-signal-generator-5-630x1024.jpg 630w, \/\/longweielec.com\/wp-content\/uploads\/2022\/09\/1664288642-benchtop-dds-signal-generator-5-768x1248.jpg 768w\" sizes=\"(max-width: 800px) 100vw, 800px\" \/>\t\t\t\t\t\t\t\t\t\t\t\t\t\t\t<\/div>\n\t\t\t\t<div class=\"elementor-element elementor-element-2be69ad3 elementor-widget elementor-widget-image\" data-id=\"2be69ad3\" data-element_type=\"widget\" data-widget_type=\"image.default\">\n\t\t\t\t\t\t\t\t\t\t\t\t\t\t\t<img loading=\"lazy\" decoding=\"async\" width=\"800\" height=\"800\" src=\"https:\/\/longweielec.com\/wp-content\/uploads\/2022\/09\/1664288663-benchtop-dds-signal-generator-6.jpg\" class=\"attachment-large size-large wp-image-1205\" alt=\"\" srcset=\"\/\/longweielec.com\/wp-content\/uploads\/2022\/09\/1664288663-benchtop-dds-signal-generator-6.jpg 800w, \/\/longweielec.com\/wp-content\/uploads\/2022\/09\/1664288663-benchtop-dds-signal-generator-6-300x300.jpg 300w, \/\/longweielec.com\/wp-content\/uploads\/2022\/09\/1664288663-benchtop-dds-signal-generator-6-100x100.jpg 100w, \/\/longweielec.com\/wp-content\/uploads\/2022\/09\/1664288663-benchtop-dds-signal-generator-6-600x600.jpg 600w, \/\/longweielec.com\/wp-content\/uploads\/2022\/09\/1664288663-benchtop-dds-signal-generator-6-150x150.jpg 150w, \/\/longweielec.com\/wp-content\/uploads\/2022\/09\/1664288663-benchtop-dds-signal-generator-6-768x768.jpg 768w\" sizes=\"(max-width: 800px) 100vw, 800px\" \/>\t\t\t\t\t\t\t\t\t\t\t\t\t\t\t<\/div>\n\t\t\t\t<div class=\"elementor-element elementor-element-1ded4ccf elementor-widget elementor-widget-image\" data-id=\"1ded4ccf\" data-element_type=\"widget\" data-widget_type=\"image.default\">\n\t\t\t\t\t\t\t\t\t\t\t\t\t\t\t<img loading=\"lazy\" decoding=\"async\" width=\"800\" height=\"800\" src=\"https:\/\/longweielec.com\/wp-content\/uploads\/2022\/09\/1664288686-benchtop-dds-signal-generator-7.jpg\" class=\"attachment-full size-full wp-image-1206\" alt=\"\" srcset=\"\/\/longweielec.com\/wp-content\/uploads\/2022\/09\/1664288686-benchtop-dds-signal-generator-7.jpg 800w, \/\/longweielec.com\/wp-content\/uploads\/2022\/09\/1664288686-benchtop-dds-signal-generator-7-300x300.jpg 300w, \/\/longweielec.com\/wp-content\/uploads\/2022\/09\/1664288686-benchtop-dds-signal-generator-7-100x100.jpg 100w, \/\/longweielec.com\/wp-content\/uploads\/2022\/09\/1664288686-benchtop-dds-signal-generator-7-600x600.jpg 600w, \/\/longweielec.com\/wp-content\/uploads\/2022\/09\/1664288686-benchtop-dds-signal-generator-7-150x150.jpg 150w, \/\/longweielec.com\/wp-content\/uploads\/2022\/09\/1664288686-benchtop-dds-signal-generator-7-768x768.jpg 768w\" sizes=\"(max-width: 800px) 100vw, 800px\" \/>\t\t\t\t\t\t\t\t\t\t\t\t\t\t\t<\/div>\n\t\t\t\t\t<\/div>\n\t\t<\/div>\n\t\t\t\t\t<\/div>\n\t\t<\/section>\n\t\t\t\t<\/div>","protected":false},"excerpt":{"rendered":"<ul>\n<li><strong>Hochfrequenz-Pr\u00e4zision:<\/strong>\u00a0Bietet eine Frequenzgenauigkeit von bis zu 10^-4 f\u00fcr verl\u00e4ssliche Ergebnisse.<\/li>\n<li><strong>Feine Frequenzaufl\u00f6sung:<\/strong>\u00a0Die Aufl\u00f6sung von 20mHz erm\u00f6glicht eine pr\u00e4zise Frequenzeinstellung \u00fcber den gesamten Bereich.<\/li>\n<li><strong>Pr\u00e4zise Wellenformausgabe:<\/strong>\u00a0Die Wellenformen werden aus Funktionsberechnungen synthetisiert, was eine geringe Verzerrung und hohe Wiedergabetreue gew\u00e4hrleistet.<\/li>\n<li><strong>Diverse Wellenformen erzeugen:<\/strong>\u00a0Kann 32 verschiedene Wellenformen erzeugen, um verschiedenen Testanforderungen gerecht zu werden.<\/li>\n<li><strong>Einstellbare Impulscharakteristik:<\/strong>\u00a0Erm\u00f6glicht die pr\u00e4zise Anpassung von Impulsbreite und Tastverh\u00e4ltnis.<\/li>\n<li><strong>Oberschwingungssignal-Ausgang:<\/strong>\u00a0Erzeugt sowohl Grund- als auch Obertonsignale mit einstellbarer Phase.<\/li>\n<li><strong>Flexible Scanning-Funktionen:<\/strong>\u00a0Unterst\u00fctzt anpassbare Frequenz- und Amplitudenscans mit benutzerdefinierten Start- und Stopppunkten.<\/li>\n<li><strong>Modulationsf\u00e4higkeiten:<\/strong>\u00a0Kann frequenzmodulierte (FM) Signale f\u00fcr verschiedene Anwendungen erzeugen.<\/li>\n<li><strong>Unterst\u00fctzung f\u00fcr Keying-Signale:<\/strong>\u00a0Ausg\u00e4nge Frequenzumtastung (FSK), Amplitudenumtastung (ASK) und Phasenumtastung (PSK).<\/li>\n<li><strong>Erzeugung von Burst-Signalen:<\/strong>\u00a0Kann Burst-Impulsfolgensignale f\u00fcr gezielte Testaktivit\u00e4ten erzeugen.<\/li>\n<li><strong>Benutzerfreundliche Bedienelemente:<\/strong>\u00a0Bedienung \u00fcber alle Tasten mit zweisprachigen Men\u00fcs (Englisch\/Chinesisch) und Optionen f\u00fcr numerische Eingaben oder Drehknopfeinstellungen.<\/li>\n<li><strong>Robuste Schutzfunktionen:<\/strong>\u00a0Enth\u00e4lt einen \u00dcberspannungs-, \u00dcberstrom-, Kurzschluss- und Verpolungsschutz, um einen sicheren Betrieb zu gew\u00e4hrleisten.<\/li>\n<li><strong>Optionale Frequenzmessung:<\/strong>\u00a0Erweiterbar mit einem Frequenzz\u00e4hler zur Messung interner und externer Signale.<\/li>\n<li><strong>Option Leistungsverst\u00e4rkung:<\/strong>\u00a0Der verf\u00fcgbare Leistungsverst\u00e4rker erh\u00f6ht die Leistung auf bis zu 7 W f\u00fcr Anwendungen mit hohem Bedarf.<\/li>\n<li><strong>Programmierbare Steuerungsschnittstelle:<\/strong>\u00a0Optionale RS232-Schnittstelle f\u00fcr verbesserte Programmierbarkeit und Kontrolle.<\/li>\n<\/ul>","protected":false},"featured_media":1189,"template":"","meta":[],"product_brand":[],"product_cat":[30],"product_tag":[97],"class_list":{"0":"post-1212","1":"product","2":"type-product","3":"status-publish","4":"has-post-thumbnail","6":"product_cat-signal-generator","7":"product_tag-dds-generator","9":"first","10":"instock","11":"shipping-taxable","12":"purchasable","13":"product-type-variable","14":"has-default-attributes"},"_links":{"self":[{"href":"https:\/\/longweielec.com\/de\/wp-json\/wp\/v2\/product\/1212","targetHints":{"allow":["GET"]}}],"collection":[{"href":"https:\/\/longweielec.com\/de\/wp-json\/wp\/v2\/product"}],"about":[{"href":"https:\/\/longweielec.com\/de\/wp-json\/wp\/v2\/types\/product"}],"wp:featuredmedia":[{"embeddable":true,"href":"https:\/\/longweielec.com\/de\/wp-json\/wp\/v2\/media\/1189"}],"wp:attachment":[{"href":"https:\/\/longweielec.com\/de\/wp-json\/wp\/v2\/media?parent=1212"}],"wp:term":[{"taxonomy":"product_brand","embeddable":true,"href":"https:\/\/longweielec.com\/de\/wp-json\/wp\/v2\/product_brand?post=1212"},{"taxonomy":"product_cat","embeddable":true,"href":"https:\/\/longweielec.com\/de\/wp-json\/wp\/v2\/product_cat?post=1212"},{"taxonomy":"product_tag","embeddable":true,"href":"https:\/\/longweielec.com\/de\/wp-json\/wp\/v2\/product_tag?post=1212"}],"curies":[{"name":"wp","href":"https:\/\/api.w.org\/{rel}","templated":true}]}}