{"id":1264,"date":"2022-10-08T11:07:04","date_gmt":"2022-10-08T03:07:04","guid":{"rendered":"https:\/\/longweielec.com\/?post_type=product&#038;p=1264"},"modified":"2025-07-19T22:11:04","modified_gmt":"2025-07-19T14:11:04","slug":"lw-7120","status":"publish","type":"product","link":"https:\/\/longweielec.com\/de\/product\/lw-7120","title":{"rendered":"LW-7120 Programmierbarer AC\/DC-Hipot-Tester"},"content":{"rendered":"","protected":false},"excerpt":{"rendered":"<ul>\n<li><strong>Kompakt und leicht<\/strong>: Ultra-kleine Gr\u00f6\u00dfe f\u00fcr einfache Portabilit\u00e4t.<\/li>\n<li><strong>Benutzerfreundlicher Betrieb<\/strong>: Einfache Steuerung mit Tastatursperrfunktion.<\/li>\n<li><strong>5 programmierbare Speichereinstellungen<\/strong>: Jede Gruppe erm\u00f6glicht die Auswahl aus vier Arbeitsmodi.<\/li>\n<li><strong>Klares LCD-Display<\/strong>: Sofortiger Einblick in den Teststatus und die Ergebnisse.<\/li>\n<li><strong>Zeitgesteuerte Spannungsrampe<\/strong>: Stufenweiser Spannungsanstieg f\u00fcr die Echtzeit-Durchbruchanalyse.<\/li>\n<li><strong>Einstellbare Stromgrenzwerte<\/strong>: Intelligentes Alarmsystem f\u00fcr hohe und niedrige Stromeinstellungen.<\/li>\n<li><strong>Lichtbogen-Erkennungsfunktionalit\u00e4t<\/strong>: 1-9 Grad-Erkennung f\u00fcr eine genaue Identifizierung des Lichtbogens.<\/li>\n<li><strong>Schnittstelle zur PLC-Fernsteuerung<\/strong>: Erm\u00f6glicht die Fernsteuerung und -\u00fcberwachung.<\/li>\n<li><\/li>\n<\/ul>","protected":false},"featured_media":1252,"template":"","meta":[],"product_brand":[],"product_cat":[31],"product_tag":[99],"class_list":{"0":"post-1264","1":"product","2":"type-product","3":"status-publish","4":"has-post-thumbnail","6":"product_cat-safety-tester","7":"product_tag-hipot-tester","9":"first","10":"instock","11":"shipping-taxable","12":"purchasable","13":"product-type-variable","14":"has-default-attributes"},"_links":{"self":[{"href":"https:\/\/longweielec.com\/de\/wp-json\/wp\/v2\/product\/1264","targetHints":{"allow":["GET"]}}],"collection":[{"href":"https:\/\/longweielec.com\/de\/wp-json\/wp\/v2\/product"}],"about":[{"href":"https:\/\/longweielec.com\/de\/wp-json\/wp\/v2\/types\/product"}],"wp:featuredmedia":[{"embeddable":true,"href":"https:\/\/longweielec.com\/de\/wp-json\/wp\/v2\/media\/1252"}],"wp:attachment":[{"href":"https:\/\/longweielec.com\/de\/wp-json\/wp\/v2\/media?parent=1264"}],"wp:term":[{"taxonomy":"product_brand","embeddable":true,"href":"https:\/\/longweielec.com\/de\/wp-json\/wp\/v2\/product_brand?post=1264"},{"taxonomy":"product_cat","embeddable":true,"href":"https:\/\/longweielec.com\/de\/wp-json\/wp\/v2\/product_cat?post=1264"},{"taxonomy":"product_tag","embeddable":true,"href":"https:\/\/longweielec.com\/de\/wp-json\/wp\/v2\/product_tag?post=1264"}],"curies":[{"name":"wp","href":"https:\/\/api.w.org\/{rel}","templated":true}]}}