{"id":1337,"date":"2022-10-10T11:52:54","date_gmt":"2022-10-10T03:52:54","guid":{"rendered":"https:\/\/longweielec.com\/?post_type=product&#038;p=1337"},"modified":"2025-07-19T22:11:03","modified_gmt":"2025-07-19T14:11:03","slug":"lw-7142","status":"publish","type":"product","link":"https:\/\/longweielec.com\/de\/product\/lw-7142","title":{"rendered":"LW-7142 AC5KV DC6KV IR1KV Programmierbare Pr\u00e4zisions-AC\/DC-Hipot-Isolationstester"},"content":{"rendered":"","protected":false},"excerpt":{"rendered":"<ul>\n<li><strong>Kompakt &amp; Leichtgewichtig<\/strong>: Ultrakleine Gr\u00f6\u00dfe und leichtes Design f\u00fcr einfache Portabilit\u00e4t.<\/li>\n<li><strong>Benutzerfreundlicher Betrieb<\/strong>: Einfach zu bedienen mit einer Tastatursperre f\u00fcr zus\u00e4tzliche Sicherheit.<\/li>\n<li><strong>Speichereinstellungen<\/strong>: Speichert bis zu 10 S\u00e4tze von Konfigurationen, jede mit 4 Arbeitsmodi und 3 Schritten.<\/li>\n<li><strong>Klares Display<\/strong>: 128\u00d764 Punktmatrix-LCD zur einfachen Anzeige von Teststatus und Ergebnissen.<\/li>\n<li><strong>Allm\u00e4hlicher Spannungsanstieg<\/strong>: Spannungsanstieg in einem zeitlichen Verlauf f\u00fcr die Echtzeitanalyse von Durchbruchspunkten.<\/li>\n<li><strong>Sicherheitsmerkmale<\/strong>: Ausgestattet mit einem umfassenden Isolationsschutz f\u00fcr die Sicherheit des Benutzers.<\/li>\n<li><strong>Einstellbare Stromgrenzwerte<\/strong>: Legen Sie obere und untere Stromgrenzen mit intelligenten Alarmbenachrichtigungen fest.<\/li>\n<li><strong>Lichtbogen-Erkennung<\/strong>: Detektiert Lichtb\u00f6gen mit 9 einstellbaren Stufen f\u00fcr eine verbesserte Sicherheits\u00fcberwachung.<\/li>\n<li><strong>Schnittstelle f\u00fcr Fernsteuerung<\/strong>: Enth\u00e4lt eine SPS-Steuerungsschnittstelle, die als Option erh\u00e4ltlich ist.<\/li>\n<\/ul>","protected":false},"featured_media":1340,"template":"","meta":[],"product_brand":[],"product_cat":[31],"product_tag":[99],"class_list":{"0":"post-1337","1":"product","2":"type-product","3":"status-publish","4":"has-post-thumbnail","6":"product_cat-safety-tester","7":"product_tag-hipot-tester","9":"first","10":"instock","11":"shipping-taxable","12":"purchasable","13":"product-type-variable","14":"has-default-attributes"},"_links":{"self":[{"href":"https:\/\/longweielec.com\/de\/wp-json\/wp\/v2\/product\/1337","targetHints":{"allow":["GET"]}}],"collection":[{"href":"https:\/\/longweielec.com\/de\/wp-json\/wp\/v2\/product"}],"about":[{"href":"https:\/\/longweielec.com\/de\/wp-json\/wp\/v2\/types\/product"}],"wp:featuredmedia":[{"embeddable":true,"href":"https:\/\/longweielec.com\/de\/wp-json\/wp\/v2\/media\/1340"}],"wp:attachment":[{"href":"https:\/\/longweielec.com\/de\/wp-json\/wp\/v2\/media?parent=1337"}],"wp:term":[{"taxonomy":"product_brand","embeddable":true,"href":"https:\/\/longweielec.com\/de\/wp-json\/wp\/v2\/product_brand?post=1337"},{"taxonomy":"product_cat","embeddable":true,"href":"https:\/\/longweielec.com\/de\/wp-json\/wp\/v2\/product_cat?post=1337"},{"taxonomy":"product_tag","embeddable":true,"href":"https:\/\/longweielec.com\/de\/wp-json\/wp\/v2\/product_tag?post=1337"}],"curies":[{"name":"wp","href":"https:\/\/api.w.org\/{rel}","templated":true}]}}