{"id":1352,"date":"2022-10-10T23:59:09","date_gmt":"2022-10-10T15:59:09","guid":{"rendered":"https:\/\/longweielec.com\/?post_type=product&#038;p=1352"},"modified":"2025-07-19T22:11:07","modified_gmt":"2025-07-19T14:11:07","slug":"lw-3310","status":"publish","type":"product","link":"https:\/\/longweielec.com\/de\/product\/lw-3310","title":{"rendered":"LW-3310 128 Pins Duan-End Testkabel Tester"},"content":{"rendered":"","protected":false},"excerpt":{"rendered":"<ul>\n<li><strong>Intelligente Urteilsfindungstechnologie<\/strong>: Sorgt f\u00fcr schnelle Testgeschwindigkeiten und genaue Messungen.<\/li>\n<li><strong>Umfassende Tests<\/strong>: Erkennt Kurzschl\u00fcsse\/unterbrochene Stromkreise, Fehlverdrahtungen und sofortige Fehler mit der F\u00e4higkeit, zwei Enden zu testen.<\/li>\n<li><strong>Maximale Punkte<\/strong>: Unterst\u00fctzt bis zu 128 Testpunkte f\u00fcr eine gr\u00fcndliche Inspektion.<\/li>\n<li><strong>Klares LCD-Display<\/strong>: Helle, gro\u00dfformatige LCD-Anzeige f\u00fcr einfache Ablesbarkeit von Einstellungen und Ergebnissen.<\/li>\n<li><strong>Akustische und visuelle Warnungen<\/strong>: Die Testergebnisse werden durch akustische und visuelle Benachrichtigungen begleitet.<\/li>\n<li><strong>Reaktionsf\u00e4hige Touch-Schaltfl\u00e4chen<\/strong>: W\u00e4rmeempfindliche Tasten erm\u00f6glichen eine schnelle und feinf\u00fchlige Bedienung.<\/li>\n<\/ul>","protected":false},"featured_media":1355,"template":"","meta":[],"product_brand":[],"product_cat":[31],"product_tag":[101],"class_list":{"0":"post-1352","1":"product","2":"type-product","3":"status-publish","4":"has-post-thumbnail","6":"product_cat-safety-tester","7":"product_tag-cable-tester","9":"first","10":"instock","11":"shipping-taxable","12":"purchasable","13":"product-type-variable","14":"has-default-attributes"},"_links":{"self":[{"href":"https:\/\/longweielec.com\/de\/wp-json\/wp\/v2\/product\/1352","targetHints":{"allow":["GET"]}}],"collection":[{"href":"https:\/\/longweielec.com\/de\/wp-json\/wp\/v2\/product"}],"about":[{"href":"https:\/\/longweielec.com\/de\/wp-json\/wp\/v2\/types\/product"}],"wp:featuredmedia":[{"embeddable":true,"href":"https:\/\/longweielec.com\/de\/wp-json\/wp\/v2\/media\/1355"}],"wp:attachment":[{"href":"https:\/\/longweielec.com\/de\/wp-json\/wp\/v2\/media?parent=1352"}],"wp:term":[{"taxonomy":"product_brand","embeddable":true,"href":"https:\/\/longweielec.com\/de\/wp-json\/wp\/v2\/product_brand?post=1352"},{"taxonomy":"product_cat","embeddable":true,"href":"https:\/\/longweielec.com\/de\/wp-json\/wp\/v2\/product_cat?post=1352"},{"taxonomy":"product_tag","embeddable":true,"href":"https:\/\/longweielec.com\/de\/wp-json\/wp\/v2\/product_tag?post=1352"}],"curies":[{"name":"wp","href":"https:\/\/api.w.org\/{rel}","templated":true}]}}