{"id":1393,"date":"2022-10-12T00:47:17","date_gmt":"2022-10-11T16:47:17","guid":{"rendered":"https:\/\/longweielec.com\/?post_type=product&#038;p=1393"},"modified":"2025-07-19T22:14:05","modified_gmt":"2025-07-19T14:14:05","slug":"tfc-2700l","status":"publish","type":"product","link":"https:\/\/longweielec.com\/de\/product\/tfc-2700l","title":{"rendered":"TFC-2700L Multifunktionaler 2.7GHz Frequenzz\u00e4hler"},"content":{"rendered":"","protected":false},"excerpt":{"rendered":"<ul>\n<li><strong>Innovatives Design<\/strong>: Schlank und leicht f\u00fcr eine einfache Handhabung.<\/li>\n<li><strong>Kumulative Messung<\/strong>: Unterst\u00fctzt die kumulative Messung von Zyklen f\u00fcr eine genaue Datenverfolgung.<\/li>\n<li><strong>Frequenzbereich<\/strong>: Misst Eingangsfrequenzen von 10Hz bis 2,7GHz.<\/li>\n<li><strong>Hohe Empfindlichkeit<\/strong>: Erzielt eine Eingangsempfindlichkeit von 20 mVrms.<\/li>\n<li><strong>LED-Anzeige<\/strong>: Acht helle LED-Fenster, die die Zeichen 0 bis 9 gleichzeitig in einem zyklischen Format anzeigen.<\/li>\n<li><strong>Selbsttest-Funktion<\/strong>: Verf\u00fcgt \u00fcber einen eingebauten Selbsttest f\u00fcr Zuverl\u00e4ssigkeit.<\/li>\n<li><strong>Ausgezeichnete Stabilit\u00e4t<\/strong>: Bietet eine Stabilit\u00e4t von \u00b13 \u00d7 10-\u2079 Sekunden f\u00fcr pr\u00e4zise Messungen.<\/li>\n<li><\/li>\n<\/ul>","protected":false},"featured_media":1387,"template":"","meta":[],"product_brand":[],"product_cat":[23],"product_tag":[104],"class_list":{"0":"post-1393","1":"product","2":"type-product","3":"status-publish","4":"has-post-thumbnail","6":"product_cat-uncategorized","7":"product_tag-frequency-counter","9":"first","10":"instock","11":"shipping-taxable","12":"purchasable","13":"product-type-variable","14":"has-default-attributes"},"_links":{"self":[{"href":"https:\/\/longweielec.com\/de\/wp-json\/wp\/v2\/product\/1393","targetHints":{"allow":["GET"]}}],"collection":[{"href":"https:\/\/longweielec.com\/de\/wp-json\/wp\/v2\/product"}],"about":[{"href":"https:\/\/longweielec.com\/de\/wp-json\/wp\/v2\/types\/product"}],"wp:featuredmedia":[{"embeddable":true,"href":"https:\/\/longweielec.com\/de\/wp-json\/wp\/v2\/media\/1387"}],"wp:attachment":[{"href":"https:\/\/longweielec.com\/de\/wp-json\/wp\/v2\/media?parent=1393"}],"wp:term":[{"taxonomy":"product_brand","embeddable":true,"href":"https:\/\/longweielec.com\/de\/wp-json\/wp\/v2\/product_brand?post=1393"},{"taxonomy":"product_cat","embeddable":true,"href":"https:\/\/longweielec.com\/de\/wp-json\/wp\/v2\/product_cat?post=1393"},{"taxonomy":"product_tag","embeddable":true,"href":"https:\/\/longweielec.com\/de\/wp-json\/wp\/v2\/product_tag?post=1393"}],"curies":[{"name":"wp","href":"https:\/\/api.w.org\/{rel}","templated":true}]}}