{"id":1438,"date":"2022-10-18T00:44:20","date_gmt":"2022-10-17T16:44:20","guid":{"rendered":"https:\/\/longweielec.com\/?post_type=product&#038;p=1438"},"modified":"2025-07-19T22:17:06","modified_gmt":"2025-07-19T14:17:06","slug":"lw-60","status":"publish","type":"product","link":"https:\/\/longweielec.com\/de\/product\/lw-60","title":{"rendered":"LW-60 60W bleifreie ESD sichere High-End Smart L\u00f6tstation"},"content":{"rendered":"","protected":false},"excerpt":{"rendered":"<ul>\n<li><strong>Gro\u00dfes LCD-Display<\/strong>: Ein beleuchteter Bildschirm sorgt f\u00fcr gute Sichtbarkeit und benutzerfreundliche Interaktion.<\/li>\n<li><strong>Men\u00fc Bedienung<\/strong>: Schneller Zugriff auf die Temperatur mit drei programmierbaren Tasten f\u00fcr den schnellen Wechsel zwischen h\u00e4ufig verwendeten Einstellungen.<\/li>\n<li><strong>Schlafmodus<\/strong>: Automatische Standby- und Abschaltfunktionen erh\u00f6hen die Sicherheit und verl\u00e4ngern die Lebensdauer des Ger\u00e4ts.<\/li>\n<li><strong>Temperatursperre<\/strong>: Sie k\u00f6nnen Nutzungsrechte festlegen, um die Prozesskontrolle zu erleichtern und unbefugte \u00c4nderungen zu verhindern.<\/li>\n<li><strong>Stromverbrauchsmonitor<\/strong>: Visuelle Anzeige des Stromverbrauchs w\u00e4hrend des Betriebs zur besseren Verfolgung der Effizienz.<\/li>\n<li><strong>Intelligente Temperaturkompensation<\/strong>: Sorgt f\u00fcr eine stabile Temperatur w\u00e4hrend des Betriebs f\u00fcr eine gleichbleibende Leistung.<\/li>\n<li><strong>Software-Kalibrierung<\/strong>: Beh\u00e4lt die Temperaturgenauigkeit bei, die mit den Werkseinstellungen vergleichbar ist, auch nach l\u00e4ngerem Gebrauch.<\/li>\n<li><strong>Niederspannungs-Heizelement<\/strong>: Vollst\u00e4ndige Isolierung des Stromnetzes, um sichere L\u00f6tarbeiten zu gew\u00e4hrleisten.<\/li>\n<li><strong>Hochwertige L\u00f6tspitze<\/strong>: Verwendet abnehmbare Spitzen der Serie 900M f\u00fcr geringere Austauschkosten und effektives Heizen.<\/li>\n<li><strong>Platzsparendes Design<\/strong>: Separate L\u00f6tkolbenhalterung und Haupteinheit f\u00fcr einfache Platzierung und Organisation.<\/li>\n<li><strong>Transformator aus Kupfer<\/strong>: Garantiert eine ausreichende Leistungsabgabe f\u00fcr einen langen Hochleistungsbetrieb.<\/li>\n<li><strong>Flexible Temperatureinheiten<\/strong>: Wechseln Sie bei Bedarf einfach zwischen Celsius (\u00b0C) und Fahrenheit (\u00b0F).<\/li>\n<\/ul>","protected":false},"featured_media":1435,"template":"","meta":[],"product_brand":[],"product_cat":[34],"product_tag":[106],"class_list":{"0":"post-1438","1":"product","2":"type-product","3":"status-publish","4":"has-post-thumbnail","6":"product_cat-soldering-station","7":"product_tag-soldering-station","9":"first","10":"instock","11":"shipping-taxable","12":"purchasable","13":"product-type-variable","14":"has-default-attributes"},"_links":{"self":[{"href":"https:\/\/longweielec.com\/de\/wp-json\/wp\/v2\/product\/1438","targetHints":{"allow":["GET"]}}],"collection":[{"href":"https:\/\/longweielec.com\/de\/wp-json\/wp\/v2\/product"}],"about":[{"href":"https:\/\/longweielec.com\/de\/wp-json\/wp\/v2\/types\/product"}],"wp:featuredmedia":[{"embeddable":true,"href":"https:\/\/longweielec.com\/de\/wp-json\/wp\/v2\/media\/1435"}],"wp:attachment":[{"href":"https:\/\/longweielec.com\/de\/wp-json\/wp\/v2\/media?parent=1438"}],"wp:term":[{"taxonomy":"product_brand","embeddable":true,"href":"https:\/\/longweielec.com\/de\/wp-json\/wp\/v2\/product_brand?post=1438"},{"taxonomy":"product_cat","embeddable":true,"href":"https:\/\/longweielec.com\/de\/wp-json\/wp\/v2\/product_cat?post=1438"},{"taxonomy":"product_tag","embeddable":true,"href":"https:\/\/longweielec.com\/de\/wp-json\/wp\/v2\/product_tag?post=1438"}],"curies":[{"name":"wp","href":"https:\/\/api.w.org\/{rel}","templated":true}]}}