{"id":3006,"date":"2024-11-29T10:56:17","date_gmt":"2024-11-29T02:56:17","guid":{"rendered":"https:\/\/longweielec.com\/?post_type=product&#038;p=3006"},"modified":"2025-07-19T22:17:06","modified_gmt":"2025-07-19T14:17:06","slug":"lw-315dh","status":"publish","type":"product","link":"https:\/\/longweielec.com\/de\/product\/lw-315dh","title":{"rendered":"LW-315DH 150W bleifreie ESD-Hochleistungs-L\u00f6tstation"},"content":{"rendered":"","protected":false},"excerpt":{"rendered":"<ul>\n<li class=\"translation-block\"><strong>Hochfrequenz-Induktionserw\u00e4rmung<\/strong>: Leistungsstarke 150 W mit einer L\u00f6tkolbenspitze mit gro\u00dfem Griff erf\u00fcllen die Anforderungen der Industrie an das Schwei\u00dfen.<\/li>\n<li class=\"translation-block\"><strong>Schneller Zugriff auf die Temperatur<\/strong>: Drei programmierbare Hotkeys erm\u00f6glichen es dem Benutzer, schnell zwischen h\u00e4ufig verwendeten Temperaturen zu wechseln.<\/li>\n<li class=\"translation-block\"><strong>Sleep- und Sicherheitsfunktionen<\/strong>: Automatische Standby- und Abschaltfunktionen sch\u00fctzen die Sicherheit des Benutzers und verl\u00e4ngern die Lebensdauer des Ger\u00e4ts.<\/li>\n<li class=\"translation-block\"><strong>Stromverbrauchsanzeige<\/strong>: Der simulierte Stromverbrauchsbalken zeigt den Energieverbrauch im Betrieb in Echtzeit an und erm\u00f6glicht so eine fundierte \u00dcberwachung.<\/li>\n<li class=\"translation-block\"><strong>Smarte MCU-Temperaturregelung<\/strong>: Die schnelle Temperaturkompensation sorgt f\u00fcr konstante Arbeitstemperaturen w\u00e4hrend des Betriebs.<\/li>\n<li class=\"translation-block\"><strong>Digitale Temperaturkalibrierung<\/strong>: Die Softwarekalibrierung erh\u00e4lt die Genauigkeit im Laufe der Zeit und sorgt f\u00fcr eine Temperaturkonstanz, die den Werkseinstellungen entspricht.<\/li>\n<li class=\"translation-block\"><strong>Niederspannungs-Heizelement<\/strong>: Vollst\u00e4ndig vom Stromnetz isoliert, um einen sicheren L\u00f6tvorgang zu gew\u00e4hrleisten.<\/li>\n<li class=\"translation-block\"><strong>Hochwertiges L\u00f6tspitzendesign<\/strong>: Importierte L\u00f6tspitzen mit trennbarem Heizkern reduzieren effektiv die Kosten f\u00fcr den Austausch von Verbrauchsmaterialien.<\/li>\n<li class=\"translation-block\"><strong>Zuverl\u00e4ssige Stromversorgung<\/strong>: Der reine Kupfertransformator garantiert eine ausreichende Ausgangsleistung f\u00fcr einen langen Hochleistungsbetrieb.<\/li>\n<li class=\"translation-block\"><strong>Flexible Temperatureinheiten<\/strong>: Einfaches Umschalten zwischen Celsius (\u00b0C) und Fahrenheit (\u00b0F) je nach Benutzerpr\u00e4ferenz.<\/li>\n<\/ul>","protected":false},"featured_media":3009,"template":"","meta":[],"product_brand":[],"product_cat":[34],"product_tag":[106],"class_list":{"0":"post-3006","1":"product","2":"type-product","3":"status-publish","4":"has-post-thumbnail","6":"product_cat-soldering-station","7":"product_tag-soldering-station","9":"first","10":"instock","11":"shipping-taxable","12":"purchasable","13":"product-type-variable","14":"has-default-attributes"},"_links":{"self":[{"href":"https:\/\/longweielec.com\/de\/wp-json\/wp\/v2\/product\/3006","targetHints":{"allow":["GET"]}}],"collection":[{"href":"https:\/\/longweielec.com\/de\/wp-json\/wp\/v2\/product"}],"about":[{"href":"https:\/\/longweielec.com\/de\/wp-json\/wp\/v2\/types\/product"}],"wp:featuredmedia":[{"embeddable":true,"href":"https:\/\/longweielec.com\/de\/wp-json\/wp\/v2\/media\/3009"}],"wp:attachment":[{"href":"https:\/\/longweielec.com\/de\/wp-json\/wp\/v2\/media?parent=3006"}],"wp:term":[{"taxonomy":"product_brand","embeddable":true,"href":"https:\/\/longweielec.com\/de\/wp-json\/wp\/v2\/product_brand?post=3006"},{"taxonomy":"product_cat","embeddable":true,"href":"https:\/\/longweielec.com\/de\/wp-json\/wp\/v2\/product_cat?post=3006"},{"taxonomy":"product_tag","embeddable":true,"href":"https:\/\/longweielec.com\/de\/wp-json\/wp\/v2\/product_tag?post=3006"}],"curies":[{"name":"wp","href":"https:\/\/api.w.org\/{rel}","templated":true}]}}