{"id":3012,"date":"2024-11-29T12:05:47","date_gmt":"2024-11-29T04:05:47","guid":{"rendered":"https:\/\/longweielec.com\/?post_type=product&#038;p=3012"},"modified":"2025-07-19T22:17:06","modified_gmt":"2025-07-19T14:17:06","slug":"lw-858d","status":"publish","type":"product","link":"https:\/\/longweielec.com\/de\/product\/lw-858d","title":{"rendered":"LW-858D+ Aufger\u00fcstete bleifreie ESD-Hei\u00dfluft-Entl\u00f6tstation"},"content":{"rendered":"","protected":false},"excerpt":{"rendered":"<ul>\n<li class=\"translation-block\"><strong>LED-Digitalanzeige<\/strong>: Mit der \u00fcbersichtlichen LED-Digitalanzeige k\u00f6nnen Sie ganz einfach Parameter einstellen und \u00fcberwachen.<\/li>\n<li class=\"translation-block\"><strong>Eingebauter Schlafsensor<\/strong>: Der ergonomisch geformte Griff verf\u00fcgt \u00fcber einen Schlafmodus, um Energie zu sparen, wenn er nicht benutzt wird.<\/li>\n<li class=\"translation-block\"><strong>Software-Temperaturkontrolle<\/strong>: Die automatische Temperaturkompensation sorgt f\u00fcr einen stabilen Betrieb und eine gleichm\u00e4\u00dfige Heizleistung.<\/li>\n<li class=\"translation-block\"><strong>Einstellbare Luftstromsteuerung<\/strong>: Der Drehknopf erm\u00f6glicht eine pr\u00e4zise Einstellung des Luftstroms, der f\u00fcr die Genauigkeit digital angezeigt wird.<\/li>\n<li class=\"translation-block\"><strong>Benutzerfreundliche Temperatureinstellungen<\/strong>: Drei programmierbare Tasten erm\u00f6glichen eine schnelle Temperatureinstellung und einen einfachen Zugriff auf Voreinstellungen.<\/li>\n<li class=\"translation-block\"><strong>Einzigartige Cool Air Funktion<\/strong>: Innovative Funktion zur schnellen K\u00fchlung der ausgel\u00f6teten Komponenten, die die Effizienz erh\u00f6ht.<\/li>\n<\/ul>","protected":false},"featured_media":3015,"template":"","meta":[],"product_brand":[],"product_cat":[34],"product_tag":[106],"class_list":{"0":"post-3012","1":"product","2":"type-product","3":"status-publish","4":"has-post-thumbnail","6":"product_cat-soldering-station","7":"product_tag-soldering-station","9":"first","10":"instock","11":"shipping-taxable","12":"purchasable","13":"product-type-variable","14":"has-default-attributes"},"_links":{"self":[{"href":"https:\/\/longweielec.com\/de\/wp-json\/wp\/v2\/product\/3012","targetHints":{"allow":["GET"]}}],"collection":[{"href":"https:\/\/longweielec.com\/de\/wp-json\/wp\/v2\/product"}],"about":[{"href":"https:\/\/longweielec.com\/de\/wp-json\/wp\/v2\/types\/product"}],"wp:featuredmedia":[{"embeddable":true,"href":"https:\/\/longweielec.com\/de\/wp-json\/wp\/v2\/media\/3015"}],"wp:attachment":[{"href":"https:\/\/longweielec.com\/de\/wp-json\/wp\/v2\/media?parent=3012"}],"wp:term":[{"taxonomy":"product_brand","embeddable":true,"href":"https:\/\/longweielec.com\/de\/wp-json\/wp\/v2\/product_brand?post=3012"},{"taxonomy":"product_cat","embeddable":true,"href":"https:\/\/longweielec.com\/de\/wp-json\/wp\/v2\/product_cat?post=3012"},{"taxonomy":"product_tag","embeddable":true,"href":"https:\/\/longweielec.com\/de\/wp-json\/wp\/v2\/product_tag?post=3012"}],"curies":[{"name":"wp","href":"https:\/\/api.w.org\/{rel}","templated":true}]}}