{"id":376,"date":"2022-09-03T22:39:00","date_gmt":"2022-09-03T14:39:00","guid":{"rendered":"https:\/\/longweielec.com\/?post_type=product&#038;p=376"},"modified":"2025-07-19T22:14:07","modified_gmt":"2025-07-19T14:14:07","slug":"ps-303dm","status":"publish","type":"product","link":"https:\/\/longweielec.com\/de\/product\/ps-303dm","title":{"rendered":"PS-303DM 30V 3A Automatische mA-Anzeige DC-Netzteil"},"content":{"rendered":"","protected":false},"excerpt":{"rendered":"<ul>\n<li>Einzelner Ausgang, einphasig.<\/li>\n<li>Einstellbare konstante Spannung und Stromst\u00e4rke.<\/li>\n<li>Drei LED-Anzeigen f\u00fcr Spannung und Strom.<\/li>\n<li>Konvertiert automatisch zwischen mA und A; bei Werten unter 1A erfolgt eine kontinuierliche Anpassung von 0-990mA f\u00fcr pr\u00e4zise Tests.<\/li>\n<li>Ausgangstaste zum Starten\/Stoppen des Ausgangs, um Stromst\u00f6\u00dfe zu verhindern und Schutz zu gew\u00e4hrleisten.<\/li>\n<li>Schaltet automatisch zwischen den Modi Konstantspannung (C.V) und Konstantstrom (C.C) um.<\/li>\n<li>Strombegrenzungsschutz f\u00fcr mehr Sicherheit.<\/li>\n<\/ul>","protected":false},"featured_media":367,"template":"","meta":[],"product_brand":[],"product_cat":[24],"product_tag":[68],"class_list":{"0":"post-376","1":"product","2":"type-product","3":"status-publish","4":"has-post-thumbnail","6":"product_cat-linear-dc-power-supply","7":"product_tag-ma-display","9":"first","10":"instock","11":"shipping-taxable","12":"purchasable","13":"product-type-variable","14":"has-default-attributes"},"_links":{"self":[{"href":"https:\/\/longweielec.com\/de\/wp-json\/wp\/v2\/product\/376","targetHints":{"allow":["GET"]}}],"collection":[{"href":"https:\/\/longweielec.com\/de\/wp-json\/wp\/v2\/product"}],"about":[{"href":"https:\/\/longweielec.com\/de\/wp-json\/wp\/v2\/types\/product"}],"wp:featuredmedia":[{"embeddable":true,"href":"https:\/\/longweielec.com\/de\/wp-json\/wp\/v2\/media\/367"}],"wp:attachment":[{"href":"https:\/\/longweielec.com\/de\/wp-json\/wp\/v2\/media?parent=376"}],"wp:term":[{"taxonomy":"product_brand","embeddable":true,"href":"https:\/\/longweielec.com\/de\/wp-json\/wp\/v2\/product_brand?post=376"},{"taxonomy":"product_cat","embeddable":true,"href":"https:\/\/longweielec.com\/de\/wp-json\/wp\/v2\/product_cat?post=376"},{"taxonomy":"product_tag","embeddable":true,"href":"https:\/\/longweielec.com\/de\/wp-json\/wp\/v2\/product_tag?post=376"}],"curies":[{"name":"wp","href":"https:\/\/api.w.org\/{rel}","templated":true}]}}