{"id":453,"date":"2022-09-06T01:31:31","date_gmt":"2022-09-05T17:31:31","guid":{"rendered":"https:\/\/longweielec.com\/?post_type=product&#038;p=453"},"modified":"2025-07-19T22:14:09","modified_gmt":"2025-07-19T14:14:09","slug":"tpr-3005-2d","status":"publish","type":"product","link":"https:\/\/longweielec.com\/de\/product\/tpr-3005-2d","title":{"rendered":"TPR-3005-2D 30V 5A Dual Output Benchtop Digital DC Power Supply"},"content":{"rendered":"","protected":false},"excerpt":{"rendered":"<ul>\n<li><strong>Zwei einstellbare Ausg\u00e4nge + fester 5V\/3A Ausgang<\/strong>: Mit zwei einstellbaren Ausg\u00e4ngen und einem festen Ausgang f\u00fcr vielseitige Leistungsoptionen.<\/li>\n<li><strong>Flexible Konfiguration<\/strong>: Das Tischnetzteil erm\u00f6glicht es, die Ausg\u00e4nge in Reihe oder parallel zu schalten oder unabh\u00e4ngig voneinander ohne externe Anschl\u00fcsse zu verwenden - schalten Sie einfach den Schalter um.<\/li>\n<li><strong>Automatisches Umschalten des Modus<\/strong>: Arbeitet in den Modi Konstantspannung (C.V) und Konstantstrom (C.C), die automatisch umschalten.<\/li>\n<li><strong>Schutz vor Strombegrenzung<\/strong>: Mit eingebauter Strombegrenzung f\u00fcr mehr Sicherheit.<\/li>\n<li><strong>Geringe Restwelligkeit und Rauschen<\/strong>: Sorgt f\u00fcr stabile Leistung bei minimalen St\u00f6rungen.<\/li>\n<li><strong>Benutzerfreundlich &amp; kosteneffektiv<\/strong>: Einfach zu bedienen und ein gutes Preis-Leistungs-Verh\u00e4ltnis f\u00fcr Ihre Investition.<\/li>\n<\/ul>","protected":false},"featured_media":444,"template":"","meta":[],"product_brand":[],"product_cat":[24],"product_tag":[70],"class_list":{"0":"post-453","1":"product","2":"type-product","3":"status-publish","4":"has-post-thumbnail","6":"product_cat-linear-dc-power-supply","7":"product_tag-dual-output-linear","9":"first","10":"instock","11":"shipping-taxable","12":"purchasable","13":"product-type-variable","14":"has-default-attributes"},"_links":{"self":[{"href":"https:\/\/longweielec.com\/de\/wp-json\/wp\/v2\/product\/453","targetHints":{"allow":["GET"]}}],"collection":[{"href":"https:\/\/longweielec.com\/de\/wp-json\/wp\/v2\/product"}],"about":[{"href":"https:\/\/longweielec.com\/de\/wp-json\/wp\/v2\/types\/product"}],"wp:featuredmedia":[{"embeddable":true,"href":"https:\/\/longweielec.com\/de\/wp-json\/wp\/v2\/media\/444"}],"wp:attachment":[{"href":"https:\/\/longweielec.com\/de\/wp-json\/wp\/v2\/media?parent=453"}],"wp:term":[{"taxonomy":"product_brand","embeddable":true,"href":"https:\/\/longweielec.com\/de\/wp-json\/wp\/v2\/product_brand?post=453"},{"taxonomy":"product_cat","embeddable":true,"href":"https:\/\/longweielec.com\/de\/wp-json\/wp\/v2\/product_cat?post=453"},{"taxonomy":"product_tag","embeddable":true,"href":"https:\/\/longweielec.com\/de\/wp-json\/wp\/v2\/product_tag?post=453"}],"curies":[{"name":"wp","href":"https:\/\/api.w.org\/{rel}","templated":true}]}}