{"id":562,"date":"2022-09-08T19:33:57","date_gmt":"2022-09-08T11:33:57","guid":{"rendered":"https:\/\/longweielec.com\/?post_type=product&#038;p=562"},"modified":"2025-07-19T22:17:00","modified_gmt":"2025-07-19T14:17:00","slug":"lw-603kds","status":"publish","type":"product","link":"https:\/\/longweielec.com\/de\/product\/lw-603kds","title":{"rendered":"LW-603KDS 60V 3A Mikro-Gleichstrom-Schaltnetzteil"},"content":{"rendered":"","protected":false},"excerpt":{"rendered":"<ul>\n<li>Einphasiges DC-Netzteil mit einem Ausgang<\/li>\n<li>Automatische Umwandlung zwischen konstanter Spannung und konstantem Strom (C.V. &amp; C.C.)<\/li>\n<li>Strom und Spannung von 0 bis Nennwert einstellbar<\/li>\n<li>3 LED-Digitalanzeige<\/li>\n<li>Intelligenter L\u00fcfter mit Temperaturkontrolle f\u00fcr schnelle K\u00fchlung<\/li>\n<\/ul>","protected":false},"featured_media":541,"template":"","meta":[],"product_brand":[],"product_cat":[25],"product_tag":[73],"class_list":{"0":"post-562","1":"product","2":"type-product","3":"status-publish","4":"has-post-thumbnail","6":"product_cat-switching-dc-power-supply","7":"product_tag-high-precision-small-switching-dc","9":"first","10":"instock","11":"shipping-taxable","12":"purchasable","13":"product-type-variable"},"_links":{"self":[{"href":"https:\/\/longweielec.com\/de\/wp-json\/wp\/v2\/product\/562","targetHints":{"allow":["GET"]}}],"collection":[{"href":"https:\/\/longweielec.com\/de\/wp-json\/wp\/v2\/product"}],"about":[{"href":"https:\/\/longweielec.com\/de\/wp-json\/wp\/v2\/types\/product"}],"wp:featuredmedia":[{"embeddable":true,"href":"https:\/\/longweielec.com\/de\/wp-json\/wp\/v2\/media\/541"}],"wp:attachment":[{"href":"https:\/\/longweielec.com\/de\/wp-json\/wp\/v2\/media?parent=562"}],"wp:term":[{"taxonomy":"product_brand","embeddable":true,"href":"https:\/\/longweielec.com\/de\/wp-json\/wp\/v2\/product_brand?post=562"},{"taxonomy":"product_cat","embeddable":true,"href":"https:\/\/longweielec.com\/de\/wp-json\/wp\/v2\/product_cat?post=562"},{"taxonomy":"product_tag","embeddable":true,"href":"https:\/\/longweielec.com\/de\/wp-json\/wp\/v2\/product_tag?post=562"}],"curies":[{"name":"wp","href":"https:\/\/api.w.org\/{rel}","templated":true}]}}