{"id":650,"date":"2022-09-10T01:48:50","date_gmt":"2022-09-09T17:48:50","guid":{"rendered":"https:\/\/longweielec.com\/?post_type=product&#038;p=650"},"modified":"2025-07-19T22:17:05","modified_gmt":"2025-07-19T14:17:05","slug":"lw-1520kd","status":"publish","type":"product","link":"https:\/\/longweielec.com\/de\/product\/lw-1520kd","title":{"rendered":"LW-1520KD 15V 20A Digitales Desktop-Schaltnetzteil"},"content":{"rendered":"<div data-elementor-type=\"section\" data-elementor-id=\"641\" class=\"elementor elementor-641\" data-elementor-post-type=\"elementor_library\">\n\t\t\t\t\t<section class=\"elementor-section elementor-top-section elementor-element elementor-element-7dd0bb59 elementor-section-full_width elementor-section-height-default elementor-section-height-default\" data-id=\"7dd0bb59\" data-element_type=\"section\">\n\t\t\t\t\t\t<div class=\"elementor-container elementor-column-gap-no\">\n\t\t\t\t\t<div class=\"elementor-column elementor-col-100 elementor-top-column elementor-element elementor-element-33ef6cc5\" data-id=\"33ef6cc5\" data-element_type=\"column\">\n\t\t\t<div class=\"elementor-widget-wrap elementor-element-populated\">\n\t\t\t\t\t\t<div class=\"elementor-element elementor-element-6aaadb5f elementor-widget elementor-widget-image\" data-id=\"6aaadb5f\" data-element_type=\"widget\" data-widget_type=\"image.default\">\n\t\t\t\t\t\t\t\t\t\t\t\t\t\t\t<img fetchpriority=\"high\" decoding=\"async\" width=\"800\" height=\"900\" src=\"https:\/\/longweielec.com\/wp-content\/uploads\/2022\/09\/1662743472-kd-series-digital-banchtop-switching-dc-power-supply-1.jpg\" class=\"attachment-full size-full wp-image-642\" alt=\"\" srcset=\"\/\/longweielec.com\/wp-content\/uploads\/2022\/09\/1662743472-kd-series-digital-banchtop-switching-dc-power-supply-1.jpg 800w, \/\/longweielec.com\/wp-content\/uploads\/2022\/09\/1662743472-kd-series-digital-banchtop-switching-dc-power-supply-1-600x675.jpg 600w, \/\/longweielec.com\/wp-content\/uploads\/2022\/09\/1662743472-kd-series-digital-banchtop-switching-dc-power-supply-1-267x300.jpg 267w, \/\/longweielec.com\/wp-content\/uploads\/2022\/09\/1662743472-kd-series-digital-banchtop-switching-dc-power-supply-1-768x864.jpg 768w\" sizes=\"(max-width: 800px) 100vw, 800px\" \/>\t\t\t\t\t\t\t\t\t\t\t\t\t\t\t<\/div>\n\t\t\t\t<div class=\"elementor-element elementor-element-d39be70 elementor-widget elementor-widget-image\" data-id=\"d39be70\" data-element_type=\"widget\" data-widget_type=\"image.default\">\n\t\t\t\t\t\t\t\t\t\t\t\t\t\t\t<img decoding=\"async\" width=\"800\" height=\"900\" src=\"https:\/\/longweielec.com\/wp-content\/uploads\/2022\/09\/1662743509-kd-series-digital-banchtop-switching-dc-power-supply-2.jpg\" class=\"attachment-full size-full wp-image-643\" alt=\"\" srcset=\"\/\/longweielec.com\/wp-content\/uploads\/2022\/09\/1662743509-kd-series-digital-banchtop-switching-dc-power-supply-2.jpg 800w, \/\/longweielec.com\/wp-content\/uploads\/2022\/09\/1662743509-kd-series-digital-banchtop-switching-dc-power-supply-2-600x675.jpg 600w, \/\/longweielec.com\/wp-content\/uploads\/2022\/09\/1662743509-kd-series-digital-banchtop-switching-dc-power-supply-2-267x300.jpg 267w, \/\/longweielec.com\/wp-content\/uploads\/2022\/09\/1662743509-kd-series-digital-banchtop-switching-dc-power-supply-2-768x864.jpg 768w\" sizes=\"(max-width: 800px) 100vw, 800px\" \/>\t\t\t\t\t\t\t\t\t\t\t\t\t\t\t<\/div>\n\t\t\t\t<div class=\"elementor-element elementor-element-54d952e0 elementor-widget elementor-widget-image\" data-id=\"54d952e0\" data-element_type=\"widget\" data-widget_type=\"image.default\">\n\t\t\t\t\t\t\t\t\t\t\t\t\t\t\t<img decoding=\"async\" width=\"800\" height=\"800\" src=\"https:\/\/longweielec.com\/wp-content\/uploads\/2022\/09\/1662743525-kd-series-digital-banchtop-switching-dc-power-supply-3.jpg\" class=\"attachment-full size-full wp-image-644\" alt=\"\" srcset=\"\/\/longweielec.com\/wp-content\/uploads\/2022\/09\/1662743525-kd-series-digital-banchtop-switching-dc-power-supply-3.jpg 800w, \/\/longweielec.com\/wp-content\/uploads\/2022\/09\/1662743525-kd-series-digital-banchtop-switching-dc-power-supply-3-300x300.jpg 300w, \/\/longweielec.com\/wp-content\/uploads\/2022\/09\/1662743525-kd-series-digital-banchtop-switching-dc-power-supply-3-100x100.jpg 100w, \/\/longweielec.com\/wp-content\/uploads\/2022\/09\/1662743525-kd-series-digital-banchtop-switching-dc-power-supply-3-600x600.jpg 600w, \/\/longweielec.com\/wp-content\/uploads\/2022\/09\/1662743525-kd-series-digital-banchtop-switching-dc-power-supply-3-150x150.jpg 150w, \/\/longweielec.com\/wp-content\/uploads\/2022\/09\/1662743525-kd-series-digital-banchtop-switching-dc-power-supply-3-768x768.jpg 768w\" sizes=\"(max-width: 800px) 100vw, 800px\" \/>\t\t\t\t\t\t\t\t\t\t\t\t\t\t\t<\/div>\n\t\t\t\t<div class=\"elementor-element elementor-element-2a5cbd44 elementor-widget elementor-widget-image\" data-id=\"2a5cbd44\" data-element_type=\"widget\" data-widget_type=\"image.default\">\n\t\t\t\t\t\t\t\t\t\t\t\t\t\t\t<img loading=\"lazy\" decoding=\"async\" width=\"800\" height=\"800\" src=\"https:\/\/longweielec.com\/wp-content\/uploads\/2022\/09\/1662743539-kd-series-digital-banchtop-switching-dc-power-supply-4.jpg\" class=\"attachment-full size-full wp-image-645\" alt=\"\" srcset=\"\/\/longweielec.com\/wp-content\/uploads\/2022\/09\/1662743539-kd-series-digital-banchtop-switching-dc-power-supply-4.jpg 800w, \/\/longweielec.com\/wp-content\/uploads\/2022\/09\/1662743539-kd-series-digital-banchtop-switching-dc-power-supply-4-300x300.jpg 300w, \/\/longweielec.com\/wp-content\/uploads\/2022\/09\/1662743539-kd-series-digital-banchtop-switching-dc-power-supply-4-100x100.jpg 100w, \/\/longweielec.com\/wp-content\/uploads\/2022\/09\/1662743539-kd-series-digital-banchtop-switching-dc-power-supply-4-600x600.jpg 600w, \/\/longweielec.com\/wp-content\/uploads\/2022\/09\/1662743539-kd-series-digital-banchtop-switching-dc-power-supply-4-150x150.jpg 150w, \/\/longweielec.com\/wp-content\/uploads\/2022\/09\/1662743539-kd-series-digital-banchtop-switching-dc-power-supply-4-768x768.jpg 768w\" sizes=\"(max-width: 800px) 100vw, 800px\" \/>\t\t\t\t\t\t\t\t\t\t\t\t\t\t\t<\/div>\n\t\t\t\t<div class=\"elementor-element elementor-element-63f910e6 elementor-widget elementor-widget-image\" data-id=\"63f910e6\" data-element_type=\"widget\" data-widget_type=\"image.default\">\n\t\t\t\t\t\t\t\t\t\t\t\t\t\t\t<img loading=\"lazy\" decoding=\"async\" width=\"800\" height=\"700\" src=\"https:\/\/longweielec.com\/wp-content\/uploads\/2022\/09\/1662743553-kd-series-digital-banchtop-switching-dc-power-supply-5.jpg\" class=\"attachment-large size-large wp-image-646\" alt=\"\" srcset=\"\/\/longweielec.com\/wp-content\/uploads\/2022\/09\/1662743553-kd-series-digital-banchtop-switching-dc-power-supply-5.jpg 800w, \/\/longweielec.com\/wp-content\/uploads\/2022\/09\/1662743553-kd-series-digital-banchtop-switching-dc-power-supply-5-600x525.jpg 600w, \/\/longweielec.com\/wp-content\/uploads\/2022\/09\/1662743553-kd-series-digital-banchtop-switching-dc-power-supply-5-300x263.jpg 300w, \/\/longweielec.com\/wp-content\/uploads\/2022\/09\/1662743553-kd-series-digital-banchtop-switching-dc-power-supply-5-768x672.jpg 768w\" sizes=\"(max-width: 800px) 100vw, 800px\" \/>\t\t\t\t\t\t\t\t\t\t\t\t\t\t\t<\/div>\n\t\t\t\t<div class=\"elementor-element elementor-element-54797d56 elementor-widget elementor-widget-image\" data-id=\"54797d56\" data-element_type=\"widget\" data-widget_type=\"image.default\">\n\t\t\t\t\t\t\t\t\t\t\t\t\t\t\t<img loading=\"lazy\" decoding=\"async\" width=\"800\" height=\"800\" src=\"https:\/\/longweielec.com\/wp-content\/uploads\/2022\/09\/1662743575-kd-series-digital-banchtop-switching-dc-power-supply-8.jpg\" class=\"attachment-large size-large wp-image-647\" alt=\"\" srcset=\"\/\/longweielec.com\/wp-content\/uploads\/2022\/09\/1662743575-kd-series-digital-banchtop-switching-dc-power-supply-8.jpg 800w, \/\/longweielec.com\/wp-content\/uploads\/2022\/09\/1662743575-kd-series-digital-banchtop-switching-dc-power-supply-8-300x300.jpg 300w, \/\/longweielec.com\/wp-content\/uploads\/2022\/09\/1662743575-kd-series-digital-banchtop-switching-dc-power-supply-8-100x100.jpg 100w, \/\/longweielec.com\/wp-content\/uploads\/2022\/09\/1662743575-kd-series-digital-banchtop-switching-dc-power-supply-8-600x600.jpg 600w, \/\/longweielec.com\/wp-content\/uploads\/2022\/09\/1662743575-kd-series-digital-banchtop-switching-dc-power-supply-8-150x150.jpg 150w, \/\/longweielec.com\/wp-content\/uploads\/2022\/09\/1662743575-kd-series-digital-banchtop-switching-dc-power-supply-8-768x768.jpg 768w\" sizes=\"(max-width: 800px) 100vw, 800px\" \/>\t\t\t\t\t\t\t\t\t\t\t\t\t\t\t<\/div>\n\t\t\t\t<div class=\"elementor-element elementor-element-6fda13b8 elementor-widget elementor-widget-image\" data-id=\"6fda13b8\" data-element_type=\"widget\" data-widget_type=\"image.default\">\n\t\t\t\t\t\t\t\t\t\t\t\t\t\t\t<img loading=\"lazy\" decoding=\"async\" width=\"800\" height=\"800\" src=\"https:\/\/longweielec.com\/wp-content\/uploads\/2022\/09\/1662743599-kd-series-digital-banchtop-switching-dc-power-supply-6.jpg\" class=\"attachment-full size-full wp-image-648\" alt=\"\" srcset=\"\/\/longweielec.com\/wp-content\/uploads\/2022\/09\/1662743599-kd-series-digital-banchtop-switching-dc-power-supply-6.jpg 800w, \/\/longweielec.com\/wp-content\/uploads\/2022\/09\/1662743599-kd-series-digital-banchtop-switching-dc-power-supply-6-300x300.jpg 300w, \/\/longweielec.com\/wp-content\/uploads\/2022\/09\/1662743599-kd-series-digital-banchtop-switching-dc-power-supply-6-100x100.jpg 100w, \/\/longweielec.com\/wp-content\/uploads\/2022\/09\/1662743599-kd-series-digital-banchtop-switching-dc-power-supply-6-600x600.jpg 600w, \/\/longweielec.com\/wp-content\/uploads\/2022\/09\/1662743599-kd-series-digital-banchtop-switching-dc-power-supply-6-150x150.jpg 150w, \/\/longweielec.com\/wp-content\/uploads\/2022\/09\/1662743599-kd-series-digital-banchtop-switching-dc-power-supply-6-768x768.jpg 768w\" sizes=\"(max-width: 800px) 100vw, 800px\" \/>\t\t\t\t\t\t\t\t\t\t\t\t\t\t\t<\/div>\n\t\t\t\t<div class=\"elementor-element elementor-element-118d0d7f elementor-widget elementor-widget-image\" data-id=\"118d0d7f\" data-element_type=\"widget\" data-widget_type=\"image.default\">\n\t\t\t\t\t\t\t\t\t\t\t\t\t\t\t<img loading=\"lazy\" decoding=\"async\" width=\"800\" height=\"1500\" src=\"https:\/\/longweielec.com\/wp-content\/uploads\/2022\/09\/1662743628-kd-series-digital-banchtop-switching-dc-power-supply-7.jpg\" class=\"attachment-full size-full wp-image-649\" alt=\"\" srcset=\"\/\/longweielec.com\/wp-content\/uploads\/2022\/09\/1662743628-kd-series-digital-banchtop-switching-dc-power-supply-7.jpg 800w, \/\/longweielec.com\/wp-content\/uploads\/2022\/09\/1662743628-kd-series-digital-banchtop-switching-dc-power-supply-7-600x1125.jpg 600w, \/\/longweielec.com\/wp-content\/uploads\/2022\/09\/1662743628-kd-series-digital-banchtop-switching-dc-power-supply-7-160x300.jpg 160w, \/\/longweielec.com\/wp-content\/uploads\/2022\/09\/1662743628-kd-series-digital-banchtop-switching-dc-power-supply-7-546x1024.jpg 546w, \/\/longweielec.com\/wp-content\/uploads\/2022\/09\/1662743628-kd-series-digital-banchtop-switching-dc-power-supply-7-768x1440.jpg 768w\" sizes=\"(max-width: 800px) 100vw, 800px\" \/>\t\t\t\t\t\t\t\t\t\t\t\t\t\t\t<\/div>\n\t\t\t\t\t<\/div>\n\t\t<\/div>\n\t\t\t\t\t<\/div>\n\t\t<\/section>\n\t\t\t\t<\/div>","protected":false},"excerpt":{"rendered":"<ul>\n<li><strong>Hochpr\u00e4zise LED-Anzeige:<\/strong>\u00a0Klare und intuitive Messwerte f\u00fcr eine einfache \u00dcberwachung.<\/li>\n<li><strong>Intelligenter L\u00fcfter mit doppelter Temperaturkontrolle:<\/strong>\u00a0Der 6 cm gro\u00dfe L\u00fcfter sorgt f\u00fcr eine effektive W\u00e4rmeableitung, erh\u00f6ht die Langlebigkeit und minimiert die Ger\u00e4uschentwicklung.<\/li>\n<li><strong>Leichtes Design:<\/strong>\u00a0Die fortschrittliche Technologie reduziert das Gewicht und macht es leicht tragbar.<\/li>\n<li><strong>Umfassender Schutz:<\/strong>\u00a0Verf\u00fcgt \u00fcber \u00dcberspannungs- (OVP), Strombegrenzungs- (OCP), \u00dcbertemperatur- (OTP) und \u00dcberleistungsschutz (OPP) f\u00fcr einen sicheren Betrieb.<\/li>\n<li><strong>Pr\u00e4zise Steuerung von Spannung und Strom:<\/strong>\u00a0Grob- und Feineinstellungspotentiometer erm\u00f6glichen eine genaue und bequeme Einstellung des Ausgangs.<\/li>\n<\/ul>","protected":false},"featured_media":631,"template":"","meta":[],"product_brand":[],"product_cat":[25],"product_tag":[75],"class_list":{"0":"post-650","1":"product","2":"type-product","3":"status-publish","4":"has-post-thumbnail","6":"product_cat-switching-dc-power-supply","7":"product_tag-benchtop-switching-dc","9":"first","10":"instock","11":"shipping-taxable","12":"purchasable","13":"product-type-variable","14":"has-default-attributes"},"_links":{"self":[{"href":"https:\/\/longweielec.com\/de\/wp-json\/wp\/v2\/product\/650","targetHints":{"allow":["GET"]}}],"collection":[{"href":"https:\/\/longweielec.com\/de\/wp-json\/wp\/v2\/product"}],"about":[{"href":"https:\/\/longweielec.com\/de\/wp-json\/wp\/v2\/types\/product"}],"wp:featuredmedia":[{"embeddable":true,"href":"https:\/\/longweielec.com\/de\/wp-json\/wp\/v2\/media\/631"}],"wp:attachment":[{"href":"https:\/\/longweielec.com\/de\/wp-json\/wp\/v2\/media?parent=650"}],"wp:term":[{"taxonomy":"product_brand","embeddable":true,"href":"https:\/\/longweielec.com\/de\/wp-json\/wp\/v2\/product_brand?post=650"},{"taxonomy":"product_cat","embeddable":true,"href":"https:\/\/longweielec.com\/de\/wp-json\/wp\/v2\/product_cat?post=650"},{"taxonomy":"product_tag","embeddable":true,"href":"https:\/\/longweielec.com\/de\/wp-json\/wp\/v2\/product_tag?post=650"}],"curies":[{"name":"wp","href":"https:\/\/api.w.org\/{rel}","templated":true}]}}