{"id":880,"date":"2022-09-14T23:43:19","date_gmt":"2022-09-14T15:43:19","guid":{"rendered":"https:\/\/longweielec.com\/?post_type=product&#038;p=880"},"modified":"2025-07-19T22:14:03","modified_gmt":"2025-07-19T14:14:03","slug":"lw-3030c","status":"publish","type":"product","link":"https:\/\/longweielec.com\/de\/product\/lw-3030c","title":{"rendered":"LW-3030C 30V 30A Programmierbares DC-Schaltnetzteil"},"content":{"rendered":"<div data-elementor-type=\"section\" data-elementor-id=\"868\" class=\"elementor elementor-868\" data-elementor-post-type=\"elementor_library\">\n\t\t\t\t\t<section class=\"elementor-section elementor-top-section elementor-element elementor-element-687c7d06 elementor-section-full_width elementor-section-height-default elementor-section-height-default\" data-id=\"687c7d06\" data-element_type=\"section\">\n\t\t\t\t\t\t<div class=\"elementor-container elementor-column-gap-no\">\n\t\t\t\t\t<div class=\"elementor-column elementor-col-100 elementor-top-column elementor-element elementor-element-2e770775\" data-id=\"2e770775\" data-element_type=\"column\">\n\t\t\t<div class=\"elementor-widget-wrap elementor-element-populated\">\n\t\t\t\t\t\t<div class=\"elementor-element elementor-element-259f707 elementor-widget elementor-widget-image\" data-id=\"259f707\" data-element_type=\"widget\" data-widget_type=\"image.default\">\n\t\t\t\t\t\t\t\t\t\t\t\t\t\t\t<img fetchpriority=\"high\" decoding=\"async\" width=\"800\" height=\"658\" src=\"https:\/\/longweielec.com\/wp-content\/uploads\/2022\/09\/1663169157-benchtop-programmable-switching-dc-power-supply-pucture-1.jpg\" class=\"attachment-full size-full wp-image-869\" alt=\"\" srcset=\"\/\/longweielec.com\/wp-content\/uploads\/2022\/09\/1663169157-benchtop-programmable-switching-dc-power-supply-pucture-1.jpg 800w, \/\/longweielec.com\/wp-content\/uploads\/2022\/09\/1663169157-benchtop-programmable-switching-dc-power-supply-pucture-1-600x494.jpg 600w, \/\/longweielec.com\/wp-content\/uploads\/2022\/09\/1663169157-benchtop-programmable-switching-dc-power-supply-pucture-1-300x247.jpg 300w, \/\/longweielec.com\/wp-content\/uploads\/2022\/09\/1663169157-benchtop-programmable-switching-dc-power-supply-pucture-1-768x632.jpg 768w\" sizes=\"(max-width: 800px) 100vw, 800px\" \/>\t\t\t\t\t\t\t\t\t\t\t\t\t\t\t<\/div>\n\t\t\t\t<div class=\"elementor-element elementor-element-19299c2f elementor-widget elementor-widget-image\" data-id=\"19299c2f\" data-element_type=\"widget\" data-widget_type=\"image.default\">\n\t\t\t\t\t\t\t\t\t\t\t\t\t\t\t<img decoding=\"async\" width=\"800\" height=\"800\" src=\"https:\/\/longweielec.com\/wp-content\/uploads\/2022\/09\/1663169187-benchtop-programmable-switching-dc-power-supply-pucture-2.jpg\" class=\"attachment-full size-full wp-image-870\" alt=\"\" srcset=\"\/\/longweielec.com\/wp-content\/uploads\/2022\/09\/1663169187-benchtop-programmable-switching-dc-power-supply-pucture-2.jpg 800w, \/\/longweielec.com\/wp-content\/uploads\/2022\/09\/1663169187-benchtop-programmable-switching-dc-power-supply-pucture-2-300x300.jpg 300w, \/\/longweielec.com\/wp-content\/uploads\/2022\/09\/1663169187-benchtop-programmable-switching-dc-power-supply-pucture-2-100x100.jpg 100w, \/\/longweielec.com\/wp-content\/uploads\/2022\/09\/1663169187-benchtop-programmable-switching-dc-power-supply-pucture-2-600x600.jpg 600w, \/\/longweielec.com\/wp-content\/uploads\/2022\/09\/1663169187-benchtop-programmable-switching-dc-power-supply-pucture-2-150x150.jpg 150w, \/\/longweielec.com\/wp-content\/uploads\/2022\/09\/1663169187-benchtop-programmable-switching-dc-power-supply-pucture-2-768x768.jpg 768w\" sizes=\"(max-width: 800px) 100vw, 800px\" \/>\t\t\t\t\t\t\t\t\t\t\t\t\t\t\t<\/div>\n\t\t\t\t<div class=\"elementor-element elementor-element-4da20738 elementor-widget elementor-widget-image\" data-id=\"4da20738\" data-element_type=\"widget\" data-widget_type=\"image.default\">\n\t\t\t\t\t\t\t\t\t\t\t\t\t\t\t<img decoding=\"async\" width=\"800\" height=\"800\" src=\"https:\/\/longweielec.com\/wp-content\/uploads\/2022\/09\/1663169201-benchtop-programmable-switching-dc-power-supply-pucture-3.jpg\" class=\"attachment-full size-full wp-image-871\" alt=\"\" srcset=\"\/\/longweielec.com\/wp-content\/uploads\/2022\/09\/1663169201-benchtop-programmable-switching-dc-power-supply-pucture-3.jpg 800w, \/\/longweielec.com\/wp-content\/uploads\/2022\/09\/1663169201-benchtop-programmable-switching-dc-power-supply-pucture-3-300x300.jpg 300w, \/\/longweielec.com\/wp-content\/uploads\/2022\/09\/1663169201-benchtop-programmable-switching-dc-power-supply-pucture-3-100x100.jpg 100w, \/\/longweielec.com\/wp-content\/uploads\/2022\/09\/1663169201-benchtop-programmable-switching-dc-power-supply-pucture-3-600x600.jpg 600w, \/\/longweielec.com\/wp-content\/uploads\/2022\/09\/1663169201-benchtop-programmable-switching-dc-power-supply-pucture-3-150x150.jpg 150w, \/\/longweielec.com\/wp-content\/uploads\/2022\/09\/1663169201-benchtop-programmable-switching-dc-power-supply-pucture-3-768x768.jpg 768w\" sizes=\"(max-width: 800px) 100vw, 800px\" \/>\t\t\t\t\t\t\t\t\t\t\t\t\t\t\t<\/div>\n\t\t\t\t<div class=\"elementor-element elementor-element-7cb3425d elementor-widget elementor-widget-image\" data-id=\"7cb3425d\" data-element_type=\"widget\" data-widget_type=\"image.default\">\n\t\t\t\t\t\t\t\t\t\t\t\t\t\t\t<img loading=\"lazy\" decoding=\"async\" width=\"800\" height=\"800\" src=\"https:\/\/longweielec.com\/wp-content\/uploads\/2022\/09\/1663169220-benchtop-programmable-switching-dc-power-supply-pucture-4.jpg\" class=\"attachment-full size-full wp-image-872\" alt=\"\" srcset=\"\/\/longweielec.com\/wp-content\/uploads\/2022\/09\/1663169220-benchtop-programmable-switching-dc-power-supply-pucture-4.jpg 800w, \/\/longweielec.com\/wp-content\/uploads\/2022\/09\/1663169220-benchtop-programmable-switching-dc-power-supply-pucture-4-300x300.jpg 300w, \/\/longweielec.com\/wp-content\/uploads\/2022\/09\/1663169220-benchtop-programmable-switching-dc-power-supply-pucture-4-100x100.jpg 100w, \/\/longweielec.com\/wp-content\/uploads\/2022\/09\/1663169220-benchtop-programmable-switching-dc-power-supply-pucture-4-600x600.jpg 600w, \/\/longweielec.com\/wp-content\/uploads\/2022\/09\/1663169220-benchtop-programmable-switching-dc-power-supply-pucture-4-150x150.jpg 150w, \/\/longweielec.com\/wp-content\/uploads\/2022\/09\/1663169220-benchtop-programmable-switching-dc-power-supply-pucture-4-768x768.jpg 768w\" sizes=\"(max-width: 800px) 100vw, 800px\" \/>\t\t\t\t\t\t\t\t\t\t\t\t\t\t\t<\/div>\n\t\t\t\t<div class=\"elementor-element elementor-element-5f9f6e74 elementor-widget elementor-widget-image\" data-id=\"5f9f6e74\" data-element_type=\"widget\" data-widget_type=\"image.default\">\n\t\t\t\t\t\t\t\t\t\t\t\t\t\t\t<img loading=\"lazy\" decoding=\"async\" width=\"800\" height=\"900\" src=\"https:\/\/longweielec.com\/wp-content\/uploads\/2022\/09\/1663169236-benchtop-programmable-switching-dc-power-supply-pucture-5.jpg\" class=\"attachment-full size-full wp-image-873\" alt=\"\" srcset=\"\/\/longweielec.com\/wp-content\/uploads\/2022\/09\/1663169236-benchtop-programmable-switching-dc-power-supply-pucture-5.jpg 800w, \/\/longweielec.com\/wp-content\/uploads\/2022\/09\/1663169236-benchtop-programmable-switching-dc-power-supply-pucture-5-600x675.jpg 600w, \/\/longweielec.com\/wp-content\/uploads\/2022\/09\/1663169236-benchtop-programmable-switching-dc-power-supply-pucture-5-267x300.jpg 267w, \/\/longweielec.com\/wp-content\/uploads\/2022\/09\/1663169236-benchtop-programmable-switching-dc-power-supply-pucture-5-768x864.jpg 768w\" sizes=\"(max-width: 800px) 100vw, 800px\" \/>\t\t\t\t\t\t\t\t\t\t\t\t\t\t\t<\/div>\n\t\t\t\t<div class=\"elementor-element elementor-element-527c2f32 elementor-widget elementor-widget-image\" data-id=\"527c2f32\" data-element_type=\"widget\" data-widget_type=\"image.default\">\n\t\t\t\t\t\t\t\t\t\t\t\t\t\t\t<img loading=\"lazy\" decoding=\"async\" width=\"800\" height=\"1000\" src=\"https:\/\/longweielec.com\/wp-content\/uploads\/2022\/09\/1663169265-benchtop-programmable-switching-dc-power-supply-pucture-6.jpg\" class=\"attachment-full size-full wp-image-874\" alt=\"\" srcset=\"\/\/longweielec.com\/wp-content\/uploads\/2022\/09\/1663169265-benchtop-programmable-switching-dc-power-supply-pucture-6.jpg 800w, \/\/longweielec.com\/wp-content\/uploads\/2022\/09\/1663169265-benchtop-programmable-switching-dc-power-supply-pucture-6-600x750.jpg 600w, \/\/longweielec.com\/wp-content\/uploads\/2022\/09\/1663169265-benchtop-programmable-switching-dc-power-supply-pucture-6-240x300.jpg 240w, \/\/longweielec.com\/wp-content\/uploads\/2022\/09\/1663169265-benchtop-programmable-switching-dc-power-supply-pucture-6-768x960.jpg 768w\" sizes=\"(max-width: 800px) 100vw, 800px\" \/>\t\t\t\t\t\t\t\t\t\t\t\t\t\t\t<\/div>\n\t\t\t\t<div class=\"elementor-element elementor-element-4fc32d9f elementor-widget elementor-widget-image\" data-id=\"4fc32d9f\" data-element_type=\"widget\" data-widget_type=\"image.default\">\n\t\t\t\t\t\t\t\t\t\t\t\t\t\t\t<img loading=\"lazy\" decoding=\"async\" width=\"800\" height=\"1300\" src=\"https:\/\/longweielec.com\/wp-content\/uploads\/2022\/09\/1663169297-benchtop-programmable-switching-dc-power-supply-pucture-7.jpg\" class=\"attachment-full size-full wp-image-875\" alt=\"\" srcset=\"\/\/longweielec.com\/wp-content\/uploads\/2022\/09\/1663169297-benchtop-programmable-switching-dc-power-supply-pucture-7.jpg 800w, \/\/longweielec.com\/wp-content\/uploads\/2022\/09\/1663169297-benchtop-programmable-switching-dc-power-supply-pucture-7-600x975.jpg 600w, \/\/longweielec.com\/wp-content\/uploads\/2022\/09\/1663169297-benchtop-programmable-switching-dc-power-supply-pucture-7-185x300.jpg 185w, \/\/longweielec.com\/wp-content\/uploads\/2022\/09\/1663169297-benchtop-programmable-switching-dc-power-supply-pucture-7-630x1024.jpg 630w, \/\/longweielec.com\/wp-content\/uploads\/2022\/09\/1663169297-benchtop-programmable-switching-dc-power-supply-pucture-7-768x1248.jpg 768w\" sizes=\"(max-width: 800px) 100vw, 800px\" \/>\t\t\t\t\t\t\t\t\t\t\t\t\t\t\t<\/div>\n\t\t\t\t<div class=\"elementor-element elementor-element-469c5ce8 elementor-widget elementor-widget-image\" data-id=\"469c5ce8\" data-element_type=\"widget\" data-widget_type=\"image.default\">\n\t\t\t\t\t\t\t\t\t\t\t\t\t\t\t<img loading=\"lazy\" decoding=\"async\" width=\"800\" height=\"1200\" src=\"https:\/\/longweielec.com\/wp-content\/uploads\/2022\/09\/1663169313-benchtop-programmable-switching-dc-power-supply-pucture-8.jpg\" class=\"attachment-full size-full wp-image-876\" alt=\"\" srcset=\"\/\/longweielec.com\/wp-content\/uploads\/2022\/09\/1663169313-benchtop-programmable-switching-dc-power-supply-pucture-8.jpg 800w, \/\/longweielec.com\/wp-content\/uploads\/2022\/09\/1663169313-benchtop-programmable-switching-dc-power-supply-pucture-8-600x900.jpg 600w, \/\/longweielec.com\/wp-content\/uploads\/2022\/09\/1663169313-benchtop-programmable-switching-dc-power-supply-pucture-8-200x300.jpg 200w, \/\/longweielec.com\/wp-content\/uploads\/2022\/09\/1663169313-benchtop-programmable-switching-dc-power-supply-pucture-8-683x1024.jpg 683w, \/\/longweielec.com\/wp-content\/uploads\/2022\/09\/1663169313-benchtop-programmable-switching-dc-power-supply-pucture-8-768x1152.jpg 768w\" sizes=\"(max-width: 800px) 100vw, 800px\" \/>\t\t\t\t\t\t\t\t\t\t\t\t\t\t\t<\/div>\n\t\t\t\t\t<\/div>\n\t\t<\/div>\n\t\t\t\t\t<\/div>\n\t\t<\/section>\n\t\t\t\t<\/div>","protected":false},"excerpt":{"rendered":"<ul>\n<li><strong>Strahlungsfreies LCD-Display:<\/strong>\u00a0Hochwertiges Fl\u00fcssigkristall-Display, das eine optimale Sichtbarkeit ohne Strahlung oder Flimmern gew\u00e4hrleistet und so f\u00fcr ein angenehmes Benutzererlebnis sorgt.<\/li>\n<li><strong>Duale Konnektivit\u00e4tsoptionen:<\/strong> Ausgestattet mit einer USB- und einer RS485-Schnittstelle, die unterschiedliche Kundenanforderungen erf\u00fcllen und eine nahtlose Integration in verschiedene Systeme erm\u00f6glichen.<\/li>\n<li><strong>F\u00e4higkeit zur Datenspeicherung:<\/strong>\u00a0Erm\u00f6glicht die Speicherung von bis zu 6 Datens\u00e4tzen f\u00fcr eine effiziente Verwaltung und einen schnellen Zugriff auf benutzerdefinierte Konfigurationen.<\/li>\n<li><strong>Bereitgestellte Verwaltungssoftware:<\/strong>\u00a0Im Lieferumfang enthalten ist eine spezielle Verwaltungssoftware f\u00fcr eine verbesserte Steuerung und \u00dcberwachung, die die Einrichtung und den Betrieb des Netzteils vereinfacht.<\/li>\n<li><strong>Umfassende Schutzmechanismen:<\/strong>\u00a0Mehrere Sicherheitsfunktionen, einschlie\u00dflich \u00dcberlastschutz, \u00dcberspannungsschutz, \u00dcberstromschutz und \u00dcbertemperaturschutz, sorgen f\u00fcr einen sicheren Betrieb.<\/li>\n<\/ul>","protected":false},"featured_media":860,"template":"","meta":[],"product_brand":[],"product_cat":[26],"product_tag":[80],"class_list":{"0":"post-880","1":"product","2":"type-product","3":"status-publish","4":"has-post-thumbnail","6":"product_cat-programmable-dc-power-supply","7":"product_tag-programmable-switching-dc","9":"first","10":"instock","11":"shipping-taxable","12":"purchasable","13":"product-type-variable","14":"has-default-attributes"},"_links":{"self":[{"href":"https:\/\/longweielec.com\/de\/wp-json\/wp\/v2\/product\/880","targetHints":{"allow":["GET"]}}],"collection":[{"href":"https:\/\/longweielec.com\/de\/wp-json\/wp\/v2\/product"}],"about":[{"href":"https:\/\/longweielec.com\/de\/wp-json\/wp\/v2\/types\/product"}],"wp:featuredmedia":[{"embeddable":true,"href":"https:\/\/longweielec.com\/de\/wp-json\/wp\/v2\/media\/860"}],"wp:attachment":[{"href":"https:\/\/longweielec.com\/de\/wp-json\/wp\/v2\/media?parent=880"}],"wp:term":[{"taxonomy":"product_brand","embeddable":true,"href":"https:\/\/longweielec.com\/de\/wp-json\/wp\/v2\/product_brand?post=880"},{"taxonomy":"product_cat","embeddable":true,"href":"https:\/\/longweielec.com\/de\/wp-json\/wp\/v2\/product_cat?post=880"},{"taxonomy":"product_tag","embeddable":true,"href":"https:\/\/longweielec.com\/de\/wp-json\/wp\/v2\/product_tag?post=880"}],"curies":[{"name":"wp","href":"https:\/\/api.w.org\/{rel}","templated":true}]}}