{"id":38,"date":"2022-08-25T22:56:19","date_gmt":"2022-08-25T14:56:19","guid":{"rendered":"https:\/\/longweielec.com\/?page_id=38"},"modified":"2024-11-07T21:43:50","modified_gmt":"2024-11-07T13:43:50","slug":"about","status":"publish","type":"page","link":"https:\/\/longweielec.com\/es\/about","title":{"rendered":"Acerca de"},"content":{"rendered":"<div data-elementor-type=\"wp-page\" data-elementor-id=\"38\" class=\"elementor elementor-38\" data-elementor-post-type=\"page\">\n\t\t\t\t<div class=\"elementor-element elementor-element-1fa2814 e-con-full e-flex e-con e-parent\" data-id=\"1fa2814\" data-element_type=\"container\">\n\t\t\t\t<div class=\"elementor-element elementor-element-dc2eebd elementor-widget elementor-widget-template\" data-id=\"dc2eebd\" data-element_type=\"widget\" data-widget_type=\"template.default\">\n\t\t\t\t<div class=\"elementor-widget-container\">\n\t\t\t\t\t\t\t<div class=\"elementor-template\">\n\t\t\t\t\t<div data-elementor-type=\"section\" data-elementor-id=\"2111\" class=\"elementor elementor-2111\" data-elementor-post-type=\"elementor_library\">\n\t\t\t<div class=\"elementor-element elementor-element-4305497 e-flex e-con-boxed e-con e-parent\" data-id=\"4305497\" data-element_type=\"container\" data-settings=\"{&quot;background_background&quot;:&quot;gradient&quot;}\">\n\t\t\t\t\t<div class=\"e-con-inner\">\n\t\t\t\t<div class=\"elementor-element elementor-element-9ef3cf3 elementor-widget elementor-widget-heading\" data-id=\"9ef3cf3\" data-element_type=\"widget\" data-widget_type=\"heading.default\">\n\t\t\t\t\t<h2 class=\"elementor-heading-title elementor-size-default\">Acerca de<\/h2>\t\t\t\t<\/div>\n\t\t\t\t<div class=\"elementor-element elementor-element-c0801d3 elementor-widget elementor-widget-woocommerce-breadcrumb\" data-id=\"c0801d3\" data-element_type=\"widget\" data-widget_type=\"woocommerce-breadcrumb.default\">\n\t\t\t\t\t<nav class=\"woocommerce-breadcrumb\" aria-label=\"Breadcrumb\" data-no-translation=\"\" data-trp-gettext=\"\">Inicio<\/nav>\t\t\t\t<\/div>\n\t\t\t\t\t<\/div>\n\t\t\t\t<\/div>\n\t\t\t\t<\/div>\n\t\t\t\t<\/div>\n\t\t\t\t\t\t<\/div>\n\t\t\t\t<\/div>\n\t\t\t\t<\/div>\n\t\t\t\t<section class=\"elementor-section elementor-top-section elementor-element elementor-element-5da5638 elementor-section-boxed elementor-section-height-default elementor-section-height-default\" data-id=\"5da5638\" data-element_type=\"section\">\n\t\t\t\t\t\t<div class=\"elementor-container elementor-column-gap-default\">\n\t\t\t\t\t<div class=\"elementor-column elementor-col-100 elementor-top-column elementor-element elementor-element-e2213d6\" data-id=\"e2213d6\" data-element_type=\"column\">\n\t\t\t<div class=\"elementor-widget-wrap elementor-element-populated\">\n\t\t\t\t\t\t<div class=\"elementor-element elementor-element-10df7fb elementor-widget elementor-widget-image\" data-id=\"10df7fb\" data-element_type=\"widget\" data-widget_type=\"image.default\">\n\t\t\t\t\t\t\t\t\t\t\t\t\t\t\t<img fetchpriority=\"high\" decoding=\"async\" width=\"800\" height=\"437\" src=\"https:\/\/longweielec.com\/wp-content\/uploads\/2022\/08\/1661628526-Longwei_factory_front_gate_view-1024x559.jpg\" class=\"attachment-large size-large wp-image-281\" alt=\"Vista de la puerta principal de la f\u00e1brica de Longwei\" srcset=\"\/\/longweielec.com\/wp-content\/uploads\/2022\/08\/1661628526-Longwei_factory_front_gate_view-1024x559.jpg 1024w, \/\/longweielec.com\/wp-content\/uploads\/2022\/08\/1661628526-Longwei_factory_front_gate_view-600x328.jpg 600w, \/\/longweielec.com\/wp-content\/uploads\/2022\/08\/1661628526-Longwei_factory_front_gate_view-300x164.jpg 300w, \/\/longweielec.com\/wp-content\/uploads\/2022\/08\/1661628526-Longwei_factory_front_gate_view-768x420.jpg 768w, \/\/longweielec.com\/wp-content\/uploads\/2022\/08\/1661628526-Longwei_factory_front_gate_view.jpg 1100w\" sizes=\"(max-width: 800px) 100vw, 800px\" \/>\t\t\t\t\t\t\t\t\t\t\t\t\t\t\t<\/div>\n\t\t\t\t<div class=\"elementor-element elementor-element-ed4f494 elementor-widget elementor-widget-heading\" data-id=\"ed4f494\" data-element_type=\"widget\" data-widget_type=\"heading.default\">\n\t\t\t\t\t<h2 class=\"elementor-heading-title elementor-size-default\">Perfil de la empresa<\/h2>\t\t\t\t<\/div>\n\t\t\t\t<div class=\"elementor-element elementor-element-17a4a35 elementor-widget elementor-widget-text-editor\" data-id=\"17a4a35\" data-element_type=\"widget\" data-widget_type=\"text-editor.default\">\n\t\t\t\t\t\t\t\t\t<p>La empresa Dongguan Longwei Electronic Technology Co. Ltd. (formalmente conocida como HK Longwei) se fund\u00f3 en 1996 y se especializa en la fabricaci\u00f3n de osciloscopios, fuentes de alimentaci\u00f3n reguladas de moneda directa e instrumentos especiales. En los \u00faltimos a\u00f1os, Dongguan Longwei Electronic Technology Co., Ltd. ha tenido una gran aceptaci\u00f3n entre los clientes nacionales y extranjeros. La calidad de nuestros productos mejora sin cesar y la escala se ampl\u00eda. Contamos con 200 miembros de producci\u00f3n, de los cuales 28 son ingenieros profesionales y 50 son t\u00e9cnicos profesionales universitarios. Tenemos un taller especial de 8.000 metros cuadrados con m\u00e1s de 120 series de productos. Nuestros productos se venden bien tanto en el pa\u00eds como en el extranjero, como en Hong Kong, el \u00e1rea de Taiw\u00e1n y Asia Oriental. Tambi\u00e9n tenemos nuestra oficina de ventas y representantes de ventas profesionales en la zona triangular de Pearl River.con buenas habilidades productivas vamos a ofrecer los mejores productos y servicios de calidad a precios competitivos.<\/p>\t\t\t\t\t\t\t\t<\/div>\n\t\t\t\t<div class=\"elementor-element elementor-element-3abd9f3 elementor-widget elementor-widget-text-editor\" data-id=\"3abd9f3\" data-element_type=\"widget\" data-widget_type=\"text-editor.default\">\n\t\t\t\t\t\t\t\t\t<table class=\"icbu-shop-table-col\"><tbody><tr class=\"icbu-shop-table-col-item\"><td class=\"title\"><div><span title=\"Tama\u00f1o de f\u00e1brica\">Tama\u00f1o de f\u00e1brica<\/span><\/div><\/td><td class=\"content\"><div><div><span title=\"5.000-10.000 metros cuadrados\">8000 metros cuadrados<\/span><\/div><\/div><\/td><\/tr><tr class=\"icbu-shop-table-col-item\"><td class=\"title\"><div><span title=\"F\u00e1brica Pa\u00eds\/Regi\u00f3n\">F\u00e1brica Pa\u00eds\/Regi\u00f3n<\/span><\/div><\/td><td class=\"content\"><div><div><span title=\"Dongguan, Guangdong, China\">Dongguan, Guangdong, China<\/span><\/div><\/div><\/td><\/tr><tr class=\"icbu-shop-table-col-item\"><td class=\"title\"><div><span title=\"N\u00ba de l\u00edneas de producci\u00f3n\">N\u00ba de l\u00edneas de producci\u00f3n<\/span><\/div><\/td><td class=\"content\"><div><div><span title=\"M\u00e1s de 10\">M\u00e1s de 10<\/span><\/div><\/div><\/td><\/tr><tr class=\"icbu-shop-table-col-item\"><td class=\"title\"><div><span title=\"Fabricaci\u00f3n por contrato\">Fabricaci\u00f3n por contrato<\/span><\/div><\/td><td class=\"content\"><div><div><span title=\"\">Servicio OEM, Etiqueta del comprador<\/span><\/div><\/div><\/td><\/tr><tr class=\"icbu-shop-table-col-item\"><td class=\"title\"><div><span title=\"Valor de producci\u00f3n anual\">Valor de producci\u00f3n anual<\/span><\/div><\/td><td class=\"content\"><div><div><span title=\"US$50 Millones - US$100 Millones\">US$50 Millones - US$100 Millones<\/span><\/div><\/div><\/td><\/tr><\/tbody><\/table>\t\t\t\t\t\t\t\t<\/div>\n\t\t\t\t<section class=\"elementor-section elementor-inner-section elementor-element elementor-element-3aab8e2 elementor-section-boxed elementor-section-height-default elementor-section-height-default\" data-id=\"3aab8e2\" data-element_type=\"section\">\n\t\t\t\t\t\t<div class=\"elementor-container elementor-column-gap-default\">\n\t\t\t\t\t<div class=\"elementor-column elementor-col-50 elementor-inner-column elementor-element elementor-element-7025f6c\" data-id=\"7025f6c\" data-element_type=\"column\">\n\t\t\t<div class=\"elementor-widget-wrap elementor-element-populated\">\n\t\t\t\t\t\t<div class=\"elementor-element elementor-element-3e2ee09 elementor-widget elementor-widget-image\" data-id=\"3e2ee09\" data-element_type=\"widget\" data-widget_type=\"image.default\">\n\t\t\t\t\t\t\t\t\t\t\t\t\t\t\t<img decoding=\"async\" width=\"360\" height=\"238\" src=\"https:\/\/longweielec.com\/wp-content\/uploads\/2022\/08\/1661647884-longwei_office_view.jpg\" class=\"attachment-large size-large wp-image-295\" alt=\"Vista de la oficina de Longwei\" srcset=\"\/\/longweielec.com\/wp-content\/uploads\/2022\/08\/1661647884-longwei_office_view.jpg 360w, \/\/longweielec.com\/wp-content\/uploads\/2022\/08\/1661647884-longwei_office_view-300x198.jpg 300w\" sizes=\"(max-width: 360px) 100vw, 360px\" \/>\t\t\t\t\t\t\t\t\t\t\t\t\t\t\t<\/div>\n\t\t\t\t\t<\/div>\n\t\t<\/div>\n\t\t\t\t<div class=\"elementor-column elementor-col-50 elementor-inner-column elementor-element elementor-element-c5c6c03\" data-id=\"c5c6c03\" data-element_type=\"column\">\n\t\t\t<div class=\"elementor-widget-wrap elementor-element-populated\">\n\t\t\t\t\t\t<div class=\"elementor-element elementor-element-33f8438 elementor-widget elementor-widget-image\" data-id=\"33f8438\" data-element_type=\"widget\" data-widget_type=\"image.default\">\n\t\t\t\t\t\t\t\t\t\t\t\t\t\t\t<img decoding=\"async\" width=\"360\" height=\"239\" src=\"https:\/\/longweielec.com\/wp-content\/uploads\/2022\/08\/1661648165-longwei_workshop_view.jpg\" class=\"attachment-large size-large wp-image-297\" alt=\"Vista del taller de Longwei\" srcset=\"\/\/longweielec.com\/wp-content\/uploads\/2022\/08\/1661648165-longwei_workshop_view.jpg 360w, \/\/longweielec.com\/wp-content\/uploads\/2022\/08\/1661648165-longwei_workshop_view-300x199.jpg 300w\" sizes=\"(max-width: 360px) 100vw, 360px\" \/>\t\t\t\t\t\t\t\t\t\t\t\t\t\t\t<\/div>\n\t\t\t\t\t<\/div>\n\t\t<\/div>\n\t\t\t\t\t<\/div>\n\t\t<\/section>\n\t\t\t\t<div class=\"elementor-element elementor-element-a965a75 elementor-widget elementor-widget-heading\" data-id=\"a965a75\" data-element_type=\"widget\" data-widget_type=\"heading.default\">\n\t\t\t\t\t<h2 class=\"elementor-heading-title elementor-size-default\">Certificaci\u00f3n<\/h2>\t\t\t\t<\/div>\n\t\t\t\t<div class=\"elementor-element elementor-element-defeebb elementor-skin-slideshow elementor-arrows-yes elementor-widget elementor-widget-media-carousel\" data-id=\"defeebb\" data-element_type=\"widget\" data-settings=\"{&quot;skin&quot;:&quot;slideshow&quot;,&quot;lazyload&quot;:&quot;yes&quot;,&quot;effect&quot;:&quot;slide&quot;,&quot;show_arrows&quot;:&quot;yes&quot;,&quot;speed&quot;:500,&quot;autoplay&quot;:&quot;yes&quot;,&quot;autoplay_speed&quot;:5000,&quot;loop&quot;:&quot;yes&quot;,&quot;pause_on_hover&quot;:&quot;yes&quot;,&quot;pause_on_interaction&quot;:&quot;yes&quot;,&quot;space_between&quot;:{&quot;unit&quot;:&quot;px&quot;,&quot;size&quot;:10,&quot;sizes&quot;:[]},&quot;space_between_tablet&quot;:{&quot;unit&quot;:&quot;px&quot;,&quot;size&quot;:10,&quot;sizes&quot;:[]},&quot;space_between_mobile&quot;:{&quot;unit&quot;:&quot;px&quot;,&quot;size&quot;:10,&quot;sizes&quot;:[]}}\" data-widget_type=\"media-carousel.default\">\n\t\t\t\t\t\t\t\t\t\t<div class=\"elementor-main-swiper swiper\" role=\"region\" aria-roledescription=\"carousel\" aria-label=\"Diapositivas\">\n\t\t\t\t<div class=\"swiper-wrapper\">\n\t\t\t\t\t\t\t\t\t\t\t<div class=\"swiper-slide\" role=\"group\" aria-roledescription=\"slide\">\n\t\t\t\t\t\t\t\t\t<div class=\"elementor-carousel-image swiper-lazy\" role=\"img\" aria-label=\"Certificaci\u00f3n CE\" data-background=\"https:\/\/longweielec.com\/wp-content\/uploads\/2022\/08\/1661645968-CE_certification.png\">\n\n\t\t\t\t\t\t\t<div class=\"swiper-lazy-preloader\"><\/div>\n\t\t\t\n\t\t\t\t\t<\/div>\n\t\t\t\t\t\t\t\t<\/div>\n\t\t\t\t\t\t\t\t\t\t\t<div class=\"swiper-slide\" role=\"group\" aria-roledescription=\"slide\">\n\t\t\t\t\t\t\t\t\t<div class=\"elementor-carousel-image swiper-lazy\" role=\"img\" aria-label=\"Certificaci\u00f3n CE-LVD\" data-background=\"https:\/\/longweielec.com\/wp-content\/uploads\/2022\/08\/1661646006-CE-LVD_certification.jpg\">\n\n\t\t\t\t\t\t\t<div class=\"swiper-lazy-preloader\"><\/div>\n\t\t\t\n\t\t\t\t\t<\/div>\n\t\t\t\t\t\t\t\t<\/div>\n\t\t\t\t\t\t\t\t\t\t\t<div class=\"swiper-slide\" role=\"group\" aria-roledescription=\"slide\">\n\t\t\t\t\t\t\t\t\t<div class=\"elementor-carousel-image swiper-lazy\" role=\"img\" aria-label=\"1661646047-FCC_certification_by_HKTC\" data-background=\"https:\/\/longweielec.com\/wp-content\/uploads\/2022\/08\/1661646047-FCC_certification_by_HKTC.png\">\n\n\t\t\t\t\t\t\t<div class=\"swiper-lazy-preloader\"><\/div>\n\t\t\t\n\t\t\t\t\t<\/div>\n\t\t\t\t\t\t\t\t<\/div>\n\t\t\t\t\t\t\t\t\t\t\t<div class=\"swiper-slide\" role=\"group\" aria-roledescription=\"slide\">\n\t\t\t\t\t\t\t\t\t<div class=\"elementor-carousel-image swiper-lazy\" role=\"img\" aria-label=\"1661646078-FCC_certification_by_POCE\" data-background=\"https:\/\/longweielec.com\/wp-content\/uploads\/2022\/08\/1661646078-FCC_certification_by_POCE.png\">\n\n\t\t\t\t\t\t\t<div class=\"swiper-lazy-preloader\"><\/div>\n\t\t\t\n\t\t\t\t\t<\/div>\n\t\t\t\t\t\t\t\t<\/div>\n\t\t\t\t\t\t\t\t\t<\/div>\n\t\t\t\t\t\t\t\t\t\t\t\t\t\t\t<div class=\"elementor-swiper-button elementor-swiper-button-prev\" role=\"button\" tabindex=\"0\" aria-label=\"Anterior\">\n\t\t\t\t\t\t\t<svg aria-hidden=\"true\" class=\"e-font-icon-svg e-eicon-chevron-left\" viewbox=\"0 0 1000 1000\" xmlns=\"http:\/\/www.w3.org\/2000\/svg\"><path d=\"M646 125C629 125 613 133 604 142L308 442C296 454 292 471 292 487 292 504 296 521 308 533L604 854C617 867 629 875 646 875 663 875 679 871 692 858 704 846 713 829 713 812 713 796 708 779 692 767L438 487 692 225C700 217 708 204 708 187 708 171 704 154 692 142 675 129 663 125 646 125Z\"><\/path><\/svg>\t\t\t\t\t\t<\/div>\n\t\t\t\t\t\t<div class=\"elementor-swiper-button elementor-swiper-button-next\" role=\"button\" tabindex=\"0\" aria-label=\"Siguiente\">\n\t\t\t\t\t\t\t<svg aria-hidden=\"true\" class=\"e-font-icon-svg e-eicon-chevron-right\" viewbox=\"0 0 1000 1000\" xmlns=\"http:\/\/www.w3.org\/2000\/svg\"><path d=\"M696 533C708 521 713 504 713 487 713 471 708 454 696 446L400 146C388 133 375 125 354 125 338 125 325 129 313 142 300 154 292 171 292 187 292 204 296 221 308 233L563 492 304 771C292 783 288 800 288 817 288 833 296 850 308 863 321 871 338 875 354 875 371 875 388 867 400 854L696 533Z\"><\/path><\/svg>\t\t\t\t\t\t<\/div>\n\t\t\t\t\t\t\t\t\t\t\t\t\t\t\t\t\t<\/div>\n\t\t\t\t\t\t\t\t\t<div class=\"elementor-main-swiper swiper elementor-thumbnails-swiper swiper\" role=\"region region\" aria-roledescription=\"carousel carousel\" aria-label=\"Diapositivas Diapositivas\">\n\t\t\t\t<div class=\"swiper-wrapper\">\n\t\t\t\t\t\t\t\t\t\t\t<div class=\"swiper-slide\" role=\"group\" aria-roledescription=\"slide\">\n\t\t\t\t\t\t\t\t\t<div class=\"elementor-carousel-image swiper-lazy\" role=\"img\" aria-label=\"Certificaci\u00f3n CE\" data-background=\"https:\/\/longweielec.com\/wp-content\/uploads\/2022\/08\/1661645968-CE_certification.png\">\n\n\t\t\t\t\t\t\t<div class=\"swiper-lazy-preloader\"><\/div>\n\t\t\t\n\t\t\t\t\t<\/div>\n\t\t\t\t\t\t\t\t<\/div>\n\t\t\t\t\t\t\t\t\t\t\t<div class=\"swiper-slide\" role=\"group\" aria-roledescription=\"slide\">\n\t\t\t\t\t\t\t\t\t<div class=\"elementor-carousel-image swiper-lazy\" role=\"img\" aria-label=\"Certificaci\u00f3n CE-LVD\" data-background=\"https:\/\/longweielec.com\/wp-content\/uploads\/2022\/08\/1661646006-CE-LVD_certification.jpg\">\n\n\t\t\t\t\t\t\t<div class=\"swiper-lazy-preloader\"><\/div>\n\t\t\t\n\t\t\t\t\t<\/div>\n\t\t\t\t\t\t\t\t<\/div>\n\t\t\t\t\t\t\t\t\t\t\t<div class=\"swiper-slide\" role=\"group\" aria-roledescription=\"slide\">\n\t\t\t\t\t\t\t\t\t<div class=\"elementor-carousel-image swiper-lazy\" role=\"img\" aria-label=\"1661646047-FCC_certification_by_HKTC\" data-background=\"https:\/\/longweielec.com\/wp-content\/uploads\/2022\/08\/1661646047-FCC_certification_by_HKTC.png\">\n\n\t\t\t\t\t\t\t<div class=\"swiper-lazy-preloader\"><\/div>\n\t\t\t\n\t\t\t\t\t<\/div>\n\t\t\t\t\t\t\t\t<\/div>\n\t\t\t\t\t\t\t\t\t\t\t<div class=\"swiper-slide\" role=\"group\" aria-roledescription=\"slide\">\n\t\t\t\t\t\t\t\t\t<div class=\"elementor-carousel-image swiper-lazy\" role=\"img\" aria-label=\"1661646078-FCC_certification_by_POCE\" data-background=\"https:\/\/longweielec.com\/wp-content\/uploads\/2022\/08\/1661646078-FCC_certification_by_POCE.png\">\n\n\t\t\t\t\t\t\t<div class=\"swiper-lazy-preloader\"><\/div>\n\t\t\t\n\t\t\t\t\t<\/div>\n\t\t\t\t\t\t\t\t<\/div>\n\t\t\t\t\t\t\t\t\t<\/div>\n\t\t\t\t\t\t\t\t\t\t\t\t\t\t\t\t\t\t\t\t\t<\/div>\n\t\t\t\t\t\t\t\t<\/div>\n\t\t\t\t<div class=\"elementor-element elementor-element-3348311 elementor-widget elementor-widget-heading\" data-id=\"3348311\" data-element_type=\"widget\" data-widget_type=\"heading.default\">\n\t\t\t\t\t<h2 class=\"elementor-heading-title elementor-size-default\">Feria de muestras<\/h2>\t\t\t\t<\/div>\n\t\t\t\t<div class=\"elementor-element elementor-element-8be8b7a elementor-widget elementor-widget-image\" data-id=\"8be8b7a\" data-element_type=\"widget\" data-widget_type=\"image.default\">\n\t\t\t\t\t\t\t\t\t\t\t\t\t\t\t<img loading=\"lazy\" decoding=\"async\" width=\"760\" height=\"500\" src=\"https:\/\/longweielec.com\/wp-content\/uploads\/2022\/08\/1661646987-Hongkong_global_sourcing_fair_in_2016.jpg\" class=\"attachment-large size-large wp-image-292\" alt=\"\" srcset=\"\/\/longweielec.com\/wp-content\/uploads\/2022\/08\/1661646987-Hongkong_global_sourcing_fair_in_2016.jpg 760w, \/\/longweielec.com\/wp-content\/uploads\/2022\/08\/1661646987-Hongkong_global_sourcing_fair_in_2016-600x395.jpg 600w, \/\/longweielec.com\/wp-content\/uploads\/2022\/08\/1661646987-Hongkong_global_sourcing_fair_in_2016-300x197.jpg 300w\" sizes=\"(max-width: 760px) 100vw, 760px\" \/>\t\t\t\t\t\t\t\t\t\t\t\t\t\t\t<\/div>\n\t\t\t\t<div class=\"elementor-element elementor-element-0c3ddc7 elementor-widget elementor-widget-image\" data-id=\"0c3ddc7\" data-element_type=\"widget\" data-widget_type=\"image.default\">\n\t\t\t\t\t\t\t\t\t\t\t\t\t\t\t<img loading=\"lazy\" decoding=\"async\" width=\"760\" height=\"500\" src=\"https:\/\/longweielec.com\/wp-content\/uploads\/2022\/08\/1661647071-Hongkong_global_sourcing_fair_in_2017.jpg\" class=\"attachment-large size-large wp-image-293\" alt=\"Hongkong_global_sourcing_fair_in_2017\" srcset=\"\/\/longweielec.com\/wp-content\/uploads\/2022\/08\/1661647071-Hongkong_global_sourcing_fair_in_2017.jpg 760w, \/\/longweielec.com\/wp-content\/uploads\/2022\/08\/1661647071-Hongkong_global_sourcing_fair_in_2017-600x395.jpg 600w, \/\/longweielec.com\/wp-content\/uploads\/2022\/08\/1661647071-Hongkong_global_sourcing_fair_in_2017-300x197.jpg 300w\" sizes=\"(max-width: 760px) 100vw, 760px\" \/>\t\t\t\t\t\t\t\t\t\t\t\t\t\t\t<\/div>\n\t\t\t\t<div class=\"elementor-element elementor-element-596e693 elementor-widget elementor-widget-image\" data-id=\"596e693\" data-element_type=\"widget\" data-widget_type=\"image.default\">\n\t\t\t\t\t\t\t\t\t\t\t\t\t\t\t<img loading=\"lazy\" decoding=\"async\" width=\"736\" height=\"484\" src=\"https:\/\/longweielec.com\/wp-content\/uploads\/2022\/08\/1661647118-Hongkong_global_sourcing_fair_in_2017_2.jpg\" class=\"attachment-large size-large wp-image-294\" alt=\"\" srcset=\"\/\/longweielec.com\/wp-content\/uploads\/2022\/08\/1661647118-Hongkong_global_sourcing_fair_in_2017_2.jpg 736w, \/\/longweielec.com\/wp-content\/uploads\/2022\/08\/1661647118-Hongkong_global_sourcing_fair_in_2017_2-600x395.jpg 600w, \/\/longweielec.com\/wp-content\/uploads\/2022\/08\/1661647118-Hongkong_global_sourcing_fair_in_2017_2-300x197.jpg 300w\" sizes=\"(max-width: 736px) 100vw, 736px\" \/>\t\t\t\t\t\t\t\t\t\t\t\t\t\t\t<\/div>\n\t\t\t\t\t<\/div>\n\t\t<\/div>\n\t\t\t\t\t<\/div>\n\t\t<\/section>\n\t\t\t\t<\/div>","protected":false},"excerpt":{"rendered":"<p>Perfil de la empresa Dongguan Longwei Electronic Technology Co. Ltd. (Formalmente conocida como HK Longwei) se fund\u00f3 en 1996, especializ\u00e1ndose en la fabricaci\u00f3n de osciloscopios, fuentes de alimentaci\u00f3n reguladas de moneda directa e instrumentos especiales. En los \u00faltimos a\u00f1os, Dongguan Longwei Electronic Technology Co., Ltd. ha sido bien aceptada por clientes tanto nacionales como extranjeros. La calidad de nuestros productos mejora sin cesar [...]<\/p>","protected":false},"author":1,"featured_media":0,"parent":0,"menu_order":60,"comment_status":"closed","ping_status":"closed","template":"","meta":{"footnotes":""},"class_list":["post-38","page","type-page","status-publish","hentry"],"_links":{"self":[{"href":"https:\/\/longweielec.com\/es\/wp-json\/wp\/v2\/pages\/38","targetHints":{"allow":["GET"]}}],"collection":[{"href":"https:\/\/longweielec.com\/es\/wp-json\/wp\/v2\/pages"}],"about":[{"href":"https:\/\/longweielec.com\/es\/wp-json\/wp\/v2\/types\/page"}],"author":[{"embeddable":true,"href":"https:\/\/longweielec.com\/es\/wp-json\/wp\/v2\/users\/1"}],"replies":[{"embeddable":true,"href":"https:\/\/longweielec.com\/es\/wp-json\/wp\/v2\/comments?post=38"}],"version-history":[{"count":6,"href":"https:\/\/longweielec.com\/es\/wp-json\/wp\/v2\/pages\/38\/revisions"}],"predecessor-version":[{"id":2411,"href":"https:\/\/longweielec.com\/es\/wp-json\/wp\/v2\/pages\/38\/revisions\/2411"}],"wp:attachment":[{"href":"https:\/\/longweielec.com\/es\/wp-json\/wp\/v2\/media?parent=38"}],"curies":[{"name":"wp","href":"https:\/\/api.w.org\/{rel}","templated":true}]}}