{"id":1118,"date":"2022-09-18T14:50:05","date_gmt":"2022-09-18T06:50:05","guid":{"rendered":"https:\/\/longweielec.com\/?post_type=product&#038;p=1118"},"modified":"2025-07-19T22:11:09","modified_gmt":"2025-07-19T14:11:09","slug":"l-212","status":"publish","type":"product","link":"https:\/\/longweielec.com\/es\/product\/l-212","title":{"rendered":"L-212 Osciloscopio anal\u00f3gico de doble traza de 20 MHz"},"content":{"rendered":"<div data-elementor-type=\"section\" data-elementor-id=\"1129\" class=\"elementor elementor-1129\" data-elementor-post-type=\"elementor_library\">\n\t\t\t\t\t<section class=\"elementor-section elementor-top-section elementor-element elementor-element-3df7c28c elementor-section-full_width elementor-section-height-default elementor-section-height-default\" data-id=\"3df7c28c\" data-element_type=\"section\">\n\t\t\t\t\t\t<div class=\"elementor-container elementor-column-gap-no\">\n\t\t\t\t\t<div class=\"elementor-column elementor-col-100 elementor-top-column elementor-element elementor-element-99709\" data-id=\"99709\" data-element_type=\"column\">\n\t\t\t<div class=\"elementor-widget-wrap elementor-element-populated\">\n\t\t\t\t\t\t<div class=\"elementor-element elementor-element-772599a8 elementor-widget elementor-widget-image\" data-id=\"772599a8\" data-element_type=\"widget\" data-widget_type=\"image.default\">\n\t\t\t\t\t\t\t\t\t\t\t\t\t\t\t<img fetchpriority=\"high\" decoding=\"async\" width=\"800\" height=\"900\" src=\"https:\/\/longweielec.com\/wp-content\/uploads\/2022\/09\/1663489185-benchtop-analog-oscilloscope-description-1.jpg\" class=\"attachment-full size-full wp-image-1131\" alt=\"\" srcset=\"\/\/longweielec.com\/wp-content\/uploads\/2022\/09\/1663489185-benchtop-analog-oscilloscope-description-1.jpg 800w, \/\/longweielec.com\/wp-content\/uploads\/2022\/09\/1663489185-benchtop-analog-oscilloscope-description-1-600x675.jpg 600w, \/\/longweielec.com\/wp-content\/uploads\/2022\/09\/1663489185-benchtop-analog-oscilloscope-description-1-267x300.jpg 267w, \/\/longweielec.com\/wp-content\/uploads\/2022\/09\/1663489185-benchtop-analog-oscilloscope-description-1-768x864.jpg 768w\" sizes=\"(max-width: 800px) 100vw, 800px\" \/>\t\t\t\t\t\t\t\t\t\t\t\t\t\t\t<\/div>\n\t\t\t\t<div class=\"elementor-element elementor-element-6c91d4a4 elementor-widget elementor-widget-image\" data-id=\"6c91d4a4\" data-element_type=\"widget\" data-widget_type=\"image.default\">\n\t\t\t\t\t\t\t\t\t\t\t\t\t\t\t<img decoding=\"async\" width=\"800\" height=\"800\" src=\"https:\/\/longweielec.com\/wp-content\/uploads\/2022\/09\/1663489203-benchtop-analog-oscilloscope-description-2.jpg\" class=\"attachment-full size-full wp-image-1132\" alt=\"\" srcset=\"\/\/longweielec.com\/wp-content\/uploads\/2022\/09\/1663489203-benchtop-analog-oscilloscope-description-2.jpg 800w, \/\/longweielec.com\/wp-content\/uploads\/2022\/09\/1663489203-benchtop-analog-oscilloscope-description-2-300x300.jpg 300w, \/\/longweielec.com\/wp-content\/uploads\/2022\/09\/1663489203-benchtop-analog-oscilloscope-description-2-100x100.jpg 100w, \/\/longweielec.com\/wp-content\/uploads\/2022\/09\/1663489203-benchtop-analog-oscilloscope-description-2-600x600.jpg 600w, \/\/longweielec.com\/wp-content\/uploads\/2022\/09\/1663489203-benchtop-analog-oscilloscope-description-2-150x150.jpg 150w, \/\/longweielec.com\/wp-content\/uploads\/2022\/09\/1663489203-benchtop-analog-oscilloscope-description-2-768x768.jpg 768w\" sizes=\"(max-width: 800px) 100vw, 800px\" \/>\t\t\t\t\t\t\t\t\t\t\t\t\t\t\t<\/div>\n\t\t\t\t<div class=\"elementor-element elementor-element-7ad3ba12 elementor-widget elementor-widget-image\" data-id=\"7ad3ba12\" data-element_type=\"widget\" data-widget_type=\"image.default\">\n\t\t\t\t\t\t\t\t\t\t\t\t\t\t\t<img decoding=\"async\" width=\"800\" height=\"800\" src=\"https:\/\/longweielec.com\/wp-content\/uploads\/2022\/09\/1663489220-benchtop-analog-oscilloscope-description-3.jpg\" class=\"attachment-full size-full wp-image-1133\" alt=\"\" srcset=\"\/\/longweielec.com\/wp-content\/uploads\/2022\/09\/1663489220-benchtop-analog-oscilloscope-description-3.jpg 800w, \/\/longweielec.com\/wp-content\/uploads\/2022\/09\/1663489220-benchtop-analog-oscilloscope-description-3-300x300.jpg 300w, \/\/longweielec.com\/wp-content\/uploads\/2022\/09\/1663489220-benchtop-analog-oscilloscope-description-3-100x100.jpg 100w, \/\/longweielec.com\/wp-content\/uploads\/2022\/09\/1663489220-benchtop-analog-oscilloscope-description-3-600x600.jpg 600w, \/\/longweielec.com\/wp-content\/uploads\/2022\/09\/1663489220-benchtop-analog-oscilloscope-description-3-150x150.jpg 150w, \/\/longweielec.com\/wp-content\/uploads\/2022\/09\/1663489220-benchtop-analog-oscilloscope-description-3-768x768.jpg 768w\" sizes=\"(max-width: 800px) 100vw, 800px\" \/>\t\t\t\t\t\t\t\t\t\t\t\t\t\t\t<\/div>\n\t\t\t\t<div class=\"elementor-element elementor-element-3307843f elementor-widget elementor-widget-image\" data-id=\"3307843f\" data-element_type=\"widget\" data-widget_type=\"image.default\">\n\t\t\t\t\t\t\t\t\t\t\t\t\t\t\t<img loading=\"lazy\" decoding=\"async\" width=\"800\" height=\"800\" src=\"https:\/\/longweielec.com\/wp-content\/uploads\/2022\/09\/1663489254-benchtop-analog-oscilloscope-description-4.jpg\" class=\"attachment-full size-full wp-image-1134\" alt=\"\" srcset=\"\/\/longweielec.com\/wp-content\/uploads\/2022\/09\/1663489254-benchtop-analog-oscilloscope-description-4.jpg 800w, \/\/longweielec.com\/wp-content\/uploads\/2022\/09\/1663489254-benchtop-analog-oscilloscope-description-4-300x300.jpg 300w, \/\/longweielec.com\/wp-content\/uploads\/2022\/09\/1663489254-benchtop-analog-oscilloscope-description-4-100x100.jpg 100w, \/\/longweielec.com\/wp-content\/uploads\/2022\/09\/1663489254-benchtop-analog-oscilloscope-description-4-600x600.jpg 600w, \/\/longweielec.com\/wp-content\/uploads\/2022\/09\/1663489254-benchtop-analog-oscilloscope-description-4-150x150.jpg 150w, \/\/longweielec.com\/wp-content\/uploads\/2022\/09\/1663489254-benchtop-analog-oscilloscope-description-4-768x768.jpg 768w\" sizes=\"(max-width: 800px) 100vw, 800px\" \/>\t\t\t\t\t\t\t\t\t\t\t\t\t\t\t<\/div>\n\t\t\t\t<div class=\"elementor-element elementor-element-2a10766c elementor-widget elementor-widget-image\" data-id=\"2a10766c\" data-element_type=\"widget\" data-widget_type=\"image.default\">\n\t\t\t\t\t\t\t\t\t\t\t\t\t\t\t<img loading=\"lazy\" decoding=\"async\" width=\"800\" height=\"800\" src=\"https:\/\/longweielec.com\/wp-content\/uploads\/2022\/09\/1663489275-benchtop-analog-oscilloscope-description-5.jpg\" class=\"attachment-full size-full wp-image-1135\" alt=\"\" srcset=\"\/\/longweielec.com\/wp-content\/uploads\/2022\/09\/1663489275-benchtop-analog-oscilloscope-description-5.jpg 800w, \/\/longweielec.com\/wp-content\/uploads\/2022\/09\/1663489275-benchtop-analog-oscilloscope-description-5-300x300.jpg 300w, \/\/longweielec.com\/wp-content\/uploads\/2022\/09\/1663489275-benchtop-analog-oscilloscope-description-5-100x100.jpg 100w, \/\/longweielec.com\/wp-content\/uploads\/2022\/09\/1663489275-benchtop-analog-oscilloscope-description-5-600x600.jpg 600w, \/\/longweielec.com\/wp-content\/uploads\/2022\/09\/1663489275-benchtop-analog-oscilloscope-description-5-150x150.jpg 150w, \/\/longweielec.com\/wp-content\/uploads\/2022\/09\/1663489275-benchtop-analog-oscilloscope-description-5-768x768.jpg 768w\" sizes=\"(max-width: 800px) 100vw, 800px\" \/>\t\t\t\t\t\t\t\t\t\t\t\t\t\t\t<\/div>\n\t\t\t\t<div class=\"elementor-element elementor-element-6293ba72 elementor-widget elementor-widget-image\" data-id=\"6293ba72\" data-element_type=\"widget\" data-widget_type=\"image.default\">\n\t\t\t\t\t\t\t\t\t\t\t\t\t\t\t<img loading=\"lazy\" decoding=\"async\" width=\"800\" height=\"800\" src=\"https:\/\/longweielec.com\/wp-content\/uploads\/2022\/09\/1663489318-benchtop-analog-oscilloscope-description-6.jpg\" class=\"attachment-large size-large wp-image-1136\" alt=\"\" srcset=\"\/\/longweielec.com\/wp-content\/uploads\/2022\/09\/1663489318-benchtop-analog-oscilloscope-description-6.jpg 800w, \/\/longweielec.com\/wp-content\/uploads\/2022\/09\/1663489318-benchtop-analog-oscilloscope-description-6-300x300.jpg 300w, \/\/longweielec.com\/wp-content\/uploads\/2022\/09\/1663489318-benchtop-analog-oscilloscope-description-6-100x100.jpg 100w, \/\/longweielec.com\/wp-content\/uploads\/2022\/09\/1663489318-benchtop-analog-oscilloscope-description-6-600x600.jpg 600w, \/\/longweielec.com\/wp-content\/uploads\/2022\/09\/1663489318-benchtop-analog-oscilloscope-description-6-150x150.jpg 150w, \/\/longweielec.com\/wp-content\/uploads\/2022\/09\/1663489318-benchtop-analog-oscilloscope-description-6-768x768.jpg 768w\" sizes=\"(max-width: 800px) 100vw, 800px\" \/>\t\t\t\t\t\t\t\t\t\t\t\t\t\t\t<\/div>\n\t\t\t\t<div class=\"elementor-element elementor-element-4eeaf0f8 elementor-widget elementor-widget-image\" data-id=\"4eeaf0f8\" data-element_type=\"widget\" data-widget_type=\"image.default\">\n\t\t\t\t\t\t\t\t\t\t\t\t\t\t\t<img loading=\"lazy\" decoding=\"async\" width=\"800\" height=\"900\" src=\"https:\/\/longweielec.com\/wp-content\/uploads\/2022\/09\/1663489388-benchtop-analog-oscilloscope-description-7.jpg\" class=\"attachment-full size-full wp-image-1137\" alt=\"\" srcset=\"\/\/longweielec.com\/wp-content\/uploads\/2022\/09\/1663489388-benchtop-analog-oscilloscope-description-7.jpg 800w, \/\/longweielec.com\/wp-content\/uploads\/2022\/09\/1663489388-benchtop-analog-oscilloscope-description-7-600x675.jpg 600w, \/\/longweielec.com\/wp-content\/uploads\/2022\/09\/1663489388-benchtop-analog-oscilloscope-description-7-267x300.jpg 267w, \/\/longweielec.com\/wp-content\/uploads\/2022\/09\/1663489388-benchtop-analog-oscilloscope-description-7-768x864.jpg 768w\" sizes=\"(max-width: 800px) 100vw, 800px\" \/>\t\t\t\t\t\t\t\t\t\t\t\t\t\t\t<\/div>\n\t\t\t\t<div class=\"elementor-element elementor-element-1b7b3715 elementor-widget elementor-widget-image\" data-id=\"1b7b3715\" data-element_type=\"widget\" data-widget_type=\"image.default\">\n\t\t\t\t\t\t\t\t\t\t\t\t\t\t\t<img loading=\"lazy\" decoding=\"async\" width=\"800\" height=\"800\" src=\"https:\/\/longweielec.com\/wp-content\/uploads\/2022\/09\/1663489412-benchtop-analog-oscilloscope-description-8.jpg\" class=\"attachment-full size-full wp-image-1138\" alt=\"\" srcset=\"\/\/longweielec.com\/wp-content\/uploads\/2022\/09\/1663489412-benchtop-analog-oscilloscope-description-8.jpg 800w, \/\/longweielec.com\/wp-content\/uploads\/2022\/09\/1663489412-benchtop-analog-oscilloscope-description-8-300x300.jpg 300w, \/\/longweielec.com\/wp-content\/uploads\/2022\/09\/1663489412-benchtop-analog-oscilloscope-description-8-100x100.jpg 100w, \/\/longweielec.com\/wp-content\/uploads\/2022\/09\/1663489412-benchtop-analog-oscilloscope-description-8-600x600.jpg 600w, \/\/longweielec.com\/wp-content\/uploads\/2022\/09\/1663489412-benchtop-analog-oscilloscope-description-8-150x150.jpg 150w, \/\/longweielec.com\/wp-content\/uploads\/2022\/09\/1663489412-benchtop-analog-oscilloscope-description-8-768x768.jpg 768w\" sizes=\"(max-width: 800px) 100vw, 800px\" \/>\t\t\t\t\t\t\t\t\t\t\t\t\t\t\t<\/div>\n\t\t\t\t<div class=\"elementor-element elementor-element-11e1c9bb elementor-widget elementor-widget-image\" data-id=\"11e1c9bb\" data-element_type=\"widget\" data-widget_type=\"image.default\">\n\t\t\t\t\t\t\t\t\t\t\t\t\t\t\t<img loading=\"lazy\" decoding=\"async\" width=\"800\" height=\"900\" src=\"https:\/\/longweielec.com\/wp-content\/uploads\/2022\/09\/1663489434-benchtop-analog-oscilloscope-description-9.jpg\" class=\"attachment-full size-full wp-image-1139\" alt=\"\" srcset=\"\/\/longweielec.com\/wp-content\/uploads\/2022\/09\/1663489434-benchtop-analog-oscilloscope-description-9.jpg 800w, \/\/longweielec.com\/wp-content\/uploads\/2022\/09\/1663489434-benchtop-analog-oscilloscope-description-9-600x675.jpg 600w, \/\/longweielec.com\/wp-content\/uploads\/2022\/09\/1663489434-benchtop-analog-oscilloscope-description-9-267x300.jpg 267w, \/\/longweielec.com\/wp-content\/uploads\/2022\/09\/1663489434-benchtop-analog-oscilloscope-description-9-768x864.jpg 768w\" sizes=\"(max-width: 800px) 100vw, 800px\" \/>\t\t\t\t\t\t\t\t\t\t\t\t\t\t\t<\/div>\n\t\t\t\t\t<\/div>\n\t\t<\/div>\n\t\t\t\t\t<\/div>\n\t\t<\/section>\n\t\t\t\t<\/div>","protected":false},"excerpt":{"rendered":"<ul>\n<li><strong>Canales dobles\/trazas dobles<\/strong>: Permite la observaci\u00f3n simult\u00e1nea de dos se\u00f1ales en modo X-Y.<\/li>\n<li><strong>Pantalla de alto brillo de 6 pulgadas<\/strong>: Visibilidad mejorada con un tubo de osciloscopio brillante para lecturas m\u00e1s claras.<\/li>\n<li><strong>Disparo de alta sensibilidad<\/strong>: Captura se\u00f1ales tan bajas como 1mV\/divisi\u00f3n, proporcionando una visualizaci\u00f3n m\u00e1s n\u00edtida que los osciloscopios est\u00e1ndar.<\/li>\n<li><strong>Circuito de sincronizaci\u00f3n de TV<\/strong>: Permite la observaci\u00f3n estable de se\u00f1ales de TV para un an\u00e1lisis preciso.<\/li>\n<li><strong>M\u00faltiples modos de disparo<\/strong>: Ofrece opciones de disparo AUTO, NORM, AV-V y AV-H para una captura flexible de la se\u00f1al.<\/li>\n<li><strong>Modos verticales<\/strong>: Admite los modos ALT, CHOP y ADD para un an\u00e1lisis vers\u00e1til de las se\u00f1ales.<\/li>\n<li><strong>Ajustes X-Y ajustables<\/strong>: El eje X puede ajustarse a x10 y el eje Y a x5 para mejorar la precisi\u00f3n de la medici\u00f3n.<\/li>\n<li><strong>Inversi\u00f3n de polaridad<\/strong>: Permite cambiar f\u00e1cilmente la polaridad de la se\u00f1al para realizar an\u00e1lisis exhaustivos.<\/li>\n<li><strong>CH1 Salida de sincronizaci\u00f3n<\/strong>: Proporciona salida de sincronizaci\u00f3n desde el Canal 1 para opciones de conectividad adicionales.<\/li>\n<\/ul>","protected":false},"featured_media":1120,"template":"","meta":[],"product_brand":[],"product_cat":[29],"product_tag":[94],"class_list":{"0":"post-1118","1":"product","2":"type-product","3":"status-publish","4":"has-post-thumbnail","6":"product_cat-oscilloscope","7":"product_tag-analog-oscilloscope","9":"first","10":"instock","11":"shipping-taxable","12":"purchasable","13":"product-type-variable","14":"has-default-attributes"},"_links":{"self":[{"href":"https:\/\/longweielec.com\/es\/wp-json\/wp\/v2\/product\/1118","targetHints":{"allow":["GET"]}}],"collection":[{"href":"https:\/\/longweielec.com\/es\/wp-json\/wp\/v2\/product"}],"about":[{"href":"https:\/\/longweielec.com\/es\/wp-json\/wp\/v2\/types\/product"}],"wp:featuredmedia":[{"embeddable":true,"href":"https:\/\/longweielec.com\/es\/wp-json\/wp\/v2\/media\/1120"}],"wp:attachment":[{"href":"https:\/\/longweielec.com\/es\/wp-json\/wp\/v2\/media?parent=1118"}],"wp:term":[{"taxonomy":"product_brand","embeddable":true,"href":"https:\/\/longweielec.com\/es\/wp-json\/wp\/v2\/product_brand?post=1118"},{"taxonomy":"product_cat","embeddable":true,"href":"https:\/\/longweielec.com\/es\/wp-json\/wp\/v2\/product_cat?post=1118"},{"taxonomy":"product_tag","embeddable":true,"href":"https:\/\/longweielec.com\/es\/wp-json\/wp\/v2\/product_tag?post=1118"}],"curies":[{"name":"wp","href":"https:\/\/api.w.org\/{rel}","templated":true}]}}