{"id":1223,"date":"2022-10-06T20:51:57","date_gmt":"2022-10-06T12:51:57","guid":{"rendered":"https:\/\/longweielec.com\/?post_type=product&#038;p=1223"},"modified":"2025-07-19T22:11:05","modified_gmt":"2025-07-19T14:11:05","slug":"tsg-17","status":"publish","type":"product","link":"https:\/\/longweielec.com\/es\/product\/tsg-17","title":{"rendered":"Generador de se\u00f1ales de radio TSG-17"},"content":{"rendered":"<div data-elementor-type=\"section\" data-elementor-id=\"833\" class=\"elementor elementor-833\" data-elementor-post-type=\"elementor_library\">\n\t\t\t\t\t<section class=\"elementor-section elementor-top-section elementor-element elementor-element-18a10bb2 elementor-section-full_width elementor-section-height-default elementor-section-height-default\" data-id=\"18a10bb2\" data-element_type=\"section\">\n\t\t\t\t\t\t<div class=\"elementor-container elementor-column-gap-no\">\n\t\t\t\t\t<div class=\"elementor-column elementor-col-100 elementor-top-column elementor-element elementor-element-7325be5c\" data-id=\"7325be5c\" data-element_type=\"column\">\n\t\t\t<div class=\"elementor-widget-wrap elementor-element-populated\">\n\t\t\t\t\t\t<div class=\"elementor-element elementor-element-36560cb3 elementor-widget elementor-widget-image\" data-id=\"36560cb3\" data-element_type=\"widget\" data-widget_type=\"image.default\">\n\t\t\t\t\t\t\t\t\t\t\t\t\t\t\t<img fetchpriority=\"high\" decoding=\"async\" width=\"800\" height=\"800\" src=\"https:\/\/longweielec.com\/wp-content\/uploads\/2022\/10\/1665070457-radio-frequency-signal-generator-1.jpg\" class=\"attachment-full size-full wp-image-1234\" alt=\"\" srcset=\"\/\/longweielec.com\/wp-content\/uploads\/2022\/10\/1665070457-radio-frequency-signal-generator-1.jpg 800w, \/\/longweielec.com\/wp-content\/uploads\/2022\/10\/1665070457-radio-frequency-signal-generator-1-300x300.jpg 300w, \/\/longweielec.com\/wp-content\/uploads\/2022\/10\/1665070457-radio-frequency-signal-generator-1-100x100.jpg 100w, \/\/longweielec.com\/wp-content\/uploads\/2022\/10\/1665070457-radio-frequency-signal-generator-1-600x600.jpg 600w, \/\/longweielec.com\/wp-content\/uploads\/2022\/10\/1665070457-radio-frequency-signal-generator-1-150x150.jpg 150w, \/\/longweielec.com\/wp-content\/uploads\/2022\/10\/1665070457-radio-frequency-signal-generator-1-768x768.jpg 768w\" sizes=\"(max-width: 800px) 100vw, 800px\" \/>\t\t\t\t\t\t\t\t\t\t\t\t\t\t\t<\/div>\n\t\t\t\t<div class=\"elementor-element elementor-element-556d8c37 elementor-widget elementor-widget-image\" data-id=\"556d8c37\" data-element_type=\"widget\" data-widget_type=\"image.default\">\n\t\t\t\t\t\t\t\t\t\t\t\t\t\t\t<img decoding=\"async\" width=\"800\" height=\"900\" src=\"https:\/\/longweielec.com\/wp-content\/uploads\/2022\/10\/1665070499-radio-frequency-signal-generator-2.jpg\" class=\"attachment-full size-full wp-image-1235\" alt=\"\" srcset=\"\/\/longweielec.com\/wp-content\/uploads\/2022\/10\/1665070499-radio-frequency-signal-generator-2.jpg 800w, \/\/longweielec.com\/wp-content\/uploads\/2022\/10\/1665070499-radio-frequency-signal-generator-2-600x675.jpg 600w, \/\/longweielec.com\/wp-content\/uploads\/2022\/10\/1665070499-radio-frequency-signal-generator-2-267x300.jpg 267w, \/\/longweielec.com\/wp-content\/uploads\/2022\/10\/1665070499-radio-frequency-signal-generator-2-768x864.jpg 768w\" sizes=\"(max-width: 800px) 100vw, 800px\" \/>\t\t\t\t\t\t\t\t\t\t\t\t\t\t\t<\/div>\n\t\t\t\t<div class=\"elementor-element elementor-element-448f36b0 elementor-widget elementor-widget-image\" data-id=\"448f36b0\" data-element_type=\"widget\" data-widget_type=\"image.default\">\n\t\t\t\t\t\t\t\t\t\t\t\t\t\t\t<img decoding=\"async\" width=\"800\" height=\"900\" src=\"https:\/\/longweielec.com\/wp-content\/uploads\/2022\/10\/1665070536-radio-frequency-signal-generator-3.jpg\" class=\"attachment-full size-full wp-image-1236\" alt=\"\" srcset=\"\/\/longweielec.com\/wp-content\/uploads\/2022\/10\/1665070536-radio-frequency-signal-generator-3.jpg 800w, \/\/longweielec.com\/wp-content\/uploads\/2022\/10\/1665070536-radio-frequency-signal-generator-3-600x675.jpg 600w, \/\/longweielec.com\/wp-content\/uploads\/2022\/10\/1665070536-radio-frequency-signal-generator-3-267x300.jpg 267w, \/\/longweielec.com\/wp-content\/uploads\/2022\/10\/1665070536-radio-frequency-signal-generator-3-768x864.jpg 768w\" sizes=\"(max-width: 800px) 100vw, 800px\" \/>\t\t\t\t\t\t\t\t\t\t\t\t\t\t\t<\/div>\n\t\t\t\t<div class=\"elementor-element elementor-element-38d55924 elementor-widget elementor-widget-image\" data-id=\"38d55924\" data-element_type=\"widget\" data-widget_type=\"image.default\">\n\t\t\t\t\t\t\t\t\t\t\t\t\t\t\t<img loading=\"lazy\" decoding=\"async\" width=\"800\" height=\"1200\" src=\"https:\/\/longweielec.com\/wp-content\/uploads\/2022\/10\/1665070582-radio-frequency-signal-generator-4.jpg\" class=\"attachment-full size-full wp-image-1237\" alt=\"\" srcset=\"\/\/longweielec.com\/wp-content\/uploads\/2022\/10\/1665070582-radio-frequency-signal-generator-4.jpg 800w, \/\/longweielec.com\/wp-content\/uploads\/2022\/10\/1665070582-radio-frequency-signal-generator-4-600x900.jpg 600w, \/\/longweielec.com\/wp-content\/uploads\/2022\/10\/1665070582-radio-frequency-signal-generator-4-200x300.jpg 200w, \/\/longweielec.com\/wp-content\/uploads\/2022\/10\/1665070582-radio-frequency-signal-generator-4-683x1024.jpg 683w, \/\/longweielec.com\/wp-content\/uploads\/2022\/10\/1665070582-radio-frequency-signal-generator-4-768x1152.jpg 768w\" sizes=\"(max-width: 800px) 100vw, 800px\" \/>\t\t\t\t\t\t\t\t\t\t\t\t\t\t\t<\/div>\n\t\t\t\t\t<\/div>\n\t\t<\/div>\n\t\t\t\t\t<\/div>\n\t\t<\/section>\n\t\t\t\t<\/div>","protected":false},"excerpt":{"rendered":"<ul>\n<li><strong>Componentes de alta calidad<\/strong>: Ensamblado con componentes importados para una desviaci\u00f3n m\u00ednima de la precisi\u00f3n.<\/li>\n<li><strong>Amplia gama de frecuencias<\/strong>: Frecuencia de se\u00f1al de 100 kHz a 150 MHz, con soporte del tercer arm\u00f3nico hasta 450 MHz.<\/li>\n<li><strong>Formas de onda de salida vers\u00e1tiles<\/strong>: Capaz de producir ondas sinusoidales y se\u00f1ales de amplitud modulada (AM).<\/li>\n<li><strong>Capacidad de modulaci\u00f3n<\/strong>: La modulaci\u00f3n interna puede alcanzar hasta 80%-100% sobremodulaci\u00f3n dentro de 1 kHz.<\/li>\n<li><strong>Potente salida<\/strong>: Salida RF\/AM con una intensidad de se\u00f1al m\u00e1xima de \u226510 VP-P.<\/li>\n<li><strong>Modulaci\u00f3n externa ajustable<\/strong>: Los ajustes de la se\u00f1al modulada externa van de 50 Hz a 20 kHz.<\/li>\n<\/ul>","protected":false},"featured_media":1225,"template":"","meta":[],"product_brand":[],"product_cat":[30],"product_tag":[98],"class_list":{"0":"post-1223","1":"product","2":"type-product","3":"status-publish","4":"has-post-thumbnail","6":"product_cat-signal-generator","7":"product_tag-radio-signal-generator","9":"first","10":"instock","11":"shipping-taxable","12":"purchasable","13":"product-type-variable","14":"has-default-attributes"},"_links":{"self":[{"href":"https:\/\/longweielec.com\/es\/wp-json\/wp\/v2\/product\/1223","targetHints":{"allow":["GET"]}}],"collection":[{"href":"https:\/\/longweielec.com\/es\/wp-json\/wp\/v2\/product"}],"about":[{"href":"https:\/\/longweielec.com\/es\/wp-json\/wp\/v2\/types\/product"}],"wp:featuredmedia":[{"embeddable":true,"href":"https:\/\/longweielec.com\/es\/wp-json\/wp\/v2\/media\/1225"}],"wp:attachment":[{"href":"https:\/\/longweielec.com\/es\/wp-json\/wp\/v2\/media?parent=1223"}],"wp:term":[{"taxonomy":"product_brand","embeddable":true,"href":"https:\/\/longweielec.com\/es\/wp-json\/wp\/v2\/product_brand?post=1223"},{"taxonomy":"product_cat","embeddable":true,"href":"https:\/\/longweielec.com\/es\/wp-json\/wp\/v2\/product_cat?post=1223"},{"taxonomy":"product_tag","embeddable":true,"href":"https:\/\/longweielec.com\/es\/wp-json\/wp\/v2\/product_tag?post=1223"}],"curies":[{"name":"wp","href":"https:\/\/api.w.org\/{rel}","templated":true}]}}