{"id":1268,"date":"2022-10-08T11:23:54","date_gmt":"2022-10-08T03:23:54","guid":{"rendered":"https:\/\/longweielec.com\/?post_type=product&#038;p=1268"},"modified":"2025-07-19T22:11:04","modified_gmt":"2025-07-19T14:11:04","slug":"lw-7122","status":"publish","type":"product","link":"https:\/\/longweielec.com\/es\/product\/lw-7122","title":{"rendered":"LW-7122 Comprobador de Hipot de CA\/CC programable"},"content":{"rendered":"","protected":false},"excerpt":{"rendered":"<ul>\n<li><strong>Compacto y ligero<\/strong>: Tama\u00f1o ultrapeque\u00f1o para facilitar su transporte.<\/li>\n<li><strong>Funcionamiento sencillo<\/strong>: Controles sencillos con funci\u00f3n de bloqueo del teclado.<\/li>\n<li><strong>5 memorias programables<\/strong>: Cada grupo permite seleccionar entre cuatro modos de trabajo.<\/li>\n<li><strong>Pantalla LCD n\u00edtida<\/strong>: Visibilidad instant\u00e1nea del estado y los resultados de las pruebas.<\/li>\n<li><strong>Rampa de tensi\u00f3n temporizada<\/strong>: Aumento gradual de la tensi\u00f3n para el an\u00e1lisis de aver\u00edas en tiempo real.<\/li>\n<li><strong>L\u00edmites de corriente ajustables<\/strong>: Sistema de alarma inteligente para ajustes de corriente alta y baja.<\/li>\n<li><strong>Funci\u00f3n de detecci\u00f3n de arcos<\/strong>: Detecci\u00f3n de grado 1-9 para una identificaci\u00f3n precisa del arco.<\/li>\n<li><strong>Interfaz de control remoto PLC<\/strong>: Permite el funcionamiento y la supervisi\u00f3n a distancia.<\/li>\n<\/ul>","protected":false},"featured_media":1252,"template":"","meta":[],"product_brand":[],"product_cat":[31],"product_tag":[99],"class_list":{"0":"post-1268","1":"product","2":"type-product","3":"status-publish","4":"has-post-thumbnail","6":"product_cat-safety-tester","7":"product_tag-hipot-tester","9":"first","10":"instock","11":"shipping-taxable","12":"purchasable","13":"product-type-variable","14":"has-default-attributes"},"_links":{"self":[{"href":"https:\/\/longweielec.com\/es\/wp-json\/wp\/v2\/product\/1268","targetHints":{"allow":["GET"]}}],"collection":[{"href":"https:\/\/longweielec.com\/es\/wp-json\/wp\/v2\/product"}],"about":[{"href":"https:\/\/longweielec.com\/es\/wp-json\/wp\/v2\/types\/product"}],"wp:featuredmedia":[{"embeddable":true,"href":"https:\/\/longweielec.com\/es\/wp-json\/wp\/v2\/media\/1252"}],"wp:attachment":[{"href":"https:\/\/longweielec.com\/es\/wp-json\/wp\/v2\/media?parent=1268"}],"wp:term":[{"taxonomy":"product_brand","embeddable":true,"href":"https:\/\/longweielec.com\/es\/wp-json\/wp\/v2\/product_brand?post=1268"},{"taxonomy":"product_cat","embeddable":true,"href":"https:\/\/longweielec.com\/es\/wp-json\/wp\/v2\/product_cat?post=1268"},{"taxonomy":"product_tag","embeddable":true,"href":"https:\/\/longweielec.com\/es\/wp-json\/wp\/v2\/product_tag?post=1268"}],"curies":[{"name":"wp","href":"https:\/\/api.w.org\/{rel}","templated":true}]}}