{"id":1271,"date":"2022-10-08T13:06:32","date_gmt":"2022-10-08T05:06:32","guid":{"rendered":"https:\/\/longweielec.com\/?post_type=product&#038;p=1271"},"modified":"2025-07-19T22:11:04","modified_gmt":"2025-07-19T14:11:04","slug":"lw-2670a","status":"publish","type":"product","link":"https:\/\/longweielec.com\/es\/product\/lw-2670a","title":{"rendered":"LW-2670A 5kV\/20mA Comprobador digital de hipotensi\u00f3n de CA"},"content":{"rendered":"","protected":false},"excerpt":{"rendered":"<ul>\n<li><strong>Alta tensi\u00f3n, baja corriente:<\/strong>\u00a0Ofrece una gran precisi\u00f3n para realizar pruebas con un consumo de corriente m\u00ednimo.<\/li>\n<li><strong>Ajustes flexibles:<\/strong>\u00a0Corriente de fuga y duraci\u00f3n de la prueba ajustables, lo que garantiza una gran adaptabilidad a diversas aplicaciones.<\/li>\n<li><strong>Visualizaci\u00f3n simult\u00e1nea:<\/strong>\u00a0Muestra los valores de medici\u00f3n reales (tensi\u00f3n, corriente, tiempo) para facilitar la supervisi\u00f3n.<\/li>\n<li><strong>Pruebas manuales o a distancia:<\/strong>\u00a0Ofrece la opci\u00f3n de funcionamiento manual o por control remoto.<\/li>\n<li><strong>Protecciones de seguridad:<\/strong>\u00a0Equipado con protecci\u00f3n contra aver\u00edas de alta tensi\u00f3n y alarmas ac\u00fasticas y visuales para mayor seguridad.<\/li>\n<li><strong>Interfaz f\u00e1cil de usar:<\/strong>\u00a0Dise\u00f1o de funcionamiento sencillo, ideal para su uso en l\u00edneas de producci\u00f3n.<\/li>\n<li><strong>Capacidades de ensayo vers\u00e1tiles:<\/strong>\u00a0La salida de CC permite probar condensadores peque\u00f1os, pilas de silicio de alta tensi\u00f3n y la tensi\u00f3n inversa de los transistores, lo que la convierte en una herramienta multifuncional.<\/li>\n<\/ul>","protected":false},"featured_media":1274,"template":"","meta":[],"product_brand":[],"product_cat":[31],"product_tag":[99],"class_list":{"0":"post-1271","1":"product","2":"type-product","3":"status-publish","4":"has-post-thumbnail","6":"product_cat-safety-tester","7":"product_tag-hipot-tester","9":"first","10":"instock","11":"shipping-taxable","12":"purchasable","13":"product-type-variable","14":"has-default-attributes"},"_links":{"self":[{"href":"https:\/\/longweielec.com\/es\/wp-json\/wp\/v2\/product\/1271","targetHints":{"allow":["GET"]}}],"collection":[{"href":"https:\/\/longweielec.com\/es\/wp-json\/wp\/v2\/product"}],"about":[{"href":"https:\/\/longweielec.com\/es\/wp-json\/wp\/v2\/types\/product"}],"wp:featuredmedia":[{"embeddable":true,"href":"https:\/\/longweielec.com\/es\/wp-json\/wp\/v2\/media\/1274"}],"wp:attachment":[{"href":"https:\/\/longweielec.com\/es\/wp-json\/wp\/v2\/media?parent=1271"}],"wp:term":[{"taxonomy":"product_brand","embeddable":true,"href":"https:\/\/longweielec.com\/es\/wp-json\/wp\/v2\/product_brand?post=1271"},{"taxonomy":"product_cat","embeddable":true,"href":"https:\/\/longweielec.com\/es\/wp-json\/wp\/v2\/product_cat?post=1271"},{"taxonomy":"product_tag","embeddable":true,"href":"https:\/\/longweielec.com\/es\/wp-json\/wp\/v2\/product_tag?post=1271"}],"curies":[{"name":"wp","href":"https:\/\/api.w.org\/{rel}","templated":true}]}}