{"id":1337,"date":"2022-10-10T11:52:54","date_gmt":"2022-10-10T03:52:54","guid":{"rendered":"https:\/\/longweielec.com\/?post_type=product&#038;p=1337"},"modified":"2025-07-19T22:11:03","modified_gmt":"2025-07-19T14:11:03","slug":"lw-7142","status":"publish","type":"product","link":"https:\/\/longweielec.com\/es\/product\/lw-7142","title":{"rendered":"LW-7142 AC5KV DC6KV IR1KV Precisi\u00f3n Programable AC\/DC Hipot Probador de Aislamiento"},"content":{"rendered":"","protected":false},"excerpt":{"rendered":"<ul>\n<li><strong>Compacto y ligero<\/strong>: Tama\u00f1o ultrapeque\u00f1o y dise\u00f1o ligero para facilitar su transporte.<\/li>\n<li><strong>Funcionamiento sencillo<\/strong>: F\u00e1cil de usar con una funci\u00f3n de bloqueo del teclado para mayor seguridad.<\/li>\n<li><strong>Ajustes de memoria<\/strong>: Almacena hasta 10 conjuntos de configuraciones, cada uno con 4 modos de trabajo y 3 pasos.<\/li>\n<li><strong>Pantalla clara<\/strong>: Pantalla LCD de matriz de puntos de 128\u00d764 para visualizar f\u00e1cilmente el estado y los resultados de las pruebas.<\/li>\n<li><strong>Aumento gradual de la tensi\u00f3n<\/strong>: Aumentos de tensi\u00f3n en un gradiente temporal para el an\u00e1lisis en tiempo real de los puntos de ruptura.<\/li>\n<li><strong>Caracter\u00edsticas de seguridad<\/strong>: Equipado con una amplia protecci\u00f3n aislante para la seguridad del usuario.<\/li>\n<li><strong>L\u00edmites de corriente ajustables<\/strong>: Establezca l\u00edmites de corriente superior e inferior con notificaciones de alarma inteligentes.<\/li>\n<li><strong>Detecci\u00f3n de arcos<\/strong>: Detecta el arco el\u00e9ctrico con 9 niveles ajustables para mejorar la supervisi\u00f3n de la seguridad.<\/li>\n<li><strong>Interfaz de control remoto<\/strong>: Incluye una interfaz de control PLC disponible como caracter\u00edstica opcional.<\/li>\n<\/ul>","protected":false},"featured_media":1340,"template":"","meta":[],"product_brand":[],"product_cat":[31],"product_tag":[99],"class_list":{"0":"post-1337","1":"product","2":"type-product","3":"status-publish","4":"has-post-thumbnail","6":"product_cat-safety-tester","7":"product_tag-hipot-tester","9":"first","10":"instock","11":"shipping-taxable","12":"purchasable","13":"product-type-variable","14":"has-default-attributes"},"_links":{"self":[{"href":"https:\/\/longweielec.com\/es\/wp-json\/wp\/v2\/product\/1337","targetHints":{"allow":["GET"]}}],"collection":[{"href":"https:\/\/longweielec.com\/es\/wp-json\/wp\/v2\/product"}],"about":[{"href":"https:\/\/longweielec.com\/es\/wp-json\/wp\/v2\/types\/product"}],"wp:featuredmedia":[{"embeddable":true,"href":"https:\/\/longweielec.com\/es\/wp-json\/wp\/v2\/media\/1340"}],"wp:attachment":[{"href":"https:\/\/longweielec.com\/es\/wp-json\/wp\/v2\/media?parent=1337"}],"wp:term":[{"taxonomy":"product_brand","embeddable":true,"href":"https:\/\/longweielec.com\/es\/wp-json\/wp\/v2\/product_brand?post=1337"},{"taxonomy":"product_cat","embeddable":true,"href":"https:\/\/longweielec.com\/es\/wp-json\/wp\/v2\/product_cat?post=1337"},{"taxonomy":"product_tag","embeddable":true,"href":"https:\/\/longweielec.com\/es\/wp-json\/wp\/v2\/product_tag?post=1337"}],"curies":[{"name":"wp","href":"https:\/\/api.w.org\/{rel}","templated":true}]}}