{"id":1358,"date":"2022-10-11T00:57:53","date_gmt":"2022-10-10T16:57:53","guid":{"rendered":"https:\/\/longweielec.com\/?post_type=product&#038;p=1358"},"modified":"2025-07-19T22:11:07","modified_gmt":"2025-07-19T14:11:07","slug":"lw-8681","status":"publish","type":"product","link":"https:\/\/longweielec.com\/es\/product\/lw-8681","title":{"rendered":"LW-8681 Comprobador integral de cables CA\/CC"},"content":{"rendered":"","protected":false},"excerpt":{"rendered":"<ul>\n<li><strong>Pruebas de alta tensi\u00f3n<\/strong>: Admite pruebas de hasta 1000 V CC y 500 V CA.<\/li>\n<li><strong>Escaneado autom\u00e1tico<\/strong>: Localiza puntos r\u00e1pidamente con la funci\u00f3n de escaneado autom\u00e1tico.<\/li>\n<li><strong>Pruebas en un solo extremo<\/strong>: Dise\u00f1ado para la comprobaci\u00f3n eficaz de cables de un solo extremo.<\/li>\n<li><strong>Pruebas instant\u00e1neas de cortocircuito<\/strong>: Proporciona detecci\u00f3n inmediata de cortocircuitos.<\/li>\n<li><strong>Gran pantalla LCD<\/strong>: Dispone de una clara pantalla LCD de 320\u00d7240 para facilitar la lectura de los resultados.<\/li>\n<li><strong>Ajustes de prueba programables<\/strong>: Permite personalizar los par\u00e1metros de ensayo para mayor versatilidad.<\/li>\n<li><strong>Estad\u00edsticas y funci\u00f3n de impresi\u00f3n<\/strong>: Ofrece funciones de an\u00e1lisis estad\u00edstico e impresi\u00f3n de informes.<\/li>\n<\/ul>","protected":false},"featured_media":1361,"template":"","meta":[],"product_brand":[],"product_cat":[31],"product_tag":[101],"class_list":{"0":"post-1358","1":"product","2":"type-product","3":"status-publish","4":"has-post-thumbnail","6":"product_cat-safety-tester","7":"product_tag-cable-tester","9":"first","10":"instock","11":"shipping-taxable","12":"purchasable","13":"product-type-variable","14":"has-default-attributes"},"_links":{"self":[{"href":"https:\/\/longweielec.com\/es\/wp-json\/wp\/v2\/product\/1358","targetHints":{"allow":["GET"]}}],"collection":[{"href":"https:\/\/longweielec.com\/es\/wp-json\/wp\/v2\/product"}],"about":[{"href":"https:\/\/longweielec.com\/es\/wp-json\/wp\/v2\/types\/product"}],"wp:featuredmedia":[{"embeddable":true,"href":"https:\/\/longweielec.com\/es\/wp-json\/wp\/v2\/media\/1361"}],"wp:attachment":[{"href":"https:\/\/longweielec.com\/es\/wp-json\/wp\/v2\/media?parent=1358"}],"wp:term":[{"taxonomy":"product_brand","embeddable":true,"href":"https:\/\/longweielec.com\/es\/wp-json\/wp\/v2\/product_brand?post=1358"},{"taxonomy":"product_cat","embeddable":true,"href":"https:\/\/longweielec.com\/es\/wp-json\/wp\/v2\/product_cat?post=1358"},{"taxonomy":"product_tag","embeddable":true,"href":"https:\/\/longweielec.com\/es\/wp-json\/wp\/v2\/product_tag?post=1358"}],"curies":[{"name":"wp","href":"https:\/\/api.w.org\/{rel}","templated":true}]}}