{"id":1379,"date":"2022-10-12T00:02:48","date_gmt":"2022-10-11T16:02:48","guid":{"rendered":"https:\/\/longweielec.com\/?post_type=product&#038;p=1379"},"modified":"2025-07-19T22:10:18","modified_gmt":"2025-07-19T14:10:18","slug":"lw-9901","status":"publish","type":"product","link":"https:\/\/longweielec.com\/es\/product\/lw-9901","title":{"rendered":"Medidor de potencia"},"content":{"rendered":"","protected":false},"excerpt":{"rendered":"<ul>\n<li>Pruebas de visualizaci\u00f3n conjunta de corriente, tensi\u00f3n y potencia (factores de potencia o frecuencia)<\/li>\n<li>Con ajuste y valoraci\u00f3n de los l\u00edmites de potencia y corriente<\/li>\n<li>Funci\u00f3n de bloqueo, silenciamiento y alarma<\/li>\n<li>Caja inteligente, funci\u00f3n potente, Rango de tensi\u00f3n m\u00e1x. 300V, Rango de corriente m\u00e1x. 20A<\/li>\n<\/ul>","protected":false},"featured_media":1383,"template":"","meta":[],"product_brand":[],"product_cat":[23],"product_tag":[103],"class_list":{"0":"post-1379","1":"product","2":"type-product","3":"status-publish","4":"has-post-thumbnail","6":"product_cat-uncategorized","7":"product_tag-power-meter","9":"first","10":"instock","11":"shipping-taxable","12":"purchasable","13":"product-type-variable","14":"has-default-attributes"},"_links":{"self":[{"href":"https:\/\/longweielec.com\/es\/wp-json\/wp\/v2\/product\/1379","targetHints":{"allow":["GET"]}}],"collection":[{"href":"https:\/\/longweielec.com\/es\/wp-json\/wp\/v2\/product"}],"about":[{"href":"https:\/\/longweielec.com\/es\/wp-json\/wp\/v2\/types\/product"}],"wp:featuredmedia":[{"embeddable":true,"href":"https:\/\/longweielec.com\/es\/wp-json\/wp\/v2\/media\/1383"}],"wp:attachment":[{"href":"https:\/\/longweielec.com\/es\/wp-json\/wp\/v2\/media?parent=1379"}],"wp:term":[{"taxonomy":"product_brand","embeddable":true,"href":"https:\/\/longweielec.com\/es\/wp-json\/wp\/v2\/product_brand?post=1379"},{"taxonomy":"product_cat","embeddable":true,"href":"https:\/\/longweielec.com\/es\/wp-json\/wp\/v2\/product_cat?post=1379"},{"taxonomy":"product_tag","embeddable":true,"href":"https:\/\/longweielec.com\/es\/wp-json\/wp\/v2\/product_tag?post=1379"}],"curies":[{"name":"wp","href":"https:\/\/api.w.org\/{rel}","templated":true}]}}