{"id":1411,"date":"2022-10-13T23:18:01","date_gmt":"2022-10-13T15:18:01","guid":{"rendered":"https:\/\/longweielec.com\/?post_type=product&#038;p=1411"},"modified":"2025-07-19T22:17:07","modified_gmt":"2025-07-19T14:17:07","slug":"lw-936","status":"publish","type":"product","link":"https:\/\/longweielec.com\/es\/product\/lw-936","title":{"rendered":"Estaci\u00f3n de soldadura ESD sin plomo mejorada LW-936"},"content":{"rendered":"","protected":false},"excerpt":{"rendered":"<ul>\n<li><strong>Protecci\u00f3n ESD<\/strong>: Fabricada con materiales conductores, esta estaci\u00f3n de soldadura est\u00e1 dise\u00f1ada espec\u00edficamente para evitar la electricidad est\u00e1tica y mantener limpio el espacio de trabajo (ESD safe).<\/li>\n<li><strong>Elemento calefactor duradero<\/strong>: Incorpora un elemento calefactor importado resistente a altas temperaturas fabricado con tecnolog\u00eda avanzada para prolongar su vida \u00fatil.<\/li>\n<li><strong>Funcionamiento a baja tensi\u00f3n<\/strong>: Alimentado por una fuente de CA de bajo voltaje para garantizar la seguridad contra la est\u00e1tica, las fugas el\u00e9ctricas y las interferencias.<\/li>\n<li><strong>Control preciso de la temperatura<\/strong>: Ofrece ajustes de temperatura estables y precisos que van de 200\u00b0C a 480\u00b0C para necesidades de soldadura vers\u00e1tiles.<\/li>\n<li><strong>Calefacci\u00f3n r\u00e1pida<\/strong>: Alcanza r\u00e1pidamente las temperaturas deseadas para operaciones de soldadura eficientes.<\/li>\n<li><strong>Asa ligera<\/strong>: El dise\u00f1o ergon\u00f3mico del mango minimiza la fatiga durante un uso prolongado.<\/li>\n<li><strong>Fuente de alimentaci\u00f3n totalmente aislada<\/strong>: La fuente de alimentaci\u00f3n principal del elemento calefactor est\u00e1 completamente aislada de la red el\u00e9ctrica para mayor seguridad.<\/li>\n<li><strong>Cable de alta temperatura<\/strong>: El soldador se conecta a la estaci\u00f3n de control mediante un conector de aviaci\u00f3n y un cable de silicona resistente a altas temperaturas.<\/li>\n<li><strong>Bloqueo de temperatura<\/strong>: Mecanismo de bloqueo \u00fanico que impide ajustes de temperatura no autorizados.<\/li>\n<li><strong>Dise\u00f1o modular<\/strong>: Los componentes separados permiten colocarlos y organizarlos f\u00e1cilmente en el espacio de trabajo.<\/li>\n<\/ul>","protected":false},"featured_media":3001,"template":"","meta":[],"product_brand":[],"product_cat":[34],"product_tag":[106],"class_list":{"0":"post-1411","1":"product","2":"type-product","3":"status-publish","4":"has-post-thumbnail","6":"product_cat-soldering-station","7":"product_tag-soldering-station","9":"first","10":"instock","11":"shipping-taxable","12":"purchasable","13":"product-type-variable","14":"has-default-attributes"},"_links":{"self":[{"href":"https:\/\/longweielec.com\/es\/wp-json\/wp\/v2\/product\/1411","targetHints":{"allow":["GET"]}}],"collection":[{"href":"https:\/\/longweielec.com\/es\/wp-json\/wp\/v2\/product"}],"about":[{"href":"https:\/\/longweielec.com\/es\/wp-json\/wp\/v2\/types\/product"}],"wp:featuredmedia":[{"embeddable":true,"href":"https:\/\/longweielec.com\/es\/wp-json\/wp\/v2\/media\/3001"}],"wp:attachment":[{"href":"https:\/\/longweielec.com\/es\/wp-json\/wp\/v2\/media?parent=1411"}],"wp:term":[{"taxonomy":"product_brand","embeddable":true,"href":"https:\/\/longweielec.com\/es\/wp-json\/wp\/v2\/product_brand?post=1411"},{"taxonomy":"product_cat","embeddable":true,"href":"https:\/\/longweielec.com\/es\/wp-json\/wp\/v2\/product_cat?post=1411"},{"taxonomy":"product_tag","embeddable":true,"href":"https:\/\/longweielec.com\/es\/wp-json\/wp\/v2\/product_tag?post=1411"}],"curies":[{"name":"wp","href":"https:\/\/api.w.org\/{rel}","templated":true}]}}