{"id":1421,"date":"2022-10-17T21:09:40","date_gmt":"2022-10-17T13:09:40","guid":{"rendered":"https:\/\/longweielec.com\/?post_type=product&#038;p=1421"},"modified":"2025-07-19T22:17:07","modified_gmt":"2025-07-19T14:17:07","slug":"lw-980d","status":"publish","type":"product","link":"https:\/\/longweielec.com\/es\/product\/lw-980d","title":{"rendered":"LW-980D 80W Estaci\u00f3n de soldadura digital ESD sin plomo"},"content":{"rendered":"","protected":false},"excerpt":{"rendered":"<ul>\n<li><strong>Pantalla LCD<\/strong>: Dispone de una pantalla LCD para la interacci\u00f3n visual, lo que hace que el funcionamiento sea intuitivo y f\u00e1cil de usar.<\/li>\n<li><strong>Acceso r\u00e1pido a la temperatura<\/strong>: Tres teclas programables permiten cambiar r\u00e1pidamente entre las temperaturas m\u00e1s utilizadas.<\/li>\n<li><strong>Caracter\u00edsticas de seguridad<\/strong>: Las funciones de espera y apagado autom\u00e1ticos aumentan la seguridad del usuario y prolongan la vida \u00fatil del producto.<\/li>\n<li><strong>Control del consumo de energ\u00eda<\/strong>: Una barra anal\u00f3gica de consumo de energ\u00eda muestra el estado de la energ\u00eda durante el funcionamiento.<\/li>\n<li><strong>Software de calibraci\u00f3n<\/strong>: La calibraci\u00f3n del control de temperatura garantiza un rendimiento constante durante toda la vida \u00fatil del producto, manteniendo los ajustes de f\u00e1brica.<\/li>\n<li><strong>Elemento calefactor de baja tensi\u00f3n<\/strong>: A\u00edsla completamente la red el\u00e9ctrica para una m\u00e1xima seguridad de soldadura.<\/li>\n<li><strong>Puntas intercambiables Serie 900M<\/strong>: Dise\u00f1ado con un n\u00facleo calefactor desmontable para reducir eficazmente los costes de sustituci\u00f3n de materiales.<\/li>\n<li><strong>Potencia de salida fiable<\/strong>: Incorpora un transformador de hilo de cobre puro que garantiza una potencia de salida suficiente para operaciones prolongadas de alto rendimiento.<\/li>\n<li><strong>Conversi\u00f3n de unidades<\/strong>: Cambia f\u00e1cilmente entre Celsius (\u00b0C) y Fahrenheit (\u00b0F) para las lecturas de temperatura.<\/li>\n<\/ul>","protected":false},"featured_media":3003,"template":"","meta":[],"product_brand":[],"product_cat":[34],"product_tag":[106],"class_list":{"0":"post-1421","1":"product","2":"type-product","3":"status-publish","4":"has-post-thumbnail","6":"product_cat-soldering-station","7":"product_tag-soldering-station","9":"first","10":"instock","11":"shipping-taxable","12":"purchasable","13":"product-type-variable","14":"has-default-attributes"},"_links":{"self":[{"href":"https:\/\/longweielec.com\/es\/wp-json\/wp\/v2\/product\/1421","targetHints":{"allow":["GET"]}}],"collection":[{"href":"https:\/\/longweielec.com\/es\/wp-json\/wp\/v2\/product"}],"about":[{"href":"https:\/\/longweielec.com\/es\/wp-json\/wp\/v2\/types\/product"}],"wp:featuredmedia":[{"embeddable":true,"href":"https:\/\/longweielec.com\/es\/wp-json\/wp\/v2\/media\/3003"}],"wp:attachment":[{"href":"https:\/\/longweielec.com\/es\/wp-json\/wp\/v2\/media?parent=1421"}],"wp:term":[{"taxonomy":"product_brand","embeddable":true,"href":"https:\/\/longweielec.com\/es\/wp-json\/wp\/v2\/product_brand?post=1421"},{"taxonomy":"product_cat","embeddable":true,"href":"https:\/\/longweielec.com\/es\/wp-json\/wp\/v2\/product_cat?post=1421"},{"taxonomy":"product_tag","embeddable":true,"href":"https:\/\/longweielec.com\/es\/wp-json\/wp\/v2\/product_tag?post=1421"}],"curies":[{"name":"wp","href":"https:\/\/api.w.org\/{rel}","templated":true}]}}