{"id":1431,"date":"2022-10-17T23:34:30","date_gmt":"2022-10-17T15:34:30","guid":{"rendered":"https:\/\/longweielec.com\/?post_type=product&#038;p=1431"},"modified":"2025-07-19T22:17:07","modified_gmt":"2025-07-19T14:17:07","slug":"lw-90dh","status":"publish","type":"product","link":"https:\/\/longweielec.com\/es\/product\/lw-90dh","title":{"rendered":"LW-90DH Estaci\u00f3n de soldadura digital ESD sin plomo de 90 W"},"content":{"rendered":"","protected":false},"excerpt":{"rendered":"<ul>\n<li><strong>Pantalla LCD de alta definici\u00f3n<\/strong>: Equipado con una pantalla LCD retroiluminada para una clara visibilidad de los par\u00e1metros de un vistazo.<\/li>\n<li><strong>Tecnolog\u00eda de calentamiento r\u00e1pido<\/strong>: Utiliza materiales de aleaci\u00f3n de plata para una r\u00e1pida conducci\u00f3n del calor, alcanzando los 350\u00b0C en s\u00f3lo 10 segundos.<\/li>\n<li><strong>Control de procesos f\u00e1cil de usar<\/strong>: La visualizaci\u00f3n de las instrucciones permite supervisar y controlar f\u00e1cilmente el proceso de soldadura.<\/li>\n<li><strong>Modos de alimentaci\u00f3n vers\u00e1tiles<\/strong>: Ofrece varios controles de modo de alimentaci\u00f3n para adaptarse eficazmente a diferentes aplicaciones.<\/li>\n<li><strong>Acceso r\u00e1pido a la temperatura<\/strong>: Tres teclas de acceso r\u00e1pido programables permiten cambiar r\u00e1pidamente a las temperaturas de soldadura preferidas.<\/li>\n<li><strong>Protecci\u00f3n por contrase\u00f1a<\/strong>: Ajustes de par\u00e1metros seguros con bloqueos por contrase\u00f1a para procesos de l\u00ednea de producci\u00f3n controlados.<\/li>\n<li><strong>Funci\u00f3n Sleep ajustable<\/strong>: El usuario puede configurar un modo de reposo inteligente para ahorrar energ\u00eda y proteger el medio ambiente.<\/li>\n<li><strong>Funcionalidad del zumbador<\/strong>: Las opciones de timbre personalizables mejoran la comodidad del usuario para satisfacer las preferencias individuales.<\/li>\n<li><strong>Calibraci\u00f3n autom\u00e1tica de la temperatura<\/strong>: La calibraci\u00f3n del software mantiene la precisi\u00f3n y la coherencia durante toda la vida \u00fatil del producto.<\/li>\n<li><strong>Dise\u00f1o rentable del cabezal de soldadura<\/strong>: El dise\u00f1o miniaturizado reduce los costes de material y garantiza un uso econ\u00f3mico de los consumibles.<\/li>\n<li><strong>Elemento calefactor separable<\/strong>: Separa el elemento calefactor del cabezal de soldadura, lo que reduce los costes operativos para los usuarios.<\/li>\n<li><strong>Modo de limpieza dual<\/strong>: Elija entre una bola met\u00e1lica o una esponja para limpiar eficazmente el cabezal de soldadura.<\/li>\n<\/ul>","protected":false},"featured_media":1434,"template":"","meta":[],"product_brand":[],"product_cat":[34],"product_tag":[106],"class_list":{"0":"post-1431","1":"product","2":"type-product","3":"status-publish","4":"has-post-thumbnail","6":"product_cat-soldering-station","7":"product_tag-soldering-station","9":"first","10":"instock","11":"shipping-taxable","12":"purchasable","13":"product-type-variable","14":"has-default-attributes"},"_links":{"self":[{"href":"https:\/\/longweielec.com\/es\/wp-json\/wp\/v2\/product\/1431","targetHints":{"allow":["GET"]}}],"collection":[{"href":"https:\/\/longweielec.com\/es\/wp-json\/wp\/v2\/product"}],"about":[{"href":"https:\/\/longweielec.com\/es\/wp-json\/wp\/v2\/types\/product"}],"wp:featuredmedia":[{"embeddable":true,"href":"https:\/\/longweielec.com\/es\/wp-json\/wp\/v2\/media\/1434"}],"wp:attachment":[{"href":"https:\/\/longweielec.com\/es\/wp-json\/wp\/v2\/media?parent=1431"}],"wp:term":[{"taxonomy":"product_brand","embeddable":true,"href":"https:\/\/longweielec.com\/es\/wp-json\/wp\/v2\/product_brand?post=1431"},{"taxonomy":"product_cat","embeddable":true,"href":"https:\/\/longweielec.com\/es\/wp-json\/wp\/v2\/product_cat?post=1431"},{"taxonomy":"product_tag","embeddable":true,"href":"https:\/\/longweielec.com\/es\/wp-json\/wp\/v2\/product_tag?post=1431"}],"curies":[{"name":"wp","href":"https:\/\/api.w.org\/{rel}","templated":true}]}}