{"id":1438,"date":"2022-10-18T00:44:20","date_gmt":"2022-10-17T16:44:20","guid":{"rendered":"https:\/\/longweielec.com\/?post_type=product&#038;p=1438"},"modified":"2025-07-19T22:17:06","modified_gmt":"2025-07-19T14:17:06","slug":"lw-60","status":"publish","type":"product","link":"https:\/\/longweielec.com\/es\/product\/lw-60","title":{"rendered":"LW-60 60W Estaci\u00f3n de soldadura inteligente sin plomo ESD segura de gama alta"},"content":{"rendered":"","protected":false},"excerpt":{"rendered":"<ul>\n<li><strong>Gran pantalla LCD<\/strong>: Incorpora una pantalla retroiluminada para facilitar la visibilidad y la interacci\u00f3n con el usuario.<\/li>\n<li><strong>Men\u00fa Funcionamiento<\/strong>: Acceso r\u00e1pido a la temperatura con tres teclas programables para cambiar r\u00e1pidamente entre los ajustes m\u00e1s utilizados.<\/li>\n<li><strong>Modo reposo<\/strong>: Las funciones de espera y apagado autom\u00e1ticos aumentan la seguridad y prolongan la vida \u00fatil del producto.<\/li>\n<li><strong>Bloqueo de temperatura<\/strong>: Se pueden establecer permisos de uso para facilitar el control del proceso y evitar cambios no autorizados.<\/li>\n<li><strong>Monitor de consumo de energ\u00eda<\/strong>: Visualizaci\u00f3n del consumo de energ\u00eda durante el funcionamiento para un mejor seguimiento de la eficiencia.<\/li>\n<li><strong>Compensaci\u00f3n inteligente de la temperatura<\/strong>: Garantiza una temperatura estable durante el funcionamiento para un rendimiento constante.<\/li>\n<li><strong>Calibraci\u00f3n del software<\/strong>: Mantiene una precisi\u00f3n de temperatura comparable a los ajustes de f\u00e1brica, incluso tras un uso prolongado.<\/li>\n<li><strong>Elemento calefactor de baja tensi\u00f3n<\/strong>: A\u00edsla completamente la red el\u00e9ctrica para garantizar pr\u00e1cticas de soldadura seguras.<\/li>\n<li><strong>Punta de soldar de alta calidad<\/strong>: Utiliza puntas desmontables de la serie 900M para reducir los costes de sustituci\u00f3n y conseguir un calentamiento eficaz.<\/li>\n<li><strong>Dise\u00f1o compacto<\/strong>: Soporte de soldador y unidad principal separados para facilitar la colocaci\u00f3n y la organizaci\u00f3n.<\/li>\n<li><strong>Transformador de cobre<\/strong>: Garantiza una potencia suficiente para un funcionamiento prolongado de alto rendimiento.<\/li>\n<li><strong>Unidades de temperatura flexibles<\/strong>: Cambia f\u00e1cilmente entre Celsius (\u00b0C) y Fahrenheit (\u00b0F) seg\u00fan necesites.<\/li>\n<\/ul>","protected":false},"featured_media":1435,"template":"","meta":[],"product_brand":[],"product_cat":[34],"product_tag":[106],"class_list":{"0":"post-1438","1":"product","2":"type-product","3":"status-publish","4":"has-post-thumbnail","6":"product_cat-soldering-station","7":"product_tag-soldering-station","9":"first","10":"instock","11":"shipping-taxable","12":"purchasable","13":"product-type-variable","14":"has-default-attributes"},"_links":{"self":[{"href":"https:\/\/longweielec.com\/es\/wp-json\/wp\/v2\/product\/1438","targetHints":{"allow":["GET"]}}],"collection":[{"href":"https:\/\/longweielec.com\/es\/wp-json\/wp\/v2\/product"}],"about":[{"href":"https:\/\/longweielec.com\/es\/wp-json\/wp\/v2\/types\/product"}],"wp:featuredmedia":[{"embeddable":true,"href":"https:\/\/longweielec.com\/es\/wp-json\/wp\/v2\/media\/1435"}],"wp:attachment":[{"href":"https:\/\/longweielec.com\/es\/wp-json\/wp\/v2\/media?parent=1438"}],"wp:term":[{"taxonomy":"product_brand","embeddable":true,"href":"https:\/\/longweielec.com\/es\/wp-json\/wp\/v2\/product_brand?post=1438"},{"taxonomy":"product_cat","embeddable":true,"href":"https:\/\/longweielec.com\/es\/wp-json\/wp\/v2\/product_cat?post=1438"},{"taxonomy":"product_tag","embeddable":true,"href":"https:\/\/longweielec.com\/es\/wp-json\/wp\/v2\/product_tag?post=1438"}],"curies":[{"name":"wp","href":"https:\/\/api.w.org\/{rel}","templated":true}]}}