{"id":3006,"date":"2024-11-29T10:56:17","date_gmt":"2024-11-29T02:56:17","guid":{"rendered":"https:\/\/longweielec.com\/?post_type=product&#038;p=3006"},"modified":"2025-07-19T22:17:06","modified_gmt":"2025-07-19T14:17:06","slug":"lw-315dh","status":"publish","type":"product","link":"https:\/\/longweielec.com\/es\/product\/lw-315dh","title":{"rendered":"LW-315DH 150W Estaci\u00f3n de soldadura digital ESD sin plomo de alto rendimiento"},"content":{"rendered":"","protected":false},"excerpt":{"rendered":"<ul>\n<li class=\"translation-block\"><strong>Calentamiento por inducci\u00f3n de alta frecuencia<\/strong>: El potente rendimiento de 150 W con una punta de soldador de mango grande cumple los requisitos de soldadura de grado industrial.<\/li>\n<li class=\"translation-block\"><strong>Acceso r\u00e1pido a la temperatura<\/strong>: Tres teclas de acceso r\u00e1pido programables permiten a los usuarios cambiar r\u00e1pidamente entre las temperaturas de uso frecuente.<\/li>\n<li class=\"translation-block\"><strong>Funciones de reposo y seguridad<\/strong>: Las funciones de reposo y apagado autom\u00e1tico protegen la seguridad del usuario y prolongan la vida \u00fatil del producto.<\/li>\n<li class=\"translation-block\"><strong>Pantalla de consumo de energ\u00eda<\/strong>: La barra de consumo de energ\u00eda simulado muestra el uso de energ\u00eda operativa en tiempo real para una supervisi\u00f3n informada.<\/li>\n<li class=\"translation-block\"><strong>Inteligente control de temperatura MCU<\/strong>: La r\u00e1pida compensaci\u00f3n de temperatura garantiza temperaturas de trabajo constantes durante el uso.<\/li>\n<li class=\"translation-block\"><strong>Calibraci\u00f3n digital de temperatura<\/strong>: la calibraci\u00f3n por software mantiene la precisi\u00f3n a lo largo del tiempo, garantizando una consistencia de la temperatura similar a la de los ajustes de f\u00e1brica.<\/li>\n<li class=\"translation-block\"><strong>Elemento calefactor de bajo voltaje<\/strong>: Totalmente aislado de la red el\u00e9ctrica, lo que garantiza la seguridad de las operaciones de soldadura.<\/li>\n<li class=\"translation-block\"><strong>Dise\u00f1o de punta de soldadura de alta calidad<\/strong>: Las puntas de soldadura importadas con un n\u00facleo de calentamiento separable reducen los costes de sustituci\u00f3n de consumibles de forma eficaz.<\/li>\n<li class=\"translation-block\"><strong>Fiable fuente de alimentaci\u00f3n<\/strong>: El transformador de cobre puro garantiza una potencia de salida suficiente para un funcionamiento prolongado de alta potencia.<\/li>\n<li class=\"translation-block\"><strong>Unidades de temperatura flexibles<\/strong>: Cambie f\u00e1cilmente entre Celsius (\u00b0C) y Fahrenheit (\u00b0F) para adaptarse a las preferencias del usuario.<\/li>\n<\/ul>","protected":false},"featured_media":3009,"template":"","meta":[],"product_brand":[],"product_cat":[34],"product_tag":[106],"class_list":{"0":"post-3006","1":"product","2":"type-product","3":"status-publish","4":"has-post-thumbnail","6":"product_cat-soldering-station","7":"product_tag-soldering-station","9":"first","10":"instock","11":"shipping-taxable","12":"purchasable","13":"product-type-variable","14":"has-default-attributes"},"_links":{"self":[{"href":"https:\/\/longweielec.com\/es\/wp-json\/wp\/v2\/product\/3006","targetHints":{"allow":["GET"]}}],"collection":[{"href":"https:\/\/longweielec.com\/es\/wp-json\/wp\/v2\/product"}],"about":[{"href":"https:\/\/longweielec.com\/es\/wp-json\/wp\/v2\/types\/product"}],"wp:featuredmedia":[{"embeddable":true,"href":"https:\/\/longweielec.com\/es\/wp-json\/wp\/v2\/media\/3009"}],"wp:attachment":[{"href":"https:\/\/longweielec.com\/es\/wp-json\/wp\/v2\/media?parent=3006"}],"wp:term":[{"taxonomy":"product_brand","embeddable":true,"href":"https:\/\/longweielec.com\/es\/wp-json\/wp\/v2\/product_brand?post=3006"},{"taxonomy":"product_cat","embeddable":true,"href":"https:\/\/longweielec.com\/es\/wp-json\/wp\/v2\/product_cat?post=3006"},{"taxonomy":"product_tag","embeddable":true,"href":"https:\/\/longweielec.com\/es\/wp-json\/wp\/v2\/product_tag?post=3006"}],"curies":[{"name":"wp","href":"https:\/\/api.w.org\/{rel}","templated":true}]}}