{"id":38,"date":"2022-08-25T22:56:19","date_gmt":"2022-08-25T14:56:19","guid":{"rendered":"https:\/\/longweielec.com\/?page_id=38"},"modified":"2024-11-07T21:43:50","modified_gmt":"2024-11-07T13:43:50","slug":"about","status":"publish","type":"page","link":"https:\/\/longweielec.com\/fr\/about","title":{"rendered":"A propos de"},"content":{"rendered":"<div data-elementor-type=\"wp-page\" data-elementor-id=\"38\" class=\"elementor elementor-38\" data-elementor-post-type=\"page\">\n\t\t\t\t<div class=\"elementor-element elementor-element-1fa2814 e-con-full e-flex e-con e-parent\" data-id=\"1fa2814\" data-element_type=\"container\">\n\t\t\t\t<div class=\"elementor-element elementor-element-dc2eebd elementor-widget elementor-widget-template\" data-id=\"dc2eebd\" data-element_type=\"widget\" data-widget_type=\"template.default\">\n\t\t\t\t<div class=\"elementor-widget-container\">\n\t\t\t\t\t\t\t<div class=\"elementor-template\">\n\t\t\t\t\t<div data-elementor-type=\"section\" data-elementor-id=\"2111\" class=\"elementor elementor-2111\" data-elementor-post-type=\"elementor_library\">\n\t\t\t<div class=\"elementor-element elementor-element-4305497 e-flex e-con-boxed e-con e-parent\" data-id=\"4305497\" data-element_type=\"container\" data-settings=\"{&quot;background_background&quot;:&quot;gradient&quot;}\">\n\t\t\t\t\t<div class=\"e-con-inner\">\n\t\t\t\t<div class=\"elementor-element elementor-element-9ef3cf3 elementor-widget elementor-widget-heading\" data-id=\"9ef3cf3\" data-element_type=\"widget\" data-widget_type=\"heading.default\">\n\t\t\t\t\t<h2 class=\"elementor-heading-title elementor-size-default\">A propos de<\/h2>\t\t\t\t<\/div>\n\t\t\t\t<div class=\"elementor-element elementor-element-c0801d3 elementor-widget elementor-widget-woocommerce-breadcrumb\" data-id=\"c0801d3\" data-element_type=\"widget\" data-widget_type=\"woocommerce-breadcrumb.default\">\n\t\t\t\t\t<nav class=\"woocommerce-breadcrumb\" aria-label=\"Breadcrumb\" data-no-translation=\"\" data-trp-gettext=\"\">Accueil<\/nav>\t\t\t\t<\/div>\n\t\t\t\t\t<\/div>\n\t\t\t\t<\/div>\n\t\t\t\t<\/div>\n\t\t\t\t<\/div>\n\t\t\t\t\t\t<\/div>\n\t\t\t\t<\/div>\n\t\t\t\t<\/div>\n\t\t\t\t<section class=\"elementor-section elementor-top-section elementor-element elementor-element-5da5638 elementor-section-boxed elementor-section-height-default elementor-section-height-default\" data-id=\"5da5638\" data-element_type=\"section\">\n\t\t\t\t\t\t<div class=\"elementor-container elementor-column-gap-default\">\n\t\t\t\t\t<div class=\"elementor-column elementor-col-100 elementor-top-column elementor-element elementor-element-e2213d6\" data-id=\"e2213d6\" data-element_type=\"column\">\n\t\t\t<div class=\"elementor-widget-wrap elementor-element-populated\">\n\t\t\t\t\t\t<div class=\"elementor-element elementor-element-10df7fb elementor-widget elementor-widget-image\" data-id=\"10df7fb\" data-element_type=\"widget\" data-widget_type=\"image.default\">\n\t\t\t\t\t\t\t\t\t\t\t\t\t\t\t<img fetchpriority=\"high\" decoding=\"async\" width=\"800\" height=\"437\" src=\"https:\/\/longweielec.com\/wp-content\/uploads\/2022\/08\/1661628526-Longwei_factory_front_gate_view-1024x559.jpg\" class=\"attachment-large size-large wp-image-281\" alt=\"Vue de la porte d&#039;entr\u00e9e de l&#039;usine de Longwei\" srcset=\"\/\/longweielec.com\/wp-content\/uploads\/2022\/08\/1661628526-Longwei_factory_front_gate_view-1024x559.jpg 1024w, \/\/longweielec.com\/wp-content\/uploads\/2022\/08\/1661628526-Longwei_factory_front_gate_view-600x328.jpg 600w, \/\/longweielec.com\/wp-content\/uploads\/2022\/08\/1661628526-Longwei_factory_front_gate_view-300x164.jpg 300w, \/\/longweielec.com\/wp-content\/uploads\/2022\/08\/1661628526-Longwei_factory_front_gate_view-768x420.jpg 768w, \/\/longweielec.com\/wp-content\/uploads\/2022\/08\/1661628526-Longwei_factory_front_gate_view.jpg 1100w\" sizes=\"(max-width: 800px) 100vw, 800px\" \/>\t\t\t\t\t\t\t\t\t\t\t\t\t\t\t<\/div>\n\t\t\t\t<div class=\"elementor-element elementor-element-ed4f494 elementor-widget elementor-widget-heading\" data-id=\"ed4f494\" data-element_type=\"widget\" data-widget_type=\"heading.default\">\n\t\t\t\t\t<h2 class=\"elementor-heading-title elementor-size-default\">Profil de l'entreprise<\/h2>\t\t\t\t<\/div>\n\t\t\t\t<div class=\"elementor-element elementor-element-17a4a35 elementor-widget elementor-widget-text-editor\" data-id=\"17a4a35\" data-element_type=\"widget\" data-widget_type=\"text-editor.default\">\n\t\t\t\t\t\t\t\t\t<p>La soci\u00e9t\u00e9 Dongguan Longwei Electronic Technology Co, Ltd (anciennement connue sous le nom de HK Longwei) a \u00e9t\u00e9 fond\u00e9e en 1996. (anciennement connue sous le nom de HK Longwei) a \u00e9t\u00e9 fond\u00e9e en 1996 et s'est sp\u00e9cialis\u00e9e dans la fabrication d'oscilloscopes, d'alimentations r\u00e9gul\u00e9es en monnaie directe et d'instruments sp\u00e9ciaux. La qualit\u00e9 de nos produits s'am\u00e9liore sans cesse et notre \u00e9chelle s'\u00e9largit. Nous disposons de 200 membres de la production, dont 28 ing\u00e9nieurs professionnels et 50 techniciens professionnels de l'enseignement sup\u00e9rieur. Nous disposons d'un atelier sp\u00e9cial de 8 000 m\u00e8tres carr\u00e9s avec plus de 120 s\u00e9ries de produits. Nos produits se vendent bien dans le pays et \u00e0 l'\u00e9tranger, notamment \u00e0 Hong Kong, dans la r\u00e9gion de Ta\u00efwan et en Asie de l'Est. Nous disposons \u00e9galement d'un bureau de vente et de repr\u00e9sentants commerciaux professionnels dans la r\u00e9gion du triangle de la rivi\u00e8re des Perles. Avec de bonnes comp\u00e9tences productives, nous offrirons des produits et des services de la meilleure qualit\u00e9 \u00e0 des prix comp\u00e9titifs.<\/p>\t\t\t\t\t\t\t\t<\/div>\n\t\t\t\t<div class=\"elementor-element elementor-element-3abd9f3 elementor-widget elementor-widget-text-editor\" data-id=\"3abd9f3\" data-element_type=\"widget\" data-widget_type=\"text-editor.default\">\n\t\t\t\t\t\t\t\t\t<table class=\"icbu-shop-table-col\"><tbody><tr class=\"icbu-shop-table-col-item\"><td class=\"title\"><div><span title=\"Taille de l&#039;usine\">Taille de l'usine<\/span><\/div><\/td><td class=\"content\"><div><div><span title=\"5 000 \u00e0 10 000 m\u00e8tres carr\u00e9s\">8000 m\u00e8tres carr\u00e9s<\/span><\/div><\/div><\/td><\/tr><tr class=\"icbu-shop-table-col-item\"><td class=\"title\"><div><span title=\"Pays\/R\u00e9gion d&#039;origine\">Pays\/R\u00e9gion d'origine<\/span><\/div><\/td><td class=\"content\"><div><div><span title=\"Dongguan, Guangdong, Chine\">Dongguan, Guangdong, Chine<\/span><\/div><\/div><\/td><\/tr><tr class=\"icbu-shop-table-col-item\"><td class=\"title\"><div><span title=\"Nombre de lignes de production\">Nombre de lignes de production<\/span><\/div><\/td><td class=\"content\"><div><div><span title=\"Plus de 10\">Plus de 10<\/span><\/div><\/div><\/td><\/tr><tr class=\"icbu-shop-table-col-item\"><td class=\"title\"><div><span title=\"Fabrication en sous-traitance\">Fabrication en sous-traitance<\/span><\/div><\/td><td class=\"content\"><div><div><span title=\"\">Service OEM offert, Label de l'acheteur offert<\/span><\/div><\/div><\/td><\/tr><tr class=\"icbu-shop-table-col-item\"><td class=\"title\"><div><span title=\"Valeur de la production annuelle\">Valeur de la production annuelle<\/span><\/div><\/td><td class=\"content\"><div><div><span title=\"US$50 Million - US$100 Million\">US$50 Million - US$100 Million<\/span><\/div><\/div><\/td><\/tr><\/tbody><\/table>\t\t\t\t\t\t\t\t<\/div>\n\t\t\t\t<section class=\"elementor-section elementor-inner-section elementor-element elementor-element-3aab8e2 elementor-section-boxed elementor-section-height-default elementor-section-height-default\" data-id=\"3aab8e2\" data-element_type=\"section\">\n\t\t\t\t\t\t<div class=\"elementor-container elementor-column-gap-default\">\n\t\t\t\t\t<div class=\"elementor-column elementor-col-50 elementor-inner-column elementor-element elementor-element-7025f6c\" data-id=\"7025f6c\" data-element_type=\"column\">\n\t\t\t<div class=\"elementor-widget-wrap elementor-element-populated\">\n\t\t\t\t\t\t<div class=\"elementor-element elementor-element-3e2ee09 elementor-widget elementor-widget-image\" data-id=\"3e2ee09\" data-element_type=\"widget\" data-widget_type=\"image.default\">\n\t\t\t\t\t\t\t\t\t\t\t\t\t\t\t<img decoding=\"async\" width=\"360\" height=\"238\" src=\"https:\/\/longweielec.com\/wp-content\/uploads\/2022\/08\/1661647884-longwei_office_view.jpg\" class=\"attachment-large size-large wp-image-295\" alt=\"Vue du bureau de Longwei\" srcset=\"\/\/longweielec.com\/wp-content\/uploads\/2022\/08\/1661647884-longwei_office_view.jpg 360w, \/\/longweielec.com\/wp-content\/uploads\/2022\/08\/1661647884-longwei_office_view-300x198.jpg 300w\" sizes=\"(max-width: 360px) 100vw, 360px\" \/>\t\t\t\t\t\t\t\t\t\t\t\t\t\t\t<\/div>\n\t\t\t\t\t<\/div>\n\t\t<\/div>\n\t\t\t\t<div class=\"elementor-column elementor-col-50 elementor-inner-column elementor-element elementor-element-c5c6c03\" data-id=\"c5c6c03\" data-element_type=\"column\">\n\t\t\t<div class=\"elementor-widget-wrap elementor-element-populated\">\n\t\t\t\t\t\t<div class=\"elementor-element elementor-element-33f8438 elementor-widget elementor-widget-image\" data-id=\"33f8438\" data-element_type=\"widget\" data-widget_type=\"image.default\">\n\t\t\t\t\t\t\t\t\t\t\t\t\t\t\t<img decoding=\"async\" width=\"360\" height=\"239\" src=\"https:\/\/longweielec.com\/wp-content\/uploads\/2022\/08\/1661648165-longwei_workshop_view.jpg\" class=\"attachment-large size-large wp-image-297\" alt=\"Vue de l&#039;atelier de Longwei\" srcset=\"\/\/longweielec.com\/wp-content\/uploads\/2022\/08\/1661648165-longwei_workshop_view.jpg 360w, \/\/longweielec.com\/wp-content\/uploads\/2022\/08\/1661648165-longwei_workshop_view-300x199.jpg 300w\" sizes=\"(max-width: 360px) 100vw, 360px\" \/>\t\t\t\t\t\t\t\t\t\t\t\t\t\t\t<\/div>\n\t\t\t\t\t<\/div>\n\t\t<\/div>\n\t\t\t\t\t<\/div>\n\t\t<\/section>\n\t\t\t\t<div class=\"elementor-element elementor-element-a965a75 elementor-widget elementor-widget-heading\" data-id=\"a965a75\" data-element_type=\"widget\" data-widget_type=\"heading.default\">\n\t\t\t\t\t<h2 class=\"elementor-heading-title elementor-size-default\">Certification<\/h2>\t\t\t\t<\/div>\n\t\t\t\t<div class=\"elementor-element elementor-element-defeebb elementor-skin-slideshow elementor-arrows-yes elementor-widget elementor-widget-media-carousel\" data-id=\"defeebb\" data-element_type=\"widget\" data-settings=\"{&quot;skin&quot;:&quot;slideshow&quot;,&quot;lazyload&quot;:&quot;yes&quot;,&quot;effect&quot;:&quot;slide&quot;,&quot;show_arrows&quot;:&quot;yes&quot;,&quot;speed&quot;:500,&quot;autoplay&quot;:&quot;yes&quot;,&quot;autoplay_speed&quot;:5000,&quot;loop&quot;:&quot;yes&quot;,&quot;pause_on_hover&quot;:&quot;yes&quot;,&quot;pause_on_interaction&quot;:&quot;yes&quot;,&quot;space_between&quot;:{&quot;unit&quot;:&quot;px&quot;,&quot;size&quot;:10,&quot;sizes&quot;:[]},&quot;space_between_tablet&quot;:{&quot;unit&quot;:&quot;px&quot;,&quot;size&quot;:10,&quot;sizes&quot;:[]},&quot;space_between_mobile&quot;:{&quot;unit&quot;:&quot;px&quot;,&quot;size&quot;:10,&quot;sizes&quot;:[]}}\" data-widget_type=\"media-carousel.default\">\n\t\t\t\t\t\t\t\t\t\t<div class=\"elementor-main-swiper swiper\" role=\"region\" aria-roledescription=\"carousel\" aria-label=\"Diapositives\" data-no-translation-aria-label=\"\">\n\t\t\t\t<div class=\"swiper-wrapper\">\n\t\t\t\t\t\t\t\t\t\t\t<div class=\"swiper-slide\" role=\"group\" aria-roledescription=\"slide\">\n\t\t\t\t\t\t\t\t\t<div class=\"elementor-carousel-image swiper-lazy\" role=\"img\" aria-label=\"CE Certification\" data-background=\"https:\/\/longweielec.com\/wp-content\/uploads\/2022\/08\/1661645968-CE_certification.png\">\n\n\t\t\t\t\t\t\t<div class=\"swiper-lazy-preloader\"><\/div>\n\t\t\t\n\t\t\t\t\t<\/div>\n\t\t\t\t\t\t\t\t<\/div>\n\t\t\t\t\t\t\t\t\t\t\t<div class=\"swiper-slide\" role=\"group\" aria-roledescription=\"slide\">\n\t\t\t\t\t\t\t\t\t<div class=\"elementor-carousel-image swiper-lazy\" role=\"img\" aria-label=\"CE-LVD Certification\" data-background=\"https:\/\/longweielec.com\/wp-content\/uploads\/2022\/08\/1661646006-CE-LVD_certification.jpg\">\n\n\t\t\t\t\t\t\t<div class=\"swiper-lazy-preloader\"><\/div>\n\t\t\t\n\t\t\t\t\t<\/div>\n\t\t\t\t\t\t\t\t<\/div>\n\t\t\t\t\t\t\t\t\t\t\t<div class=\"swiper-slide\" role=\"group\" aria-roledescription=\"slide\">\n\t\t\t\t\t\t\t\t\t<div class=\"elementor-carousel-image swiper-lazy\" role=\"img\" aria-label=\"1661646047-FCC_certification_by_HKTC\" data-background=\"https:\/\/longweielec.com\/wp-content\/uploads\/2022\/08\/1661646047-FCC_certification_by_HKTC.png\">\n\n\t\t\t\t\t\t\t<div class=\"swiper-lazy-preloader\"><\/div>\n\t\t\t\n\t\t\t\t\t<\/div>\n\t\t\t\t\t\t\t\t<\/div>\n\t\t\t\t\t\t\t\t\t\t\t<div class=\"swiper-slide\" role=\"group\" aria-roledescription=\"slide\">\n\t\t\t\t\t\t\t\t\t<div class=\"elementor-carousel-image swiper-lazy\" role=\"img\" aria-label=\"1661646078-FCC_certification_by_POCE\" data-background=\"https:\/\/longweielec.com\/wp-content\/uploads\/2022\/08\/1661646078-FCC_certification_by_POCE.png\">\n\n\t\t\t\t\t\t\t<div class=\"swiper-lazy-preloader\"><\/div>\n\t\t\t\n\t\t\t\t\t<\/div>\n\t\t\t\t\t\t\t\t<\/div>\n\t\t\t\t\t\t\t\t\t<\/div>\n\t\t\t\t\t\t\t\t\t\t\t\t\t\t\t<div class=\"elementor-swiper-button elementor-swiper-button-prev\" role=\"button\" tabindex=\"0\" aria-label=\"Pr\u00e9c\u00e9dent\" data-no-translation-aria-label=\"\">\n\t\t\t\t\t\t\t<svg aria-hidden=\"true\" class=\"e-font-icon-svg e-eicon-chevron-left\" viewbox=\"0 0 1000 1000\" xmlns=\"http:\/\/www.w3.org\/2000\/svg\"><path d=\"M646 125C629 125 613 133 604 142L308 442C296 454 292 471 292 487 292 504 296 521 308 533L604 854C617 867 629 875 646 875 663 875 679 871 692 858 704 846 713 829 713 812 713 796 708 779 692 767L438 487 692 225C700 217 708 204 708 187 708 171 704 154 692 142 675 129 663 125 646 125Z\"><\/path><\/svg>\t\t\t\t\t\t<\/div>\n\t\t\t\t\t\t<div class=\"elementor-swiper-button elementor-swiper-button-next\" role=\"button\" tabindex=\"0\" aria-label=\"Suivant\" data-no-translation-aria-label=\"\">\n\t\t\t\t\t\t\t<svg aria-hidden=\"true\" class=\"e-font-icon-svg e-eicon-chevron-right\" viewbox=\"0 0 1000 1000\" xmlns=\"http:\/\/www.w3.org\/2000\/svg\"><path d=\"M696 533C708 521 713 504 713 487 713 471 708 454 696 446L400 146C388 133 375 125 354 125 338 125 325 129 313 142 300 154 292 171 292 187 292 204 296 221 308 233L563 492 304 771C292 783 288 800 288 817 288 833 296 850 308 863 321 871 338 875 354 875 371 875 388 867 400 854L696 533Z\"><\/path><\/svg>\t\t\t\t\t\t<\/div>\n\t\t\t\t\t\t\t\t\t\t\t\t\t\t\t\t\t<\/div>\n\t\t\t\t\t\t\t\t\t<div class=\"elementor-main-swiper swiper elementor-thumbnails-swiper swiper\" role=\"region region\" aria-roledescription=\"carousel carousel\" aria-label=\"Diapositives Diapositives\" data-no-translation-aria-label=\"\">\n\t\t\t\t<div class=\"swiper-wrapper\">\n\t\t\t\t\t\t\t\t\t\t\t<div class=\"swiper-slide\" role=\"group\" aria-roledescription=\"slide\">\n\t\t\t\t\t\t\t\t\t<div class=\"elementor-carousel-image swiper-lazy\" role=\"img\" aria-label=\"CE Certification\" data-background=\"https:\/\/longweielec.com\/wp-content\/uploads\/2022\/08\/1661645968-CE_certification.png\">\n\n\t\t\t\t\t\t\t<div class=\"swiper-lazy-preloader\"><\/div>\n\t\t\t\n\t\t\t\t\t<\/div>\n\t\t\t\t\t\t\t\t<\/div>\n\t\t\t\t\t\t\t\t\t\t\t<div class=\"swiper-slide\" role=\"group\" aria-roledescription=\"slide\">\n\t\t\t\t\t\t\t\t\t<div class=\"elementor-carousel-image swiper-lazy\" role=\"img\" aria-label=\"CE-LVD Certification\" data-background=\"https:\/\/longweielec.com\/wp-content\/uploads\/2022\/08\/1661646006-CE-LVD_certification.jpg\">\n\n\t\t\t\t\t\t\t<div class=\"swiper-lazy-preloader\"><\/div>\n\t\t\t\n\t\t\t\t\t<\/div>\n\t\t\t\t\t\t\t\t<\/div>\n\t\t\t\t\t\t\t\t\t\t\t<div class=\"swiper-slide\" role=\"group\" aria-roledescription=\"slide\">\n\t\t\t\t\t\t\t\t\t<div class=\"elementor-carousel-image swiper-lazy\" role=\"img\" aria-label=\"1661646047-FCC_certification_by_HKTC\" data-background=\"https:\/\/longweielec.com\/wp-content\/uploads\/2022\/08\/1661646047-FCC_certification_by_HKTC.png\">\n\n\t\t\t\t\t\t\t<div class=\"swiper-lazy-preloader\"><\/div>\n\t\t\t\n\t\t\t\t\t<\/div>\n\t\t\t\t\t\t\t\t<\/div>\n\t\t\t\t\t\t\t\t\t\t\t<div class=\"swiper-slide\" role=\"group\" aria-roledescription=\"slide\">\n\t\t\t\t\t\t\t\t\t<div class=\"elementor-carousel-image swiper-lazy\" role=\"img\" aria-label=\"1661646078-FCC_certification_by_POCE\" data-background=\"https:\/\/longweielec.com\/wp-content\/uploads\/2022\/08\/1661646078-FCC_certification_by_POCE.png\">\n\n\t\t\t\t\t\t\t<div class=\"swiper-lazy-preloader\"><\/div>\n\t\t\t\n\t\t\t\t\t<\/div>\n\t\t\t\t\t\t\t\t<\/div>\n\t\t\t\t\t\t\t\t\t<\/div>\n\t\t\t\t\t\t\t\t\t\t\t\t\t\t\t\t\t\t\t\t\t<\/div>\n\t\t\t\t\t\t\t\t<\/div>\n\t\t\t\t<div class=\"elementor-element elementor-element-3348311 elementor-widget elementor-widget-heading\" data-id=\"3348311\" data-element_type=\"widget\" data-widget_type=\"heading.default\">\n\t\t\t\t\t<h2 class=\"elementor-heading-title elementor-size-default\">Salon professionnel<\/h2>\t\t\t\t<\/div>\n\t\t\t\t<div class=\"elementor-element elementor-element-8be8b7a elementor-widget elementor-widget-image\" data-id=\"8be8b7a\" data-element_type=\"widget\" data-widget_type=\"image.default\">\n\t\t\t\t\t\t\t\t\t\t\t\t\t\t\t<img loading=\"lazy\" decoding=\"async\" width=\"760\" height=\"500\" src=\"https:\/\/longweielec.com\/wp-content\/uploads\/2022\/08\/1661646987-Hongkong_global_sourcing_fair_in_2016.jpg\" class=\"attachment-large size-large wp-image-292\" alt=\"\" srcset=\"\/\/longweielec.com\/wp-content\/uploads\/2022\/08\/1661646987-Hongkong_global_sourcing_fair_in_2016.jpg 760w, \/\/longweielec.com\/wp-content\/uploads\/2022\/08\/1661646987-Hongkong_global_sourcing_fair_in_2016-600x395.jpg 600w, \/\/longweielec.com\/wp-content\/uploads\/2022\/08\/1661646987-Hongkong_global_sourcing_fair_in_2016-300x197.jpg 300w\" sizes=\"(max-width: 760px) 100vw, 760px\" \/>\t\t\t\t\t\t\t\t\t\t\t\t\t\t\t<\/div>\n\t\t\t\t<div class=\"elementor-element elementor-element-0c3ddc7 elementor-widget elementor-widget-image\" data-id=\"0c3ddc7\" data-element_type=\"widget\" data-widget_type=\"image.default\">\n\t\t\t\t\t\t\t\t\t\t\t\t\t\t\t<img loading=\"lazy\" decoding=\"async\" width=\"760\" height=\"500\" src=\"https:\/\/longweielec.com\/wp-content\/uploads\/2022\/08\/1661647071-Hongkong_global_sourcing_fair_in_2017.jpg\" class=\"attachment-large size-large wp-image-293\" alt=\"Salon_de_sourcing_mondial_\u00e0_Hongkong_en_2017\" srcset=\"\/\/longweielec.com\/wp-content\/uploads\/2022\/08\/1661647071-Hongkong_global_sourcing_fair_in_2017.jpg 760w, \/\/longweielec.com\/wp-content\/uploads\/2022\/08\/1661647071-Hongkong_global_sourcing_fair_in_2017-600x395.jpg 600w, \/\/longweielec.com\/wp-content\/uploads\/2022\/08\/1661647071-Hongkong_global_sourcing_fair_in_2017-300x197.jpg 300w\" sizes=\"(max-width: 760px) 100vw, 760px\" \/>\t\t\t\t\t\t\t\t\t\t\t\t\t\t\t<\/div>\n\t\t\t\t<div class=\"elementor-element elementor-element-596e693 elementor-widget elementor-widget-image\" data-id=\"596e693\" data-element_type=\"widget\" data-widget_type=\"image.default\">\n\t\t\t\t\t\t\t\t\t\t\t\t\t\t\t<img loading=\"lazy\" decoding=\"async\" width=\"736\" height=\"484\" src=\"https:\/\/longweielec.com\/wp-content\/uploads\/2022\/08\/1661647118-Hongkong_global_sourcing_fair_in_2017_2.jpg\" class=\"attachment-large size-large wp-image-294\" alt=\"\" srcset=\"\/\/longweielec.com\/wp-content\/uploads\/2022\/08\/1661647118-Hongkong_global_sourcing_fair_in_2017_2.jpg 736w, \/\/longweielec.com\/wp-content\/uploads\/2022\/08\/1661647118-Hongkong_global_sourcing_fair_in_2017_2-600x395.jpg 600w, \/\/longweielec.com\/wp-content\/uploads\/2022\/08\/1661647118-Hongkong_global_sourcing_fair_in_2017_2-300x197.jpg 300w\" sizes=\"(max-width: 736px) 100vw, 736px\" \/>\t\t\t\t\t\t\t\t\t\t\t\t\t\t\t<\/div>\n\t\t\t\t\t<\/div>\n\t\t<\/div>\n\t\t\t\t\t<\/div>\n\t\t<\/section>\n\t\t\t\t<\/div>","protected":false},"excerpt":{"rendered":"<p>Profil de l'entreprise La soci\u00e9t\u00e9 Dongguan Longwei Electronic Technology Co. (anciennement connue sous le nom de HK Longwei) a \u00e9t\u00e9 fond\u00e9e en 1996 et s'est sp\u00e9cialis\u00e9e dans la fabrication d'oscilloscopes, d'alimentations r\u00e9gul\u00e9es en monnaie directe et d'instruments sp\u00e9ciaux. La qualit\u00e9 de nos produits s'am\u00e9liore sans cesse [...]<\/p>","protected":false},"author":1,"featured_media":0,"parent":0,"menu_order":60,"comment_status":"closed","ping_status":"closed","template":"","meta":{"footnotes":""},"class_list":["post-38","page","type-page","status-publish","hentry"],"_links":{"self":[{"href":"https:\/\/longweielec.com\/fr\/wp-json\/wp\/v2\/pages\/38","targetHints":{"allow":["GET"]}}],"collection":[{"href":"https:\/\/longweielec.com\/fr\/wp-json\/wp\/v2\/pages"}],"about":[{"href":"https:\/\/longweielec.com\/fr\/wp-json\/wp\/v2\/types\/page"}],"author":[{"embeddable":true,"href":"https:\/\/longweielec.com\/fr\/wp-json\/wp\/v2\/users\/1"}],"replies":[{"embeddable":true,"href":"https:\/\/longweielec.com\/fr\/wp-json\/wp\/v2\/comments?post=38"}],"version-history":[{"count":6,"href":"https:\/\/longweielec.com\/fr\/wp-json\/wp\/v2\/pages\/38\/revisions"}],"predecessor-version":[{"id":2411,"href":"https:\/\/longweielec.com\/fr\/wp-json\/wp\/v2\/pages\/38\/revisions\/2411"}],"wp:attachment":[{"href":"https:\/\/longweielec.com\/fr\/wp-json\/wp\/v2\/media?parent=38"}],"curies":[{"name":"wp","href":"https:\/\/api.w.org\/{rel}","templated":true}]}}