{"id":1118,"date":"2022-09-18T14:50:05","date_gmt":"2022-09-18T06:50:05","guid":{"rendered":"https:\/\/longweielec.com\/?post_type=product&#038;p=1118"},"modified":"2025-07-19T22:11:09","modified_gmt":"2025-07-19T14:11:09","slug":"l-212","status":"publish","type":"product","link":"https:\/\/longweielec.com\/fr\/product\/l-212","title":{"rendered":"L-212 Oscilloscope analogique 20 MHz \u00e0 double trace"},"content":{"rendered":"<div data-elementor-type=\"section\" data-elementor-id=\"1129\" class=\"elementor elementor-1129\" data-elementor-post-type=\"elementor_library\">\n\t\t\t\t\t<section class=\"elementor-section elementor-top-section elementor-element elementor-element-3df7c28c elementor-section-full_width elementor-section-height-default elementor-section-height-default\" data-id=\"3df7c28c\" data-element_type=\"section\">\n\t\t\t\t\t\t<div class=\"elementor-container elementor-column-gap-no\">\n\t\t\t\t\t<div class=\"elementor-column elementor-col-100 elementor-top-column elementor-element elementor-element-99709\" data-id=\"99709\" data-element_type=\"column\">\n\t\t\t<div class=\"elementor-widget-wrap elementor-element-populated\">\n\t\t\t\t\t\t<div class=\"elementor-element elementor-element-772599a8 elementor-widget elementor-widget-image\" data-id=\"772599a8\" data-element_type=\"widget\" data-widget_type=\"image.default\">\n\t\t\t\t\t\t\t\t\t\t\t\t\t\t\t<img fetchpriority=\"high\" decoding=\"async\" width=\"800\" height=\"900\" src=\"https:\/\/longweielec.com\/wp-content\/uploads\/2022\/09\/1663489185-benchtop-analog-oscilloscope-description-1.jpg\" class=\"attachment-full size-full wp-image-1131\" alt=\"\" srcset=\"\/\/longweielec.com\/wp-content\/uploads\/2022\/09\/1663489185-benchtop-analog-oscilloscope-description-1.jpg 800w, \/\/longweielec.com\/wp-content\/uploads\/2022\/09\/1663489185-benchtop-analog-oscilloscope-description-1-600x675.jpg 600w, \/\/longweielec.com\/wp-content\/uploads\/2022\/09\/1663489185-benchtop-analog-oscilloscope-description-1-267x300.jpg 267w, \/\/longweielec.com\/wp-content\/uploads\/2022\/09\/1663489185-benchtop-analog-oscilloscope-description-1-768x864.jpg 768w\" sizes=\"(max-width: 800px) 100vw, 800px\" \/>\t\t\t\t\t\t\t\t\t\t\t\t\t\t\t<\/div>\n\t\t\t\t<div class=\"elementor-element elementor-element-6c91d4a4 elementor-widget elementor-widget-image\" data-id=\"6c91d4a4\" data-element_type=\"widget\" data-widget_type=\"image.default\">\n\t\t\t\t\t\t\t\t\t\t\t\t\t\t\t<img decoding=\"async\" width=\"800\" height=\"800\" src=\"https:\/\/longweielec.com\/wp-content\/uploads\/2022\/09\/1663489203-benchtop-analog-oscilloscope-description-2.jpg\" class=\"attachment-full size-full wp-image-1132\" alt=\"\" srcset=\"\/\/longweielec.com\/wp-content\/uploads\/2022\/09\/1663489203-benchtop-analog-oscilloscope-description-2.jpg 800w, \/\/longweielec.com\/wp-content\/uploads\/2022\/09\/1663489203-benchtop-analog-oscilloscope-description-2-300x300.jpg 300w, \/\/longweielec.com\/wp-content\/uploads\/2022\/09\/1663489203-benchtop-analog-oscilloscope-description-2-100x100.jpg 100w, \/\/longweielec.com\/wp-content\/uploads\/2022\/09\/1663489203-benchtop-analog-oscilloscope-description-2-600x600.jpg 600w, \/\/longweielec.com\/wp-content\/uploads\/2022\/09\/1663489203-benchtop-analog-oscilloscope-description-2-150x150.jpg 150w, \/\/longweielec.com\/wp-content\/uploads\/2022\/09\/1663489203-benchtop-analog-oscilloscope-description-2-768x768.jpg 768w\" sizes=\"(max-width: 800px) 100vw, 800px\" \/>\t\t\t\t\t\t\t\t\t\t\t\t\t\t\t<\/div>\n\t\t\t\t<div class=\"elementor-element elementor-element-7ad3ba12 elementor-widget elementor-widget-image\" data-id=\"7ad3ba12\" data-element_type=\"widget\" data-widget_type=\"image.default\">\n\t\t\t\t\t\t\t\t\t\t\t\t\t\t\t<img decoding=\"async\" width=\"800\" height=\"800\" src=\"https:\/\/longweielec.com\/wp-content\/uploads\/2022\/09\/1663489220-benchtop-analog-oscilloscope-description-3.jpg\" class=\"attachment-full size-full wp-image-1133\" alt=\"\" srcset=\"\/\/longweielec.com\/wp-content\/uploads\/2022\/09\/1663489220-benchtop-analog-oscilloscope-description-3.jpg 800w, \/\/longweielec.com\/wp-content\/uploads\/2022\/09\/1663489220-benchtop-analog-oscilloscope-description-3-300x300.jpg 300w, \/\/longweielec.com\/wp-content\/uploads\/2022\/09\/1663489220-benchtop-analog-oscilloscope-description-3-100x100.jpg 100w, \/\/longweielec.com\/wp-content\/uploads\/2022\/09\/1663489220-benchtop-analog-oscilloscope-description-3-600x600.jpg 600w, \/\/longweielec.com\/wp-content\/uploads\/2022\/09\/1663489220-benchtop-analog-oscilloscope-description-3-150x150.jpg 150w, \/\/longweielec.com\/wp-content\/uploads\/2022\/09\/1663489220-benchtop-analog-oscilloscope-description-3-768x768.jpg 768w\" sizes=\"(max-width: 800px) 100vw, 800px\" \/>\t\t\t\t\t\t\t\t\t\t\t\t\t\t\t<\/div>\n\t\t\t\t<div class=\"elementor-element elementor-element-3307843f elementor-widget elementor-widget-image\" data-id=\"3307843f\" data-element_type=\"widget\" data-widget_type=\"image.default\">\n\t\t\t\t\t\t\t\t\t\t\t\t\t\t\t<img loading=\"lazy\" decoding=\"async\" width=\"800\" height=\"800\" src=\"https:\/\/longweielec.com\/wp-content\/uploads\/2022\/09\/1663489254-benchtop-analog-oscilloscope-description-4.jpg\" class=\"attachment-full size-full wp-image-1134\" alt=\"\" srcset=\"\/\/longweielec.com\/wp-content\/uploads\/2022\/09\/1663489254-benchtop-analog-oscilloscope-description-4.jpg 800w, \/\/longweielec.com\/wp-content\/uploads\/2022\/09\/1663489254-benchtop-analog-oscilloscope-description-4-300x300.jpg 300w, \/\/longweielec.com\/wp-content\/uploads\/2022\/09\/1663489254-benchtop-analog-oscilloscope-description-4-100x100.jpg 100w, \/\/longweielec.com\/wp-content\/uploads\/2022\/09\/1663489254-benchtop-analog-oscilloscope-description-4-600x600.jpg 600w, \/\/longweielec.com\/wp-content\/uploads\/2022\/09\/1663489254-benchtop-analog-oscilloscope-description-4-150x150.jpg 150w, \/\/longweielec.com\/wp-content\/uploads\/2022\/09\/1663489254-benchtop-analog-oscilloscope-description-4-768x768.jpg 768w\" sizes=\"(max-width: 800px) 100vw, 800px\" \/>\t\t\t\t\t\t\t\t\t\t\t\t\t\t\t<\/div>\n\t\t\t\t<div class=\"elementor-element elementor-element-2a10766c elementor-widget elementor-widget-image\" data-id=\"2a10766c\" data-element_type=\"widget\" data-widget_type=\"image.default\">\n\t\t\t\t\t\t\t\t\t\t\t\t\t\t\t<img loading=\"lazy\" decoding=\"async\" width=\"800\" height=\"800\" src=\"https:\/\/longweielec.com\/wp-content\/uploads\/2022\/09\/1663489275-benchtop-analog-oscilloscope-description-5.jpg\" class=\"attachment-full size-full wp-image-1135\" alt=\"\" srcset=\"\/\/longweielec.com\/wp-content\/uploads\/2022\/09\/1663489275-benchtop-analog-oscilloscope-description-5.jpg 800w, \/\/longweielec.com\/wp-content\/uploads\/2022\/09\/1663489275-benchtop-analog-oscilloscope-description-5-300x300.jpg 300w, \/\/longweielec.com\/wp-content\/uploads\/2022\/09\/1663489275-benchtop-analog-oscilloscope-description-5-100x100.jpg 100w, \/\/longweielec.com\/wp-content\/uploads\/2022\/09\/1663489275-benchtop-analog-oscilloscope-description-5-600x600.jpg 600w, \/\/longweielec.com\/wp-content\/uploads\/2022\/09\/1663489275-benchtop-analog-oscilloscope-description-5-150x150.jpg 150w, \/\/longweielec.com\/wp-content\/uploads\/2022\/09\/1663489275-benchtop-analog-oscilloscope-description-5-768x768.jpg 768w\" sizes=\"(max-width: 800px) 100vw, 800px\" \/>\t\t\t\t\t\t\t\t\t\t\t\t\t\t\t<\/div>\n\t\t\t\t<div class=\"elementor-element elementor-element-6293ba72 elementor-widget elementor-widget-image\" data-id=\"6293ba72\" data-element_type=\"widget\" data-widget_type=\"image.default\">\n\t\t\t\t\t\t\t\t\t\t\t\t\t\t\t<img loading=\"lazy\" decoding=\"async\" width=\"800\" height=\"800\" src=\"https:\/\/longweielec.com\/wp-content\/uploads\/2022\/09\/1663489318-benchtop-analog-oscilloscope-description-6.jpg\" class=\"attachment-large size-large wp-image-1136\" alt=\"\" srcset=\"\/\/longweielec.com\/wp-content\/uploads\/2022\/09\/1663489318-benchtop-analog-oscilloscope-description-6.jpg 800w, \/\/longweielec.com\/wp-content\/uploads\/2022\/09\/1663489318-benchtop-analog-oscilloscope-description-6-300x300.jpg 300w, \/\/longweielec.com\/wp-content\/uploads\/2022\/09\/1663489318-benchtop-analog-oscilloscope-description-6-100x100.jpg 100w, \/\/longweielec.com\/wp-content\/uploads\/2022\/09\/1663489318-benchtop-analog-oscilloscope-description-6-600x600.jpg 600w, \/\/longweielec.com\/wp-content\/uploads\/2022\/09\/1663489318-benchtop-analog-oscilloscope-description-6-150x150.jpg 150w, \/\/longweielec.com\/wp-content\/uploads\/2022\/09\/1663489318-benchtop-analog-oscilloscope-description-6-768x768.jpg 768w\" sizes=\"(max-width: 800px) 100vw, 800px\" \/>\t\t\t\t\t\t\t\t\t\t\t\t\t\t\t<\/div>\n\t\t\t\t<div class=\"elementor-element elementor-element-4eeaf0f8 elementor-widget elementor-widget-image\" data-id=\"4eeaf0f8\" data-element_type=\"widget\" data-widget_type=\"image.default\">\n\t\t\t\t\t\t\t\t\t\t\t\t\t\t\t<img loading=\"lazy\" decoding=\"async\" width=\"800\" height=\"900\" src=\"https:\/\/longweielec.com\/wp-content\/uploads\/2022\/09\/1663489388-benchtop-analog-oscilloscope-description-7.jpg\" class=\"attachment-full size-full wp-image-1137\" alt=\"\" srcset=\"\/\/longweielec.com\/wp-content\/uploads\/2022\/09\/1663489388-benchtop-analog-oscilloscope-description-7.jpg 800w, \/\/longweielec.com\/wp-content\/uploads\/2022\/09\/1663489388-benchtop-analog-oscilloscope-description-7-600x675.jpg 600w, \/\/longweielec.com\/wp-content\/uploads\/2022\/09\/1663489388-benchtop-analog-oscilloscope-description-7-267x300.jpg 267w, \/\/longweielec.com\/wp-content\/uploads\/2022\/09\/1663489388-benchtop-analog-oscilloscope-description-7-768x864.jpg 768w\" sizes=\"(max-width: 800px) 100vw, 800px\" \/>\t\t\t\t\t\t\t\t\t\t\t\t\t\t\t<\/div>\n\t\t\t\t<div class=\"elementor-element elementor-element-1b7b3715 elementor-widget elementor-widget-image\" data-id=\"1b7b3715\" data-element_type=\"widget\" data-widget_type=\"image.default\">\n\t\t\t\t\t\t\t\t\t\t\t\t\t\t\t<img loading=\"lazy\" decoding=\"async\" width=\"800\" height=\"800\" src=\"https:\/\/longweielec.com\/wp-content\/uploads\/2022\/09\/1663489412-benchtop-analog-oscilloscope-description-8.jpg\" class=\"attachment-full size-full wp-image-1138\" alt=\"\" srcset=\"\/\/longweielec.com\/wp-content\/uploads\/2022\/09\/1663489412-benchtop-analog-oscilloscope-description-8.jpg 800w, \/\/longweielec.com\/wp-content\/uploads\/2022\/09\/1663489412-benchtop-analog-oscilloscope-description-8-300x300.jpg 300w, \/\/longweielec.com\/wp-content\/uploads\/2022\/09\/1663489412-benchtop-analog-oscilloscope-description-8-100x100.jpg 100w, \/\/longweielec.com\/wp-content\/uploads\/2022\/09\/1663489412-benchtop-analog-oscilloscope-description-8-600x600.jpg 600w, \/\/longweielec.com\/wp-content\/uploads\/2022\/09\/1663489412-benchtop-analog-oscilloscope-description-8-150x150.jpg 150w, \/\/longweielec.com\/wp-content\/uploads\/2022\/09\/1663489412-benchtop-analog-oscilloscope-description-8-768x768.jpg 768w\" sizes=\"(max-width: 800px) 100vw, 800px\" \/>\t\t\t\t\t\t\t\t\t\t\t\t\t\t\t<\/div>\n\t\t\t\t<div class=\"elementor-element elementor-element-11e1c9bb elementor-widget elementor-widget-image\" data-id=\"11e1c9bb\" data-element_type=\"widget\" data-widget_type=\"image.default\">\n\t\t\t\t\t\t\t\t\t\t\t\t\t\t\t<img loading=\"lazy\" decoding=\"async\" width=\"800\" height=\"900\" src=\"https:\/\/longweielec.com\/wp-content\/uploads\/2022\/09\/1663489434-benchtop-analog-oscilloscope-description-9.jpg\" class=\"attachment-full size-full wp-image-1139\" alt=\"\" srcset=\"\/\/longweielec.com\/wp-content\/uploads\/2022\/09\/1663489434-benchtop-analog-oscilloscope-description-9.jpg 800w, \/\/longweielec.com\/wp-content\/uploads\/2022\/09\/1663489434-benchtop-analog-oscilloscope-description-9-600x675.jpg 600w, \/\/longweielec.com\/wp-content\/uploads\/2022\/09\/1663489434-benchtop-analog-oscilloscope-description-9-267x300.jpg 267w, \/\/longweielec.com\/wp-content\/uploads\/2022\/09\/1663489434-benchtop-analog-oscilloscope-description-9-768x864.jpg 768w\" sizes=\"(max-width: 800px) 100vw, 800px\" \/>\t\t\t\t\t\t\t\t\t\t\t\t\t\t\t<\/div>\n\t\t\t\t\t<\/div>\n\t\t<\/div>\n\t\t\t\t\t<\/div>\n\t\t<\/section>\n\t\t\t\t<\/div>","protected":false},"excerpt":{"rendered":"<ul>\n<li><strong>Deux voies\/deux trac\u00e9s<\/strong>: Permet l'observation simultan\u00e9e de deux signaux en mode X-Y.<\/li>\n<li><strong>\u00c9cran haute luminosit\u00e9 de 6 pouces<\/strong>: Visibilit\u00e9 accrue gr\u00e2ce \u00e0 un tube d'oscilloscope lumineux pour des lectures plus claires.<\/li>\n<li><strong>D\u00e9clenchement \u00e0 haute sensibilit\u00e9<\/strong>: Capture des signaux aussi faibles que 1mV\/division, offrant un affichage plus net que les oscilloscopes standard.<\/li>\n<li><strong>Circuit de synchronisation TV<\/strong>: Permet une observation stable des signaux TV pour une analyse pr\u00e9cise.<\/li>\n<li><strong>Modes de d\u00e9clenchement multiples<\/strong>: Offre des options de d\u00e9clenchement AUTO, NORM, AV-V et AV-H pour une capture flexible des signaux.<\/li>\n<li><strong>Modes verticaux<\/strong>: Prend en charge les modes ALT, CHOP et ADD pour une analyse polyvalente des signaux.<\/li>\n<li><strong>R\u00e9glages X-Y ajustables<\/strong>: L'axe X peut \u00eatre r\u00e9gl\u00e9 sur x10 et l'axe Y sur x5 pour am\u00e9liorer la pr\u00e9cision des mesures.<\/li>\n<li><strong>Inversion de polarit\u00e9<\/strong>: Permet de changer facilement la polarit\u00e9 du signal pour une analyse compl\u00e8te.<\/li>\n<li><strong>CH1 Sync Output<\/strong>: Fournit une sortie de synchronisation \u00e0 partir du canal 1 pour des options de connectivit\u00e9 suppl\u00e9mentaires.<\/li>\n<\/ul>","protected":false},"featured_media":1120,"template":"","meta":[],"product_brand":[],"product_cat":[29],"product_tag":[94],"class_list":{"0":"post-1118","1":"product","2":"type-product","3":"status-publish","4":"has-post-thumbnail","6":"product_cat-oscilloscope","7":"product_tag-analog-oscilloscope","9":"first","10":"instock","11":"shipping-taxable","12":"purchasable","13":"product-type-variable","14":"has-default-attributes"},"_links":{"self":[{"href":"https:\/\/longweielec.com\/fr\/wp-json\/wp\/v2\/product\/1118","targetHints":{"allow":["GET"]}}],"collection":[{"href":"https:\/\/longweielec.com\/fr\/wp-json\/wp\/v2\/product"}],"about":[{"href":"https:\/\/longweielec.com\/fr\/wp-json\/wp\/v2\/types\/product"}],"wp:featuredmedia":[{"embeddable":true,"href":"https:\/\/longweielec.com\/fr\/wp-json\/wp\/v2\/media\/1120"}],"wp:attachment":[{"href":"https:\/\/longweielec.com\/fr\/wp-json\/wp\/v2\/media?parent=1118"}],"wp:term":[{"taxonomy":"product_brand","embeddable":true,"href":"https:\/\/longweielec.com\/fr\/wp-json\/wp\/v2\/product_brand?post=1118"},{"taxonomy":"product_cat","embeddable":true,"href":"https:\/\/longweielec.com\/fr\/wp-json\/wp\/v2\/product_cat?post=1118"},{"taxonomy":"product_tag","embeddable":true,"href":"https:\/\/longweielec.com\/fr\/wp-json\/wp\/v2\/product_tag?post=1118"}],"curies":[{"name":"wp","href":"https:\/\/api.w.org\/{rel}","templated":true}]}}