{"id":1157,"date":"2022-09-20T10:06:22","date_gmt":"2022-09-20T02:06:22","guid":{"rendered":"https:\/\/longweielec.com\/?post_type=product&#038;p=1157"},"modified":"2025-07-19T22:11:07","modified_gmt":"2025-07-19T14:11:07","slug":"lw-1641","status":"publish","type":"product","link":"https:\/\/longweielec.com\/fr\/product\/lw-1641","title":{"rendered":"LW-1641 G\u00e9n\u00e9rateur de signaux fonctionnels 0,1Hz \u00e0 2MHz"},"content":{"rendered":"<div data-elementor-type=\"section\" data-elementor-id=\"1168\" class=\"elementor elementor-1168\" data-elementor-post-type=\"elementor_library\">\n\t\t\t\t\t<section class=\"elementor-section elementor-top-section elementor-element elementor-element-368b1db0 elementor-section-full_width elementor-section-height-default elementor-section-height-default\" data-id=\"368b1db0\" data-element_type=\"section\">\n\t\t\t\t\t\t<div class=\"elementor-container elementor-column-gap-no\">\n\t\t\t\t\t<div class=\"elementor-column elementor-col-100 elementor-top-column elementor-element elementor-element-f194132\" data-id=\"f194132\" data-element_type=\"column\">\n\t\t\t<div class=\"elementor-widget-wrap elementor-element-populated\">\n\t\t\t\t\t\t<div class=\"elementor-element elementor-element-6a50c6cf elementor-widget elementor-widget-image\" data-id=\"6a50c6cf\" data-element_type=\"widget\" data-widget_type=\"image.default\">\n\t\t\t\t\t\t\t\t\t\t\t\t\t\t\t<img fetchpriority=\"high\" decoding=\"async\" width=\"800\" height=\"712\" src=\"https:\/\/longweielec.com\/wp-content\/uploads\/2022\/09\/1663642542-benchtop-function-signal-generator-1.jpg\" class=\"attachment-full size-full wp-image-1169\" alt=\"\" srcset=\"\/\/longweielec.com\/wp-content\/uploads\/2022\/09\/1663642542-benchtop-function-signal-generator-1.jpg 800w, \/\/longweielec.com\/wp-content\/uploads\/2022\/09\/1663642542-benchtop-function-signal-generator-1-600x534.jpg 600w, \/\/longweielec.com\/wp-content\/uploads\/2022\/09\/1663642542-benchtop-function-signal-generator-1-300x267.jpg 300w, \/\/longweielec.com\/wp-content\/uploads\/2022\/09\/1663642542-benchtop-function-signal-generator-1-768x684.jpg 768w\" sizes=\"(max-width: 800px) 100vw, 800px\" \/>\t\t\t\t\t\t\t\t\t\t\t\t\t\t\t<\/div>\n\t\t\t\t<div class=\"elementor-element elementor-element-23233899 elementor-widget elementor-widget-image\" data-id=\"23233899\" data-element_type=\"widget\" data-widget_type=\"image.default\">\n\t\t\t\t\t\t\t\t\t\t\t\t\t\t\t<img decoding=\"async\" width=\"800\" height=\"800\" src=\"https:\/\/longweielec.com\/wp-content\/uploads\/2022\/09\/1663642551-benchtop-function-signal-generator-2.jpg\" class=\"attachment-full size-full wp-image-1170\" alt=\"\" srcset=\"\/\/longweielec.com\/wp-content\/uploads\/2022\/09\/1663642551-benchtop-function-signal-generator-2.jpg 800w, \/\/longweielec.com\/wp-content\/uploads\/2022\/09\/1663642551-benchtop-function-signal-generator-2-300x300.jpg 300w, \/\/longweielec.com\/wp-content\/uploads\/2022\/09\/1663642551-benchtop-function-signal-generator-2-100x100.jpg 100w, \/\/longweielec.com\/wp-content\/uploads\/2022\/09\/1663642551-benchtop-function-signal-generator-2-600x600.jpg 600w, \/\/longweielec.com\/wp-content\/uploads\/2022\/09\/1663642551-benchtop-function-signal-generator-2-150x150.jpg 150w, \/\/longweielec.com\/wp-content\/uploads\/2022\/09\/1663642551-benchtop-function-signal-generator-2-768x768.jpg 768w\" sizes=\"(max-width: 800px) 100vw, 800px\" \/>\t\t\t\t\t\t\t\t\t\t\t\t\t\t\t<\/div>\n\t\t\t\t<div class=\"elementor-element elementor-element-530d8452 elementor-widget elementor-widget-image\" data-id=\"530d8452\" data-element_type=\"widget\" data-widget_type=\"image.default\">\n\t\t\t\t\t\t\t\t\t\t\t\t\t\t\t<img decoding=\"async\" width=\"800\" height=\"800\" src=\"https:\/\/longweielec.com\/wp-content\/uploads\/2022\/09\/1663642560-benchtop-function-signal-generator-3.jpg\" class=\"attachment-full size-full wp-image-1171\" alt=\"\" srcset=\"\/\/longweielec.com\/wp-content\/uploads\/2022\/09\/1663642560-benchtop-function-signal-generator-3.jpg 800w, \/\/longweielec.com\/wp-content\/uploads\/2022\/09\/1663642560-benchtop-function-signal-generator-3-300x300.jpg 300w, \/\/longweielec.com\/wp-content\/uploads\/2022\/09\/1663642560-benchtop-function-signal-generator-3-100x100.jpg 100w, \/\/longweielec.com\/wp-content\/uploads\/2022\/09\/1663642560-benchtop-function-signal-generator-3-600x600.jpg 600w, \/\/longweielec.com\/wp-content\/uploads\/2022\/09\/1663642560-benchtop-function-signal-generator-3-150x150.jpg 150w, \/\/longweielec.com\/wp-content\/uploads\/2022\/09\/1663642560-benchtop-function-signal-generator-3-768x768.jpg 768w\" sizes=\"(max-width: 800px) 100vw, 800px\" \/>\t\t\t\t\t\t\t\t\t\t\t\t\t\t\t<\/div>\n\t\t\t\t<div class=\"elementor-element elementor-element-4dd47e9a elementor-widget elementor-widget-image\" data-id=\"4dd47e9a\" data-element_type=\"widget\" data-widget_type=\"image.default\">\n\t\t\t\t\t\t\t\t\t\t\t\t\t\t\t<img loading=\"lazy\" decoding=\"async\" width=\"800\" height=\"900\" src=\"https:\/\/longweielec.com\/wp-content\/uploads\/2022\/09\/1663642575-benchtop-function-signal-generator-4.jpg\" class=\"attachment-full size-full wp-image-1172\" alt=\"\" srcset=\"\/\/longweielec.com\/wp-content\/uploads\/2022\/09\/1663642575-benchtop-function-signal-generator-4.jpg 800w, \/\/longweielec.com\/wp-content\/uploads\/2022\/09\/1663642575-benchtop-function-signal-generator-4-600x675.jpg 600w, \/\/longweielec.com\/wp-content\/uploads\/2022\/09\/1663642575-benchtop-function-signal-generator-4-267x300.jpg 267w, \/\/longweielec.com\/wp-content\/uploads\/2022\/09\/1663642575-benchtop-function-signal-generator-4-768x864.jpg 768w\" sizes=\"(max-width: 800px) 100vw, 800px\" \/>\t\t\t\t\t\t\t\t\t\t\t\t\t\t\t<\/div>\n\t\t\t\t<div class=\"elementor-element elementor-element-339f7234 elementor-widget elementor-widget-image\" data-id=\"339f7234\" data-element_type=\"widget\" data-widget_type=\"image.default\">\n\t\t\t\t\t\t\t\t\t\t\t\t\t\t\t<img loading=\"lazy\" decoding=\"async\" width=\"800\" height=\"1100\" src=\"https:\/\/longweielec.com\/wp-content\/uploads\/2022\/09\/1663642588-benchtop-function-signal-generator-5.jpg\" class=\"attachment-full size-full wp-image-1173\" alt=\"\" srcset=\"\/\/longweielec.com\/wp-content\/uploads\/2022\/09\/1663642588-benchtop-function-signal-generator-5.jpg 800w, \/\/longweielec.com\/wp-content\/uploads\/2022\/09\/1663642588-benchtop-function-signal-generator-5-600x825.jpg 600w, \/\/longweielec.com\/wp-content\/uploads\/2022\/09\/1663642588-benchtop-function-signal-generator-5-218x300.jpg 218w, \/\/longweielec.com\/wp-content\/uploads\/2022\/09\/1663642588-benchtop-function-signal-generator-5-745x1024.jpg 745w, \/\/longweielec.com\/wp-content\/uploads\/2022\/09\/1663642588-benchtop-function-signal-generator-5-768x1056.jpg 768w\" sizes=\"(max-width: 800px) 100vw, 800px\" \/>\t\t\t\t\t\t\t\t\t\t\t\t\t\t\t<\/div>\n\t\t\t\t<div class=\"elementor-element elementor-element-76b4fa1e elementor-widget elementor-widget-image\" data-id=\"76b4fa1e\" data-element_type=\"widget\" data-widget_type=\"image.default\">\n\t\t\t\t\t\t\t\t\t\t\t\t\t\t\t<img loading=\"lazy\" decoding=\"async\" width=\"800\" height=\"1200\" src=\"https:\/\/longweielec.com\/wp-content\/uploads\/2022\/09\/1663642598-benchtop-function-signal-generator-6.jpg\" class=\"attachment-full size-full wp-image-1174\" alt=\"\" srcset=\"\/\/longweielec.com\/wp-content\/uploads\/2022\/09\/1663642598-benchtop-function-signal-generator-6.jpg 800w, \/\/longweielec.com\/wp-content\/uploads\/2022\/09\/1663642598-benchtop-function-signal-generator-6-600x900.jpg 600w, \/\/longweielec.com\/wp-content\/uploads\/2022\/09\/1663642598-benchtop-function-signal-generator-6-200x300.jpg 200w, \/\/longweielec.com\/wp-content\/uploads\/2022\/09\/1663642598-benchtop-function-signal-generator-6-683x1024.jpg 683w, \/\/longweielec.com\/wp-content\/uploads\/2022\/09\/1663642598-benchtop-function-signal-generator-6-768x1152.jpg 768w\" sizes=\"(max-width: 800px) 100vw, 800px\" \/>\t\t\t\t\t\t\t\t\t\t\t\t\t\t\t<\/div>\n\t\t\t\t<div class=\"elementor-element elementor-element-4427ea56 elementor-widget elementor-widget-image\" data-id=\"4427ea56\" data-element_type=\"widget\" data-widget_type=\"image.default\">\n\t\t\t\t\t\t\t\t\t\t\t\t\t\t\t<img loading=\"lazy\" decoding=\"async\" width=\"800\" height=\"800\" src=\"https:\/\/longweielec.com\/wp-content\/uploads\/2022\/09\/1663642609-benchtop-function-signal-generator-7.jpg\" class=\"attachment-full size-full wp-image-1175\" alt=\"\" srcset=\"\/\/longweielec.com\/wp-content\/uploads\/2022\/09\/1663642609-benchtop-function-signal-generator-7.jpg 800w, \/\/longweielec.com\/wp-content\/uploads\/2022\/09\/1663642609-benchtop-function-signal-generator-7-300x300.jpg 300w, \/\/longweielec.com\/wp-content\/uploads\/2022\/09\/1663642609-benchtop-function-signal-generator-7-100x100.jpg 100w, \/\/longweielec.com\/wp-content\/uploads\/2022\/09\/1663642609-benchtop-function-signal-generator-7-600x600.jpg 600w, \/\/longweielec.com\/wp-content\/uploads\/2022\/09\/1663642609-benchtop-function-signal-generator-7-150x150.jpg 150w, \/\/longweielec.com\/wp-content\/uploads\/2022\/09\/1663642609-benchtop-function-signal-generator-7-768x768.jpg 768w\" sizes=\"(max-width: 800px) 100vw, 800px\" \/>\t\t\t\t\t\t\t\t\t\t\t\t\t\t\t<\/div>\n\t\t\t\t\t<\/div>\n\t\t<\/div>\n\t\t\t\t\t<\/div>\n\t\t<\/section>\n\t\t\t\t<\/div>","protected":false},"excerpt":{"rendered":"<ul>\n<li><strong>Formes d'ondes de sortie multiples :<\/strong>\u00a0G\u00e9n\u00e8re des formes d'ondes sinuso\u00efdales, triangulaires, carr\u00e9es, de rampe et d'impulsion pour des tests polyvalents.<\/li>\n<li><strong>TTL\/CMOS Sortie :<\/strong>\u00a0Sortie synchrone compatible pour une int\u00e9gration transparente dans les circuits num\u00e9riques.<\/li>\n<li><strong>Faible distorsion :<\/strong>\u00a0Distorsion inf\u00e9rieure \u00e0 1% aux fr\u00e9quences comprises entre 10Hz et 100kHz pour une fid\u00e9lit\u00e9 de signal pr\u00e9cise.<\/li>\n<li><strong>Excellente r\u00e9ponse en fr\u00e9quence :<\/strong>\u00a0La variation de la r\u00e9ponse en fr\u00e9quence est inf\u00e9rieure \u00e0 0,5 dB entre 0,1 Hz et 100 kHz.<\/li>\n<li><strong>Compteur de fr\u00e9quence int\u00e9gr\u00e9 :<\/strong>\u00a0Prise en charge du comptage de fr\u00e9quence de 1Hz \u00e0 30MHz pour des mesures pr\u00e9cises.<\/li>\n<\/ul>","protected":false},"featured_media":1159,"template":"","meta":[],"product_brand":[],"product_cat":[30],"product_tag":[96],"class_list":{"0":"post-1157","1":"product","2":"type-product","3":"status-publish","4":"has-post-thumbnail","6":"product_cat-signal-generator","7":"product_tag-function-signal-generator","9":"first","10":"instock","11":"shipping-taxable","12":"purchasable","13":"product-type-variable","14":"has-default-attributes"},"_links":{"self":[{"href":"https:\/\/longweielec.com\/fr\/wp-json\/wp\/v2\/product\/1157","targetHints":{"allow":["GET"]}}],"collection":[{"href":"https:\/\/longweielec.com\/fr\/wp-json\/wp\/v2\/product"}],"about":[{"href":"https:\/\/longweielec.com\/fr\/wp-json\/wp\/v2\/types\/product"}],"wp:featuredmedia":[{"embeddable":true,"href":"https:\/\/longweielec.com\/fr\/wp-json\/wp\/v2\/media\/1159"}],"wp:attachment":[{"href":"https:\/\/longweielec.com\/fr\/wp-json\/wp\/v2\/media?parent=1157"}],"wp:term":[{"taxonomy":"product_brand","embeddable":true,"href":"https:\/\/longweielec.com\/fr\/wp-json\/wp\/v2\/product_brand?post=1157"},{"taxonomy":"product_cat","embeddable":true,"href":"https:\/\/longweielec.com\/fr\/wp-json\/wp\/v2\/product_cat?post=1157"},{"taxonomy":"product_tag","embeddable":true,"href":"https:\/\/longweielec.com\/fr\/wp-json\/wp\/v2\/product_tag?post=1157"}],"curies":[{"name":"wp","href":"https:\/\/api.w.org\/{rel}","templated":true}]}}