{"id":1243,"date":"2022-10-07T23:07:25","date_gmt":"2022-10-07T15:07:25","guid":{"rendered":"https:\/\/longweielec.com\/?post_type=product&#038;p=1243"},"modified":"2025-07-19T22:10:24","modified_gmt":"2025-07-19T14:10:24","slug":"etiquette-101d","status":"publish","type":"product","link":"https:\/\/longweielec.com\/fr\/product\/etiquette-101d","title":{"rendered":"TAG-101D G\u00e9n\u00e9rateur de signaux num\u00e9riques"},"content":{"rendered":"","protected":false},"excerpt":{"rendered":"<ul>\n<li><strong>Affichage num\u00e9rique de la fr\u00e9quence<\/strong>: Affichage facile \u00e0 lire pour une utilisation ais\u00e9e.<\/li>\n<li><strong>Gamme de fr\u00e9quences polyvalente<\/strong>: R\u00e9glable sur 6 phases de 0,2Hz \u00e0 2MHz.<\/li>\n<li><strong>Forte performance de la production<\/strong>: La sortie non charg\u00e9e atteint 5V ; la sortie charg\u00e9e d\u00e9passe 2V (onde sinuso\u00efdale) \u00e0 600\u03a9.<\/li>\n<li><strong>Contr\u00f4le flexible de la tension<\/strong>: Deux groupes d'att\u00e9nuateurs r\u00e9glables (-20dB et -40dB) pour un total de -60dB, plus un potentiom\u00e8tre continu.<\/li>\n<li><strong>Sortie de forme d'onde s\u00e9lectionnable<\/strong>: Choisissez entre les sorties onde sinuso\u00efdale et onde carr\u00e9e selon les besoins.<\/li>\n<\/ul>","protected":false},"featured_media":1247,"template":"","meta":[],"product_brand":[],"product_cat":[30],"product_tag":[98],"class_list":{"0":"post-1243","1":"product","2":"type-product","3":"status-publish","4":"has-post-thumbnail","6":"product_cat-signal-generator","7":"product_tag-radio-signal-generator","9":"first","10":"instock","11":"shipping-taxable","12":"purchasable","13":"product-type-variable","14":"has-default-attributes"},"_links":{"self":[{"href":"https:\/\/longweielec.com\/fr\/wp-json\/wp\/v2\/product\/1243","targetHints":{"allow":["GET"]}}],"collection":[{"href":"https:\/\/longweielec.com\/fr\/wp-json\/wp\/v2\/product"}],"about":[{"href":"https:\/\/longweielec.com\/fr\/wp-json\/wp\/v2\/types\/product"}],"wp:featuredmedia":[{"embeddable":true,"href":"https:\/\/longweielec.com\/fr\/wp-json\/wp\/v2\/media\/1247"}],"wp:attachment":[{"href":"https:\/\/longweielec.com\/fr\/wp-json\/wp\/v2\/media?parent=1243"}],"wp:term":[{"taxonomy":"product_brand","embeddable":true,"href":"https:\/\/longweielec.com\/fr\/wp-json\/wp\/v2\/product_brand?post=1243"},{"taxonomy":"product_cat","embeddable":true,"href":"https:\/\/longweielec.com\/fr\/wp-json\/wp\/v2\/product_cat?post=1243"},{"taxonomy":"product_tag","embeddable":true,"href":"https:\/\/longweielec.com\/fr\/wp-json\/wp\/v2\/product_tag?post=1243"}],"curies":[{"name":"wp","href":"https:\/\/api.w.org\/{rel}","templated":true}]}}