{"id":1258,"date":"2022-10-08T09:48:06","date_gmt":"2022-10-08T01:48:06","guid":{"rendered":"https:\/\/longweielec.com\/?post_type=product&#038;p=1258"},"modified":"2025-07-19T22:11:04","modified_gmt":"2025-07-19T14:11:04","slug":"lw-7112","status":"publish","type":"product","link":"https:\/\/longweielec.com\/fr\/product\/lw-7112","title":{"rendered":"LW-7112 Testeur programmable AC Hipot"},"content":{"rendered":"","protected":false},"excerpt":{"rendered":"<ul>\n<li><strong>Compact et l\u00e9ger<\/strong>: Taille ultra-compacte pour une portabilit\u00e9 ais\u00e9e.<\/li>\n<li><strong>Fonctionnement convivial<\/strong>: Contr\u00f4les simples avec verrouillage du clavier.<\/li>\n<li><strong>5 R\u00e9glages de la m\u00e9moire programmable<\/strong>: Chaque groupe permet de s\u00e9lectionner quatre modes de travail.<\/li>\n<li><strong>Ecran LCD clair<\/strong>: Visibilit\u00e9 instantan\u00e9e de l'\u00e9tat et des r\u00e9sultats des tests.<\/li>\n<li><strong>Rampe de tension temporelle<\/strong>: Augmentation progressive de la tension pour l'analyse des pannes en temps r\u00e9el.<\/li>\n<li><strong>Limites de courant r\u00e9glables<\/strong>: Syst\u00e8me d'alarme intelligent pour les r\u00e9glages de courant \u00e9lev\u00e9 et faible.<\/li>\n<li><strong>Fonctionnalit\u00e9 de d\u00e9tection d'arc<\/strong>: D\u00e9tection de grade 1-9 pour une identification pr\u00e9cise de l'arc.<\/li>\n<li><strong>Interface de contr\u00f4le PLC \u00e0 distance<\/strong>: Permet le fonctionnement et la surveillance \u00e0 distance.<\/li>\n<\/ul>","protected":false},"featured_media":1252,"template":"","meta":[],"product_brand":[],"product_cat":[31],"product_tag":[99],"class_list":{"0":"post-1258","1":"product","2":"type-product","3":"status-publish","4":"has-post-thumbnail","6":"product_cat-safety-tester","7":"product_tag-hipot-tester","9":"first","10":"instock","11":"shipping-taxable","12":"purchasable","13":"product-type-variable","14":"has-default-attributes"},"_links":{"self":[{"href":"https:\/\/longweielec.com\/fr\/wp-json\/wp\/v2\/product\/1258","targetHints":{"allow":["GET"]}}],"collection":[{"href":"https:\/\/longweielec.com\/fr\/wp-json\/wp\/v2\/product"}],"about":[{"href":"https:\/\/longweielec.com\/fr\/wp-json\/wp\/v2\/types\/product"}],"wp:featuredmedia":[{"embeddable":true,"href":"https:\/\/longweielec.com\/fr\/wp-json\/wp\/v2\/media\/1252"}],"wp:attachment":[{"href":"https:\/\/longweielec.com\/fr\/wp-json\/wp\/v2\/media?parent=1258"}],"wp:term":[{"taxonomy":"product_brand","embeddable":true,"href":"https:\/\/longweielec.com\/fr\/wp-json\/wp\/v2\/product_brand?post=1258"},{"taxonomy":"product_cat","embeddable":true,"href":"https:\/\/longweielec.com\/fr\/wp-json\/wp\/v2\/product_cat?post=1258"},{"taxonomy":"product_tag","embeddable":true,"href":"https:\/\/longweielec.com\/fr\/wp-json\/wp\/v2\/product_tag?post=1258"}],"curies":[{"name":"wp","href":"https:\/\/api.w.org\/{rel}","templated":true}]}}