{"id":1332,"date":"2022-10-10T00:19:02","date_gmt":"2022-10-09T16:19:02","guid":{"rendered":"https:\/\/longweielec.com\/?post_type=product&#038;p=1332"},"modified":"2025-07-19T22:11:07","modified_gmt":"2025-07-19T14:11:07","slug":"lw-2512b","status":"publish","type":"product","link":"https:\/\/longweielec.com\/fr\/product\/lw-2512b","title":{"rendered":"LW-2512B 1\u00b5\u03a9-200k\u03a9 Micro-ohmm\u00e8tre DC intelligent"},"content":{"rendered":"","protected":false},"excerpt":{"rendered":"<ul>\n<li><strong>Large gamme de r\u00e9sistances<\/strong>: Mesure de 1\u00b5\u03a9 \u00e0 20KM\u03a9 sur six plages s\u00e9lectionnables.<\/li>\n<li><strong>Vitesse de test variable<\/strong>: Choisissez entre les modes lent (5 lectures\/sec) et rapide (10 lectures\/sec).<\/li>\n<li><strong>Pr\u00e9cision de mesure \u00e9lev\u00e9e<\/strong>: Pr\u00e9cision de 0,02% \u00b1 2 chiffres pour des r\u00e9sultats fiables.<\/li>\n<li><strong>Options de double affichage<\/strong>: Affichage des mesures sous forme de r\u00e9sistance ou de pourcentage.<\/li>\n<li><strong>Fonctionnalit\u00e9 de tri<\/strong>: Les r\u00e9sultats sont class\u00e9s par cat\u00e9gories (FAIBLE, PASSE ou \u00c9LEV\u00c9) pour faciliter l'interpr\u00e9tation.<\/li>\n<li><strong>Des m\u00e9thodes de comparaison flexibles<\/strong>: Comparer en utilisant les valeurs de r\u00e9sistance ou les diff\u00e9rences de pourcentage.<\/li>\n<li><strong>Fonctionnalit\u00e9 de mise \u00e0 z\u00e9ro directe<\/strong>: Fonction de r\u00e9initialisation facile du panneau pour des ajustements rapides.<\/li>\n<li><strong>Options d'interface de communication<\/strong>: Comprend une interface de tri avec communication RS-232 en option.<\/li>\n<li><strong>Commandes tactiles r\u00e9actives<\/strong>: Les boutons thermosensibles permettent une utilisation rapide et facile.<\/li>\n<\/ul>","protected":false},"featured_media":1335,"template":"","meta":[],"product_brand":[],"product_cat":[31],"product_tag":[100],"class_list":{"0":"post-1332","1":"product","2":"type-product","3":"status-publish","4":"has-post-thumbnail","6":"product_cat-safety-tester","7":"product_tag-resistance-tester","9":"first","10":"instock","11":"shipping-taxable","12":"purchasable","13":"product-type-variable","14":"has-default-attributes"},"_links":{"self":[{"href":"https:\/\/longweielec.com\/fr\/wp-json\/wp\/v2\/product\/1332","targetHints":{"allow":["GET"]}}],"collection":[{"href":"https:\/\/longweielec.com\/fr\/wp-json\/wp\/v2\/product"}],"about":[{"href":"https:\/\/longweielec.com\/fr\/wp-json\/wp\/v2\/types\/product"}],"wp:featuredmedia":[{"embeddable":true,"href":"https:\/\/longweielec.com\/fr\/wp-json\/wp\/v2\/media\/1335"}],"wp:attachment":[{"href":"https:\/\/longweielec.com\/fr\/wp-json\/wp\/v2\/media?parent=1332"}],"wp:term":[{"taxonomy":"product_brand","embeddable":true,"href":"https:\/\/longweielec.com\/fr\/wp-json\/wp\/v2\/product_brand?post=1332"},{"taxonomy":"product_cat","embeddable":true,"href":"https:\/\/longweielec.com\/fr\/wp-json\/wp\/v2\/product_cat?post=1332"},{"taxonomy":"product_tag","embeddable":true,"href":"https:\/\/longweielec.com\/fr\/wp-json\/wp\/v2\/product_tag?post=1332"}],"curies":[{"name":"wp","href":"https:\/\/api.w.org\/{rel}","templated":true}]}}