{"id":1337,"date":"2022-10-10T11:52:54","date_gmt":"2022-10-10T03:52:54","guid":{"rendered":"https:\/\/longweielec.com\/?post_type=product&#038;p=1337"},"modified":"2025-07-19T22:11:03","modified_gmt":"2025-07-19T14:11:03","slug":"lw-7142","status":"publish","type":"product","link":"https:\/\/longweielec.com\/fr\/product\/lw-7142","title":{"rendered":"LW-7142 Testeur d'isolation Hipot programmable de pr\u00e9cision AC\/DC AC5KV DC6KV IR1KV"},"content":{"rendered":"","protected":false},"excerpt":{"rendered":"<ul>\n<li><strong>Compact et l\u00e9ger<\/strong>: Taille ultra-compacte et conception l\u00e9g\u00e8re pour une portabilit\u00e9 ais\u00e9e.<\/li>\n<li><strong>Fonctionnement convivial<\/strong>: Simple d'utilisation, il est dot\u00e9 d'une fonction de verrouillage du clavier pour plus de s\u00e9curit\u00e9.<\/li>\n<li><strong>R\u00e9glages de la m\u00e9moire<\/strong>: M\u00e9morise jusqu'\u00e0 10 s\u00e9ries de configurations, chacune avec 4 modes de travail et 3 \u00e9tapes.<\/li>\n<li><strong>Affichage clair<\/strong>: LCD \u00e0 matrice \u00e0 points 128\u00d764 pour une visualisation ais\u00e9e de l'\u00e9tat des tests et des r\u00e9sultats.<\/li>\n<li><strong>Augmentation progressive de la tension<\/strong>: La tension augmente selon un gradient temporel pour l'analyse en temps r\u00e9el des points de rupture.<\/li>\n<li><strong>Caract\u00e9ristiques de s\u00e9curit\u00e9<\/strong>: \u00c9quip\u00e9 d'une protection compl\u00e8te de l'isolation pour la s\u00e9curit\u00e9 de l'utilisateur.<\/li>\n<li><strong>Limites de courant r\u00e9glables<\/strong>: D\u00e9finir des limites de courant sup\u00e9rieures et inf\u00e9rieures avec des notifications d'alarme intelligentes.<\/li>\n<li><strong>D\u00e9tection d'arc<\/strong>: D\u00e9tecte les arcs \u00e9lectriques avec 9 niveaux r\u00e9glables pour une meilleure surveillance de la s\u00e9curit\u00e9.<\/li>\n<li><strong>Interface de commande \u00e0 distance<\/strong>: Comprend une interface de contr\u00f4le PLC disponible en option.<\/li>\n<\/ul>","protected":false},"featured_media":1340,"template":"","meta":[],"product_brand":[],"product_cat":[31],"product_tag":[99],"class_list":{"0":"post-1337","1":"product","2":"type-product","3":"status-publish","4":"has-post-thumbnail","6":"product_cat-safety-tester","7":"product_tag-hipot-tester","9":"first","10":"instock","11":"shipping-taxable","12":"purchasable","13":"product-type-variable","14":"has-default-attributes"},"_links":{"self":[{"href":"https:\/\/longweielec.com\/fr\/wp-json\/wp\/v2\/product\/1337","targetHints":{"allow":["GET"]}}],"collection":[{"href":"https:\/\/longweielec.com\/fr\/wp-json\/wp\/v2\/product"}],"about":[{"href":"https:\/\/longweielec.com\/fr\/wp-json\/wp\/v2\/types\/product"}],"wp:featuredmedia":[{"embeddable":true,"href":"https:\/\/longweielec.com\/fr\/wp-json\/wp\/v2\/media\/1340"}],"wp:attachment":[{"href":"https:\/\/longweielec.com\/fr\/wp-json\/wp\/v2\/media?parent=1337"}],"wp:term":[{"taxonomy":"product_brand","embeddable":true,"href":"https:\/\/longweielec.com\/fr\/wp-json\/wp\/v2\/product_brand?post=1337"},{"taxonomy":"product_cat","embeddable":true,"href":"https:\/\/longweielec.com\/fr\/wp-json\/wp\/v2\/product_cat?post=1337"},{"taxonomy":"product_tag","embeddable":true,"href":"https:\/\/longweielec.com\/fr\/wp-json\/wp\/v2\/product_tag?post=1337"}],"curies":[{"name":"wp","href":"https:\/\/api.w.org\/{rel}","templated":true}]}}