{"id":1376,"date":"2022-10-11T23:36:24","date_gmt":"2022-10-11T15:36:24","guid":{"rendered":"https:\/\/longweielec.com\/?post_type=product&#038;p=1376"},"modified":"2025-07-19T22:11:08","modified_gmt":"2025-07-19T14:11:08","slug":"lw-2812c","status":"publish","type":"product","link":"https:\/\/longweielec.com\/fr\/product\/lw-2812c","title":{"rendered":"Mesureur LCR 100kHz"},"content":{"rendered":"","protected":false},"excerpt":{"rendered":"<ul>\n<li>Bas\u00e9 sur un seul microprocesseur, utilisant des techniques avanc\u00e9es de 5 ports et des erreurs corrig\u00e9es par le microprocesseur.<\/li>\n<li>Protection contre les chocs, plage de verrouillage et fonction particuli\u00e8re de remise \u00e0 z\u00e9ro.<\/li>\n<li>Facile \u00e0 utiliser, grande stabilit\u00e9, convient aux essais sur le terrain de production.<\/li>\n<\/ul>","protected":false},"featured_media":1368,"template":"","meta":[],"product_brand":[],"product_cat":[23],"product_tag":[102],"class_list":{"0":"post-1376","1":"product","2":"type-product","3":"status-publish","4":"has-post-thumbnail","6":"product_cat-uncategorized","7":"product_tag-lcr-meter","9":"first","10":"instock","11":"shipping-taxable","12":"purchasable","13":"product-type-variable","14":"has-default-attributes"},"_links":{"self":[{"href":"https:\/\/longweielec.com\/fr\/wp-json\/wp\/v2\/product\/1376","targetHints":{"allow":["GET"]}}],"collection":[{"href":"https:\/\/longweielec.com\/fr\/wp-json\/wp\/v2\/product"}],"about":[{"href":"https:\/\/longweielec.com\/fr\/wp-json\/wp\/v2\/types\/product"}],"wp:featuredmedia":[{"embeddable":true,"href":"https:\/\/longweielec.com\/fr\/wp-json\/wp\/v2\/media\/1368"}],"wp:attachment":[{"href":"https:\/\/longweielec.com\/fr\/wp-json\/wp\/v2\/media?parent=1376"}],"wp:term":[{"taxonomy":"product_brand","embeddable":true,"href":"https:\/\/longweielec.com\/fr\/wp-json\/wp\/v2\/product_brand?post=1376"},{"taxonomy":"product_cat","embeddable":true,"href":"https:\/\/longweielec.com\/fr\/wp-json\/wp\/v2\/product_cat?post=1376"},{"taxonomy":"product_tag","embeddable":true,"href":"https:\/\/longweielec.com\/fr\/wp-json\/wp\/v2\/product_tag?post=1376"}],"curies":[{"name":"wp","href":"https:\/\/api.w.org\/{rel}","templated":true}]}}