{"id":1397,"date":"2022-10-12T23:18:44","date_gmt":"2022-10-12T15:18:44","guid":{"rendered":"https:\/\/longweielec.com\/?post_type=product&#038;p=1397"},"modified":"2025-07-19T22:10:17","modified_gmt":"2025-07-19T14:10:17","slug":"lw-8511","status":"publish","type":"product","link":"https:\/\/longweielec.com\/fr\/product\/lw-8511","title":{"rendered":"LW-8511 Testeur de charge \u00e9lectronique 150W"},"content":{"rendered":"","protected":false},"excerpt":{"rendered":"<ul>\n<li><strong>Puces haute performance<\/strong>: Utilise des composants avanc\u00e9s pour une vitesse et une pr\u00e9cision accrues.<\/li>\n<li><strong>R\u00e9solution de pr\u00e9cision<\/strong>: Offre des r\u00e9solutions de 0,1mV et 0,01mA avec une pr\u00e9cision de base de 0,03%.<\/li>\n<li><strong>Augmentation rapide du courant<\/strong>: Comprend un taux de mont\u00e9e en courant rapide de 2,5A\/\u03bcs.<\/li>\n<li><strong>Conception innovante<\/strong>: Une apparence moderne gr\u00e2ce \u00e0 des processus de fabrication m\u00e9ticuleux.<\/li>\n<li><strong>Valeur exceptionnelle<\/strong>: Offre un rapport co\u00fbt\/performance sup\u00e9rieur \u00e0 celui des produits similaires sur le march\u00e9.<\/li>\n<\/ul>","protected":false},"featured_media":1399,"template":"","meta":[],"product_brand":[],"product_cat":[23],"product_tag":[105],"class_list":{"0":"post-1397","1":"product","2":"type-product","3":"status-publish","4":"has-post-thumbnail","6":"product_cat-uncategorized","7":"product_tag-electronic-load-meter","9":"first","10":"instock","11":"shipping-taxable","12":"purchasable","13":"product-type-variable","14":"has-default-attributes"},"_links":{"self":[{"href":"https:\/\/longweielec.com\/fr\/wp-json\/wp\/v2\/product\/1397","targetHints":{"allow":["GET"]}}],"collection":[{"href":"https:\/\/longweielec.com\/fr\/wp-json\/wp\/v2\/product"}],"about":[{"href":"https:\/\/longweielec.com\/fr\/wp-json\/wp\/v2\/types\/product"}],"wp:featuredmedia":[{"embeddable":true,"href":"https:\/\/longweielec.com\/fr\/wp-json\/wp\/v2\/media\/1399"}],"wp:attachment":[{"href":"https:\/\/longweielec.com\/fr\/wp-json\/wp\/v2\/media?parent=1397"}],"wp:term":[{"taxonomy":"product_brand","embeddable":true,"href":"https:\/\/longweielec.com\/fr\/wp-json\/wp\/v2\/product_brand?post=1397"},{"taxonomy":"product_cat","embeddable":true,"href":"https:\/\/longweielec.com\/fr\/wp-json\/wp\/v2\/product_cat?post=1397"},{"taxonomy":"product_tag","embeddable":true,"href":"https:\/\/longweielec.com\/fr\/wp-json\/wp\/v2\/product_tag?post=1397"}],"curies":[{"name":"wp","href":"https:\/\/api.w.org\/{rel}","templated":true}]}}