{"id":1411,"date":"2022-10-13T23:18:01","date_gmt":"2022-10-13T15:18:01","guid":{"rendered":"https:\/\/longweielec.com\/?post_type=product&#038;p=1411"},"modified":"2025-07-19T22:17:07","modified_gmt":"2025-07-19T14:17:07","slug":"lw-936","status":"publish","type":"product","link":"https:\/\/longweielec.com\/fr\/product\/lw-936","title":{"rendered":"Station de soudage sans plomb et sans risque d'\u00e9lectrocution LW-936 am\u00e9lior\u00e9e"},"content":{"rendered":"","protected":false},"excerpt":{"rendered":"<ul>\n<li><strong>Protection contre les d\u00e9charges \u00e9lectrostatiques (ESD)<\/strong>: Fabriqu\u00e9e \u00e0 partir de mat\u00e9riaux conducteurs, cette station de soudure est sp\u00e9cialement con\u00e7ue pour \u00e9viter l'\u00e9lectricit\u00e9 statique et maintenir l'espace de travail propre (s\u00e9curit\u00e9 ESD).<\/li>\n<li><strong>\u00c9l\u00e9ment chauffant durable<\/strong>: L'\u00e9l\u00e9ment chauffant import\u00e9, r\u00e9sistant aux temp\u00e9ratures \u00e9lev\u00e9es, est dot\u00e9 d'une technologie avanc\u00e9e pour une dur\u00e9e de vie prolong\u00e9e.<\/li>\n<li><strong>Fonctionnement \u00e0 basse tension<\/strong>: Aliment\u00e9 par une source de courant alternatif \u00e0 basse tension pour garantir la s\u00e9curit\u00e9 contre l'\u00e9lectricit\u00e9 statique, les fuites \u00e9lectriques et les interf\u00e9rences.<\/li>\n<li><strong>Contr\u00f4le pr\u00e9cis de la temp\u00e9rature<\/strong>: Offre des r\u00e9glages de temp\u00e9rature stables et pr\u00e9cis allant de 200\u00b0C \u00e0 480\u00b0C pour des besoins de brasage polyvalents.<\/li>\n<li><strong>Chauffage rapide<\/strong>: Atteint rapidement les temp\u00e9ratures souhait\u00e9es pour des op\u00e9rations de soudure efficaces.<\/li>\n<li><strong>Poign\u00e9e l\u00e9g\u00e8re<\/strong>: La conception ergonomique de la poign\u00e9e minimise la fatigue lors d'une utilisation prolong\u00e9e.<\/li>\n<li><strong>Alimentation enti\u00e8rement isol\u00e9e<\/strong>: L'alimentation principale de l'\u00e9l\u00e9ment chauffant est compl\u00e8tement isol\u00e9e du r\u00e9seau \u00e9lectrique pour une s\u00e9curit\u00e9 accrue.<\/li>\n<li><strong>C\u00e2ble haute temp\u00e9rature<\/strong>: Le fer \u00e0 souder est reli\u00e9 \u00e0 la station de contr\u00f4le par un connecteur aviation et un c\u00e2ble en silicone r\u00e9sistant aux hautes temp\u00e9ratures.<\/li>\n<li><strong>Fonction de verrouillage de la temp\u00e9rature<\/strong>: Un m\u00e9canisme de verrouillage unique emp\u00eache tout r\u00e9glage non autoris\u00e9 de la temp\u00e9rature.<\/li>\n<li><strong>Conception modulaire<\/strong>: Les composants s\u00e9par\u00e9s facilitent le placement et l'organisation dans l'espace de travail.<\/li>\n<\/ul>","protected":false},"featured_media":3001,"template":"","meta":[],"product_brand":[],"product_cat":[34],"product_tag":[106],"class_list":{"0":"post-1411","1":"product","2":"type-product","3":"status-publish","4":"has-post-thumbnail","6":"product_cat-soldering-station","7":"product_tag-soldering-station","9":"first","10":"instock","11":"shipping-taxable","12":"purchasable","13":"product-type-variable","14":"has-default-attributes"},"_links":{"self":[{"href":"https:\/\/longweielec.com\/fr\/wp-json\/wp\/v2\/product\/1411","targetHints":{"allow":["GET"]}}],"collection":[{"href":"https:\/\/longweielec.com\/fr\/wp-json\/wp\/v2\/product"}],"about":[{"href":"https:\/\/longweielec.com\/fr\/wp-json\/wp\/v2\/types\/product"}],"wp:featuredmedia":[{"embeddable":true,"href":"https:\/\/longweielec.com\/fr\/wp-json\/wp\/v2\/media\/3001"}],"wp:attachment":[{"href":"https:\/\/longweielec.com\/fr\/wp-json\/wp\/v2\/media?parent=1411"}],"wp:term":[{"taxonomy":"product_brand","embeddable":true,"href":"https:\/\/longweielec.com\/fr\/wp-json\/wp\/v2\/product_brand?post=1411"},{"taxonomy":"product_cat","embeddable":true,"href":"https:\/\/longweielec.com\/fr\/wp-json\/wp\/v2\/product_cat?post=1411"},{"taxonomy":"product_tag","embeddable":true,"href":"https:\/\/longweielec.com\/fr\/wp-json\/wp\/v2\/product_tag?post=1411"}],"curies":[{"name":"wp","href":"https:\/\/api.w.org\/{rel}","templated":true}]}}