{"id":1438,"date":"2022-10-18T00:44:20","date_gmt":"2022-10-17T16:44:20","guid":{"rendered":"https:\/\/longweielec.com\/?post_type=product&#038;p=1438"},"modified":"2025-07-19T22:17:06","modified_gmt":"2025-07-19T14:17:06","slug":"lw-60","status":"publish","type":"product","link":"https:\/\/longweielec.com\/fr\/product\/lw-60","title":{"rendered":"LW-60 Station de soudage intelligente de haute qualit\u00e9, sans plomb et s\u00e9curis\u00e9e contre les d\u00e9charges \u00e9lectrostatiques (ESD), 60W"},"content":{"rendered":"","protected":false},"excerpt":{"rendered":"<ul>\n<li><strong>Grand \u00e9cran LCD<\/strong>: L'\u00e9cran est r\u00e9tro\u00e9clair\u00e9 pour une meilleure visibilit\u00e9 et une interaction conviviale.<\/li>\n<li><strong>Fonctionnement du menu<\/strong>: Acc\u00e8s rapide \u00e0 la temp\u00e9rature gr\u00e2ce \u00e0 trois touches programmables permettant de passer rapidement d'un r\u00e9glage \u00e0 l'autre.<\/li>\n<li><strong>Mode veille<\/strong>: Les fonctions de mise en veille et d'arr\u00eat automatiques renforcent la s\u00e9curit\u00e9 et prolongent la dur\u00e9e de vie du produit.<\/li>\n<li><strong>Verrouillage de la temp\u00e9rature<\/strong>: Des autorisations d'utilisation peuvent \u00eatre d\u00e9finies pour faciliter le contr\u00f4le du processus et emp\u00eacher les modifications non autoris\u00e9es.<\/li>\n<li><strong>Contr\u00f4le de la consommation d'\u00e9nergie<\/strong>: Affichage visuel de la consommation d'\u00e9nergie en cours de fonctionnement pour un meilleur suivi de l'efficacit\u00e9.<\/li>\n<li><strong>Compensation intelligente de la temp\u00e9rature<\/strong>: Assure une temp\u00e9rature stable pendant le fonctionnement pour des performances constantes.<\/li>\n<li><strong>\u00c9talonnage du logiciel<\/strong>: La pr\u00e9cision de la temp\u00e9rature reste comparable aux r\u00e9glages d'usine, m\u00eame apr\u00e8s une utilisation prolong\u00e9e.<\/li>\n<li><strong>\u00c9l\u00e9ment chauffant basse tension<\/strong>: L'isolation compl\u00e8te du r\u00e9seau \u00e9lectrique permet d'assurer des pratiques de soudage s\u00fbres.<\/li>\n<li><strong>Pointe \u00e0 souder de haute qualit\u00e9<\/strong>: Utilise des pointes d\u00e9tachables de la s\u00e9rie 900M pour r\u00e9duire les co\u00fbts de remplacement et assurer un chauffage efficace.<\/li>\n<li><strong>Une conception peu encombrante<\/strong>: Le support du fer \u00e0 souder et l'unit\u00e9 principale sont s\u00e9par\u00e9s pour faciliter le placement et l'organisation.<\/li>\n<li><strong>Transformateur en cuivre<\/strong>: Garantit une puissance de sortie suffisante pour un fonctionnement prolong\u00e9 et performant.<\/li>\n<li><strong>Unit\u00e9s de temp\u00e9rature flexibles<\/strong>: Passez facilement de l'\u00e9chelle Celsius (\u00b0C) \u00e0 l'\u00e9chelle Fahrenheit (\u00b0F) selon vos besoins.<\/li>\n<\/ul>","protected":false},"featured_media":1435,"template":"","meta":[],"product_brand":[],"product_cat":[34],"product_tag":[106],"class_list":{"0":"post-1438","1":"product","2":"type-product","3":"status-publish","4":"has-post-thumbnail","6":"product_cat-soldering-station","7":"product_tag-soldering-station","9":"first","10":"instock","11":"shipping-taxable","12":"purchasable","13":"product-type-variable","14":"has-default-attributes"},"_links":{"self":[{"href":"https:\/\/longweielec.com\/fr\/wp-json\/wp\/v2\/product\/1438","targetHints":{"allow":["GET"]}}],"collection":[{"href":"https:\/\/longweielec.com\/fr\/wp-json\/wp\/v2\/product"}],"about":[{"href":"https:\/\/longweielec.com\/fr\/wp-json\/wp\/v2\/types\/product"}],"wp:featuredmedia":[{"embeddable":true,"href":"https:\/\/longweielec.com\/fr\/wp-json\/wp\/v2\/media\/1435"}],"wp:attachment":[{"href":"https:\/\/longweielec.com\/fr\/wp-json\/wp\/v2\/media?parent=1438"}],"wp:term":[{"taxonomy":"product_brand","embeddable":true,"href":"https:\/\/longweielec.com\/fr\/wp-json\/wp\/v2\/product_brand?post=1438"},{"taxonomy":"product_cat","embeddable":true,"href":"https:\/\/longweielec.com\/fr\/wp-json\/wp\/v2\/product_cat?post=1438"},{"taxonomy":"product_tag","embeddable":true,"href":"https:\/\/longweielec.com\/fr\/wp-json\/wp\/v2\/product_tag?post=1438"}],"curies":[{"name":"wp","href":"https:\/\/api.w.org\/{rel}","templated":true}]}}