{"id":2957,"date":"2024-11-25T17:28:38","date_gmt":"2024-11-25T09:28:38","guid":{"rendered":"https:\/\/longweielec.com\/?post_type=product&#038;p=2957"},"modified":"2025-07-19T22:10:15","modified_gmt":"2025-07-19T14:10:15","slug":"lw-2102cel","status":"publish","type":"product","link":"https:\/\/longweielec.com\/fr\/product\/lw-2102cel","title":{"rendered":"LW-2102CEL Oscilloscope num\u00e9rique \u00e0 deux voies 100MHz"},"content":{"rendered":"","protected":false},"excerpt":{"rendered":"<ul>\n<li><strong>Deux canaux analogiques :<\/strong>\u00a0Large gamme de 1mV\/div \u00e0 20V\/div pour des mesures polyvalentes.<\/li>\n<li><strong>LCD couleur haute d\u00e9finition :<\/strong>\u00a0\u00c9cran de 7 pouces (178 mm de diagonale) avec une r\u00e9solution de 800\u00d7480 pour une bonne visibilit\u00e9.<\/li>\n<li><strong>Support USB Plug-and-Play :<\/strong>\u00a0Stockage et transfert de donn\u00e9es faciles avec des dispositifs USB compatibles.<\/li>\n<li><strong>Configuration automatique de la forme d'onde et de l'\u00e9tat :<\/strong>\u00a0Fonctionnement simplifi\u00e9 pour faciliter les mesures.<\/li>\n<li><strong>Stockage des formes d'onde et des param\u00e8tres :<\/strong>\u00a0Sauvegarder et reproduire efficacement les formes d'onde, les param\u00e8tres et les images bitmap.<\/li>\n<li><strong>Expansion de la fen\u00eatre fine :<\/strong>\u00a0Analyse pr\u00e9cise des d\u00e9tails de la forme d'onde et des formes g\u00e9n\u00e9rales.<\/li>\n<li><strong>28 Mesures automatiques de formes d'onde :<\/strong>\u00a0Mesure rapide des param\u00e8tres cl\u00e9s sans ajustement manuel.<\/li>\n<li><strong>Suivi automatique du curseur :<\/strong>\u00a0Mesurez les caract\u00e9ristiques de la forme d'onde sans effort gr\u00e2ce au suivi automatique du curseur.<\/li>\n<li><strong>Enregistrement et lecture uniques des formes d'onde :<\/strong>\u00a0Enregistrez les formes d'onde pour les examiner ou les analyser ult\u00e9rieurement.<\/li>\n<li><strong>Fonctionnalit\u00e9 FFT int\u00e9gr\u00e9e :<\/strong>\u00a0L'analyse des fr\u00e9quences est facilit\u00e9e gr\u00e2ce \u00e0 la transform\u00e9e de Fourier rapide int\u00e9gr\u00e9e.<\/li>\n<li><strong>Op\u00e9rations math\u00e9matiques multiples :<\/strong>\u00a0Effectuer des additions, des soustractions, des multiplications et des divisions sur des formes d'onde.<\/li>\n<li><strong>Fonctions de front, de largeur d'impulsion et de d\u00e9clenchement alternatif :<\/strong>\u00a0Options de d\u00e9clenchement am\u00e9lior\u00e9es pour une saisie pr\u00e9cise des donn\u00e9es.<\/li>\n<li><strong>Affichage du menu en plusieurs langues :<\/strong>\u00a0Interface conviviale disponible en plusieurs langues pour une accessibilit\u00e9 internationale.<\/li>\n<\/ul>","protected":false},"featured_media":1151,"template":"","meta":[],"product_brand":[],"product_cat":[29],"product_tag":[95],"class_list":{"0":"post-2957","1":"product","2":"type-product","3":"status-publish","4":"has-post-thumbnail","6":"product_cat-oscilloscope","7":"product_tag-digital-oscilloscope","9":"first","10":"instock","11":"shipping-taxable","12":"purchasable","13":"product-type-variable"},"_links":{"self":[{"href":"https:\/\/longweielec.com\/fr\/wp-json\/wp\/v2\/product\/2957","targetHints":{"allow":["GET"]}}],"collection":[{"href":"https:\/\/longweielec.com\/fr\/wp-json\/wp\/v2\/product"}],"about":[{"href":"https:\/\/longweielec.com\/fr\/wp-json\/wp\/v2\/types\/product"}],"wp:featuredmedia":[{"embeddable":true,"href":"https:\/\/longweielec.com\/fr\/wp-json\/wp\/v2\/media\/1151"}],"wp:attachment":[{"href":"https:\/\/longweielec.com\/fr\/wp-json\/wp\/v2\/media?parent=2957"}],"wp:term":[{"taxonomy":"product_brand","embeddable":true,"href":"https:\/\/longweielec.com\/fr\/wp-json\/wp\/v2\/product_brand?post=2957"},{"taxonomy":"product_cat","embeddable":true,"href":"https:\/\/longweielec.com\/fr\/wp-json\/wp\/v2\/product_cat?post=2957"},{"taxonomy":"product_tag","embeddable":true,"href":"https:\/\/longweielec.com\/fr\/wp-json\/wp\/v2\/product_tag?post=2957"}],"curies":[{"name":"wp","href":"https:\/\/api.w.org\/{rel}","templated":true}]}}