{"id":3006,"date":"2024-11-29T10:56:17","date_gmt":"2024-11-29T02:56:17","guid":{"rendered":"https:\/\/longweielec.com\/?post_type=product&#038;p=3006"},"modified":"2025-07-19T22:17:06","modified_gmt":"2025-07-19T14:17:06","slug":"lw-315dh","status":"publish","type":"product","link":"https:\/\/longweielec.com\/fr\/product\/lw-315dh","title":{"rendered":"LW-315DH Station de soudure num\u00e9rique haute performance 150W sans plomb ESD"},"content":{"rendered":"","protected":false},"excerpt":{"rendered":"<ul>\n<li class=\"translation-block\">&lt;Chauffage par induction \u00e0 haute fr\u00e9quence<\/strong> : La puissance de 150 W et la grande poign\u00e9e de la panne du fer \u00e0 souder r\u00e9pondent aux exigences industrielles en mati\u00e8re de soudage.<\/li>\n<li class=\"translation-block\"><strong>Acc\u00e8s rapide \u00e0 la temp\u00e9rature<\/strong> : trois touches de raccourci programmables permettent aux utilisateurs de passer rapidement d'une temp\u00e9rature \u00e0 l'autre.<\/li>\n<li class=\"translation-block\">&lt;Fonctions de mise en veille et de s\u00e9curit\u00e9<\/strong> : Les fonctions de mise en veille et d'arr\u00eat automatique prot\u00e8gent la s\u00e9curit\u00e9 de l'utilisateur et prolongent la dur\u00e9e de vie du produit.<\/li>\n<li class=\"translation-block\">&lt;Affichage de la consommation d&#039;\u00e9nergie<\/strong> : la barre de consommation d'\u00e9nergie simul\u00e9e indique la consommation d'\u00e9nergie op\u00e9rationnelle en temps r\u00e9el pour une surveillance \u00e9clair\u00e9e.<\/li>\n<li class=\"translation-block\">&lt;Contr\u00f4le intelligent de la temp\u00e9rature par MCU<\/strong> : La compensation rapide de la temp\u00e9rature garantit des temp\u00e9ratures de travail constantes pendant l'utilisation.<\/li>\n<li class=\"translation-block\"><strong>Calibrage num\u00e9rique de la temp\u00e9rature<\/strong> : le calibrage du logiciel maintient la pr\u00e9cision au fil du temps, garantissant une constance de la temp\u00e9rature semblable aux r\u00e9glages d'usine.<\/li>\n<li class=\"translation-block\">&lt;\u00c9l\u00e9ment chauffant basse tension<\/strong> : Enti\u00e8rement isol\u00e9 du r\u00e9seau \u00e9lectrique, il garantit la s\u00e9curit\u00e9 des op\u00e9rations de soudage.<\/li>\n<li class=\"translation-block\">&lt;Conception de pointe de soudure de haute qualit\u00e9<\/strong> : les pointes de soudure import\u00e9es avec un noyau chauffant s\u00e9parable r\u00e9duisent efficacement les co\u00fbts de remplacement des consommables.<\/li>\n<li class=\"translation-block\"><strong>Alimentation fiable<\/strong> : Le transformateur en cuivre pur garantit une puissance de sortie suffisante pour un fonctionnement prolong\u00e9 \u00e0 haute puissance.<\/li>\n<li class=\"translation-block\"><strong>Unit\u00e9s de temp\u00e9rature flexibles<\/strong> : Passez facilement de l'unit\u00e9 Celsius (\u00b0C) \u00e0 l'unit\u00e9 Fahrenheit (\u00b0F) pour r\u00e9pondre aux pr\u00e9f\u00e9rences de l'utilisateur.<\/li>\n<\/ul>","protected":false},"featured_media":3009,"template":"","meta":[],"product_brand":[],"product_cat":[34],"product_tag":[106],"class_list":{"0":"post-3006","1":"product","2":"type-product","3":"status-publish","4":"has-post-thumbnail","6":"product_cat-soldering-station","7":"product_tag-soldering-station","9":"first","10":"instock","11":"shipping-taxable","12":"purchasable","13":"product-type-variable","14":"has-default-attributes"},"_links":{"self":[{"href":"https:\/\/longweielec.com\/fr\/wp-json\/wp\/v2\/product\/3006","targetHints":{"allow":["GET"]}}],"collection":[{"href":"https:\/\/longweielec.com\/fr\/wp-json\/wp\/v2\/product"}],"about":[{"href":"https:\/\/longweielec.com\/fr\/wp-json\/wp\/v2\/types\/product"}],"wp:featuredmedia":[{"embeddable":true,"href":"https:\/\/longweielec.com\/fr\/wp-json\/wp\/v2\/media\/3009"}],"wp:attachment":[{"href":"https:\/\/longweielec.com\/fr\/wp-json\/wp\/v2\/media?parent=3006"}],"wp:term":[{"taxonomy":"product_brand","embeddable":true,"href":"https:\/\/longweielec.com\/fr\/wp-json\/wp\/v2\/product_brand?post=3006"},{"taxonomy":"product_cat","embeddable":true,"href":"https:\/\/longweielec.com\/fr\/wp-json\/wp\/v2\/product_cat?post=3006"},{"taxonomy":"product_tag","embeddable":true,"href":"https:\/\/longweielec.com\/fr\/wp-json\/wp\/v2\/product_tag?post=3006"}],"curies":[{"name":"wp","href":"https:\/\/api.w.org\/{rel}","templated":true}]}}