{"id":3012,"date":"2024-11-29T12:05:47","date_gmt":"2024-11-29T04:05:47","guid":{"rendered":"https:\/\/longweielec.com\/?post_type=product&#038;p=3012"},"modified":"2025-07-19T22:17:06","modified_gmt":"2025-07-19T14:17:06","slug":"lw-858d","status":"publish","type":"product","link":"https:\/\/longweielec.com\/fr\/product\/lw-858d","title":{"rendered":"LW-858D+ Station de dessoudage \u00e0 air chaud ESD sans plomb am\u00e9lior\u00e9e"},"content":{"rendered":"","protected":false},"excerpt":{"rendered":"<ul>\n<li class=\"translation-block\"><strong>Affichage num\u00e9rique LED<\/strong> : R\u00e9glez et surveillez facilement les param\u00e8tres gr\u00e2ce \u00e0 un affichage num\u00e9rique LED clair.<\/li>\n<li class=\"translation-block\"><strong>Capteur de veille int\u00e9gr\u00e9<\/strong> : la poign\u00e9e ergonomique est dot\u00e9e d'un mode veille qui permet d'\u00e9conomiser de l'\u00e9nergie lorsque l'appareil n'est pas utilis\u00e9.<\/li>\n<li class=\"translation-block\"><strong>Contr\u00f4le de la temp\u00e9rature par logiciel<\/strong> : La compensation automatique de la temp\u00e9rature garantit un fonctionnement stable et des performances de chauffage constantes.<\/li>\n<li class=\"translation-block\"><strong>Commande de d\u00e9bit d'air r\u00e9glable<\/strong> : Le bouton rotatif permet des r\u00e9glages pr\u00e9cis du d\u00e9bit d'air, affich\u00e9s num\u00e9riquement pour plus de pr\u00e9cision.<\/li>\n<li class=\"translation-block\"><strong>R\u00e9glages de temp\u00e9rature conviviaux<\/strong> : trois boutons programmables permettent un r\u00e9glage rapide de la temp\u00e9rature et un acc\u00e8s facile aux pr\u00e9r\u00e9glages.<\/li>\n<li class=\"translation-block\">&lt;Fonction Cool Air unique<\/strong> : fonction innovante pour un refroidissement rapide des composants dessoud\u00e9s, am\u00e9liorant ainsi l'efficacit\u00e9.<\/li>\n<\/ul>","protected":false},"featured_media":3015,"template":"","meta":[],"product_brand":[],"product_cat":[34],"product_tag":[106],"class_list":{"0":"post-3012","1":"product","2":"type-product","3":"status-publish","4":"has-post-thumbnail","6":"product_cat-soldering-station","7":"product_tag-soldering-station","9":"first","10":"instock","11":"shipping-taxable","12":"purchasable","13":"product-type-variable","14":"has-default-attributes"},"_links":{"self":[{"href":"https:\/\/longweielec.com\/fr\/wp-json\/wp\/v2\/product\/3012","targetHints":{"allow":["GET"]}}],"collection":[{"href":"https:\/\/longweielec.com\/fr\/wp-json\/wp\/v2\/product"}],"about":[{"href":"https:\/\/longweielec.com\/fr\/wp-json\/wp\/v2\/types\/product"}],"wp:featuredmedia":[{"embeddable":true,"href":"https:\/\/longweielec.com\/fr\/wp-json\/wp\/v2\/media\/3015"}],"wp:attachment":[{"href":"https:\/\/longweielec.com\/fr\/wp-json\/wp\/v2\/media?parent=3012"}],"wp:term":[{"taxonomy":"product_brand","embeddable":true,"href":"https:\/\/longweielec.com\/fr\/wp-json\/wp\/v2\/product_brand?post=3012"},{"taxonomy":"product_cat","embeddable":true,"href":"https:\/\/longweielec.com\/fr\/wp-json\/wp\/v2\/product_cat?post=3012"},{"taxonomy":"product_tag","embeddable":true,"href":"https:\/\/longweielec.com\/fr\/wp-json\/wp\/v2\/product_tag?post=3012"}],"curies":[{"name":"wp","href":"https:\/\/api.w.org\/{rel}","templated":true}]}}