{"id":349,"date":"2022-09-02T00:37:58","date_gmt":"2022-09-01T16:37:58","guid":{"rendered":"https:\/\/longweielec.com\/?post_type=product&#038;p=349"},"modified":"2025-07-19T22:14:07","modified_gmt":"2025-07-19T14:14:07","slug":"ps-303d","status":"publish","type":"product","link":"https:\/\/longweielec.com\/fr\/product\/ps-303d","title":{"rendered":"PS-303D Alimentation DC de table 30V 3A"},"content":{"rendered":"<div data-elementor-type=\"section\" data-elementor-id=\"336\" class=\"elementor elementor-336\" data-elementor-post-type=\"elementor_library\">\n\t\t\t\t\t<section class=\"elementor-section elementor-top-section elementor-element elementor-element-c0455b6 elementor-section-full_width elementor-section-height-default elementor-section-height-default\" data-id=\"c0455b6\" data-element_type=\"section\">\n\t\t\t\t\t\t<div class=\"elementor-container elementor-column-gap-no\">\n\t\t\t\t\t<div class=\"elementor-column elementor-col-100 elementor-top-column elementor-element elementor-element-e48efc6\" data-id=\"e48efc6\" data-element_type=\"column\">\n\t\t\t<div class=\"elementor-widget-wrap elementor-element-populated\">\n\t\t\t\t\t\t<div class=\"elementor-element elementor-element-f7e5164 elementor-widget elementor-widget-image\" data-id=\"f7e5164\" data-element_type=\"widget\" data-widget_type=\"image.default\">\n\t\t\t\t\t\t\t\t\t\t\t\t\t\t\t<img fetchpriority=\"high\" decoding=\"async\" width=\"800\" height=\"658\" src=\"https:\/\/longweielec.com\/wp-content\/uploads\/2022\/09\/1662047212-ps-series-description-picture-1.jpg\" class=\"attachment-large size-large wp-image-337\" alt=\"\" srcset=\"\/\/longweielec.com\/wp-content\/uploads\/2022\/09\/1662047212-ps-series-description-picture-1.jpg 800w, \/\/longweielec.com\/wp-content\/uploads\/2022\/09\/1662047212-ps-series-description-picture-1-600x494.jpg 600w, \/\/longweielec.com\/wp-content\/uploads\/2022\/09\/1662047212-ps-series-description-picture-1-300x247.jpg 300w, \/\/longweielec.com\/wp-content\/uploads\/2022\/09\/1662047212-ps-series-description-picture-1-768x632.jpg 768w\" sizes=\"(max-width: 800px) 100vw, 800px\" \/>\t\t\t\t\t\t\t\t\t\t\t\t\t\t\t<\/div>\n\t\t\t\t<div class=\"elementor-element elementor-element-5e8b17b elementor-widget elementor-widget-image\" data-id=\"5e8b17b\" data-element_type=\"widget\" data-widget_type=\"image.default\">\n\t\t\t\t\t\t\t\t\t\t\t\t\t\t\t<img decoding=\"async\" width=\"800\" height=\"800\" src=\"https:\/\/longweielec.com\/wp-content\/uploads\/2022\/09\/1662047313-ps-series-description-picture-2.jpg\" class=\"attachment-large size-large wp-image-338\" alt=\"\" srcset=\"\/\/longweielec.com\/wp-content\/uploads\/2022\/09\/1662047313-ps-series-description-picture-2.jpg 800w, \/\/longweielec.com\/wp-content\/uploads\/2022\/09\/1662047313-ps-series-description-picture-2-300x300.jpg 300w, \/\/longweielec.com\/wp-content\/uploads\/2022\/09\/1662047313-ps-series-description-picture-2-100x100.jpg 100w, \/\/longweielec.com\/wp-content\/uploads\/2022\/09\/1662047313-ps-series-description-picture-2-600x600.jpg 600w, \/\/longweielec.com\/wp-content\/uploads\/2022\/09\/1662047313-ps-series-description-picture-2-150x150.jpg 150w, \/\/longweielec.com\/wp-content\/uploads\/2022\/09\/1662047313-ps-series-description-picture-2-768x768.jpg 768w\" sizes=\"(max-width: 800px) 100vw, 800px\" \/>\t\t\t\t\t\t\t\t\t\t\t\t\t\t\t<\/div>\n\t\t\t\t<div class=\"elementor-element elementor-element-a37a95a elementor-widget elementor-widget-image\" data-id=\"a37a95a\" data-element_type=\"widget\" data-widget_type=\"image.default\">\n\t\t\t\t\t\t\t\t\t\t\t\t\t\t\t<img decoding=\"async\" width=\"800\" height=\"800\" src=\"https:\/\/longweielec.com\/wp-content\/uploads\/2022\/09\/1662047336-ps-series-description-picture-3.jpg\" class=\"attachment-large size-large wp-image-339\" alt=\"\" srcset=\"\/\/longweielec.com\/wp-content\/uploads\/2022\/09\/1662047336-ps-series-description-picture-3.jpg 800w, \/\/longweielec.com\/wp-content\/uploads\/2022\/09\/1662047336-ps-series-description-picture-3-300x300.jpg 300w, \/\/longweielec.com\/wp-content\/uploads\/2022\/09\/1662047336-ps-series-description-picture-3-100x100.jpg 100w, \/\/longweielec.com\/wp-content\/uploads\/2022\/09\/1662047336-ps-series-description-picture-3-600x600.jpg 600w, \/\/longweielec.com\/wp-content\/uploads\/2022\/09\/1662047336-ps-series-description-picture-3-150x150.jpg 150w, \/\/longweielec.com\/wp-content\/uploads\/2022\/09\/1662047336-ps-series-description-picture-3-768x768.jpg 768w\" sizes=\"(max-width: 800px) 100vw, 800px\" \/>\t\t\t\t\t\t\t\t\t\t\t\t\t\t\t<\/div>\n\t\t\t\t<div class=\"elementor-element elementor-element-5a36ddd elementor-widget elementor-widget-image\" data-id=\"5a36ddd\" data-element_type=\"widget\" data-widget_type=\"image.default\">\n\t\t\t\t\t\t\t\t\t\t\t\t\t\t\t<img loading=\"lazy\" decoding=\"async\" width=\"800\" height=\"800\" src=\"https:\/\/longweielec.com\/wp-content\/uploads\/2022\/09\/1662047372-ps-series-description-picture-4.jpg\" class=\"attachment-large size-large wp-image-340\" alt=\"\" srcset=\"\/\/longweielec.com\/wp-content\/uploads\/2022\/09\/1662047372-ps-series-description-picture-4.jpg 800w, \/\/longweielec.com\/wp-content\/uploads\/2022\/09\/1662047372-ps-series-description-picture-4-300x300.jpg 300w, \/\/longweielec.com\/wp-content\/uploads\/2022\/09\/1662047372-ps-series-description-picture-4-100x100.jpg 100w, \/\/longweielec.com\/wp-content\/uploads\/2022\/09\/1662047372-ps-series-description-picture-4-600x600.jpg 600w, \/\/longweielec.com\/wp-content\/uploads\/2022\/09\/1662047372-ps-series-description-picture-4-150x150.jpg 150w, \/\/longweielec.com\/wp-content\/uploads\/2022\/09\/1662047372-ps-series-description-picture-4-768x768.jpg 768w\" sizes=\"(max-width: 800px) 100vw, 800px\" \/>\t\t\t\t\t\t\t\t\t\t\t\t\t\t\t<\/div>\n\t\t\t\t<div class=\"elementor-element elementor-element-cbe1ab6 elementor-widget elementor-widget-image\" data-id=\"cbe1ab6\" data-element_type=\"widget\" data-widget_type=\"image.default\">\n\t\t\t\t\t\t\t\t\t\t\t\t\t\t\t<img loading=\"lazy\" decoding=\"async\" width=\"800\" height=\"800\" src=\"https:\/\/longweielec.com\/wp-content\/uploads\/2022\/09\/1662047394-ps-series-description-picture-5.jpg\" class=\"attachment-large size-large wp-image-341\" alt=\"\" srcset=\"\/\/longweielec.com\/wp-content\/uploads\/2022\/09\/1662047394-ps-series-description-picture-5.jpg 800w, \/\/longweielec.com\/wp-content\/uploads\/2022\/09\/1662047394-ps-series-description-picture-5-300x300.jpg 300w, \/\/longweielec.com\/wp-content\/uploads\/2022\/09\/1662047394-ps-series-description-picture-5-100x100.jpg 100w, \/\/longweielec.com\/wp-content\/uploads\/2022\/09\/1662047394-ps-series-description-picture-5-600x600.jpg 600w, \/\/longweielec.com\/wp-content\/uploads\/2022\/09\/1662047394-ps-series-description-picture-5-150x150.jpg 150w, \/\/longweielec.com\/wp-content\/uploads\/2022\/09\/1662047394-ps-series-description-picture-5-768x768.jpg 768w\" sizes=\"(max-width: 800px) 100vw, 800px\" \/>\t\t\t\t\t\t\t\t\t\t\t\t\t\t\t<\/div>\n\t\t\t\t<div class=\"elementor-element elementor-element-e91c7d6 elementor-widget elementor-widget-image\" data-id=\"e91c7d6\" data-element_type=\"widget\" data-widget_type=\"image.default\">\n\t\t\t\t\t\t\t\t\t\t\t\t\t\t\t<img loading=\"lazy\" decoding=\"async\" width=\"800\" height=\"800\" src=\"https:\/\/longweielec.com\/wp-content\/uploads\/2022\/09\/1662047412-ps-series-description-picture-6.jpg\" class=\"attachment-large size-large wp-image-342\" alt=\"\" srcset=\"\/\/longweielec.com\/wp-content\/uploads\/2022\/09\/1662047412-ps-series-description-picture-6.jpg 800w, \/\/longweielec.com\/wp-content\/uploads\/2022\/09\/1662047412-ps-series-description-picture-6-300x300.jpg 300w, \/\/longweielec.com\/wp-content\/uploads\/2022\/09\/1662047412-ps-series-description-picture-6-100x100.jpg 100w, \/\/longweielec.com\/wp-content\/uploads\/2022\/09\/1662047412-ps-series-description-picture-6-600x600.jpg 600w, \/\/longweielec.com\/wp-content\/uploads\/2022\/09\/1662047412-ps-series-description-picture-6-150x150.jpg 150w, \/\/longweielec.com\/wp-content\/uploads\/2022\/09\/1662047412-ps-series-description-picture-6-768x768.jpg 768w\" sizes=\"(max-width: 800px) 100vw, 800px\" \/>\t\t\t\t\t\t\t\t\t\t\t\t\t\t\t<\/div>\n\t\t\t\t<div class=\"elementor-element elementor-element-fc5fc85 elementor-widget elementor-widget-image\" data-id=\"fc5fc85\" data-element_type=\"widget\" data-widget_type=\"image.default\">\n\t\t\t\t\t\t\t\t\t\t\t\t\t\t\t<img loading=\"lazy\" decoding=\"async\" width=\"800\" height=\"800\" src=\"https:\/\/longweielec.com\/wp-content\/uploads\/2022\/09\/1662047433-ps-series-description-picture-7.jpg\" class=\"attachment-large size-large wp-image-343\" alt=\"\" srcset=\"\/\/longweielec.com\/wp-content\/uploads\/2022\/09\/1662047433-ps-series-description-picture-7.jpg 800w, \/\/longweielec.com\/wp-content\/uploads\/2022\/09\/1662047433-ps-series-description-picture-7-300x300.jpg 300w, \/\/longweielec.com\/wp-content\/uploads\/2022\/09\/1662047433-ps-series-description-picture-7-100x100.jpg 100w, \/\/longweielec.com\/wp-content\/uploads\/2022\/09\/1662047433-ps-series-description-picture-7-600x600.jpg 600w, \/\/longweielec.com\/wp-content\/uploads\/2022\/09\/1662047433-ps-series-description-picture-7-150x150.jpg 150w, \/\/longweielec.com\/wp-content\/uploads\/2022\/09\/1662047433-ps-series-description-picture-7-768x768.jpg 768w\" sizes=\"(max-width: 800px) 100vw, 800px\" \/>\t\t\t\t\t\t\t\t\t\t\t\t\t\t\t<\/div>\n\t\t\t\t\t<\/div>\n\t\t<\/div>\n\t\t\t\t\t<\/div>\n\t\t<\/section>\n\t\t\t\t<\/div>","protected":false},"excerpt":{"rendered":"<ul>\n<li><strong>Affichage num\u00e9rique<\/strong>: Affiche les valeurs de tension et de courant en temps r\u00e9el.<\/li>\n<li><strong>Ajustement polyvalent<\/strong>: Bouton permettant de r\u00e9gler grossi\u00e8rement et finement la tension\/le courant.<\/li>\n<li><strong>Sortie stable<\/strong>: Fonctionne en mode tension constante et en mode courant constant.<\/li>\n<li><strong>Faible bruit<\/strong>: Ondulation et bruit minimaux pour une sortie propre.<\/li>\n<li><strong>Abordable et convivial<\/strong>: Economique et facile \u00e0 utiliser.<\/li>\n<li><strong>Protection contre la limitation du courant<\/strong>: Dispositif de s\u00e9curit\u00e9 int\u00e9gr\u00e9 pour \u00e9viter les surcharges.<\/li>\n<li><strong>Conception portable<\/strong>: Une poign\u00e9e de transport a \u00e9t\u00e9 ajout\u00e9e pour faciliter le transport.<\/li>\n<\/ul>","protected":false},"featured_media":322,"template":"","meta":[],"product_brand":[],"product_cat":[24],"product_tag":[67],"class_list":{"0":"post-349","1":"product","2":"type-product","3":"status-publish","4":"has-post-thumbnail","6":"product_cat-linear-dc-power-supply","7":"product_tag-3-digit-display","9":"first","10":"instock","11":"shipping-taxable","12":"purchasable","13":"product-type-variable","14":"has-default-attributes"},"_links":{"self":[{"href":"https:\/\/longweielec.com\/fr\/wp-json\/wp\/v2\/product\/349","targetHints":{"allow":["GET"]}}],"collection":[{"href":"https:\/\/longweielec.com\/fr\/wp-json\/wp\/v2\/product"}],"about":[{"href":"https:\/\/longweielec.com\/fr\/wp-json\/wp\/v2\/types\/product"}],"wp:featuredmedia":[{"embeddable":true,"href":"https:\/\/longweielec.com\/fr\/wp-json\/wp\/v2\/media\/322"}],"wp:attachment":[{"href":"https:\/\/longweielec.com\/fr\/wp-json\/wp\/v2\/media?parent=349"}],"wp:term":[{"taxonomy":"product_brand","embeddable":true,"href":"https:\/\/longweielec.com\/fr\/wp-json\/wp\/v2\/product_brand?post=349"},{"taxonomy":"product_cat","embeddable":true,"href":"https:\/\/longweielec.com\/fr\/wp-json\/wp\/v2\/product_cat?post=349"},{"taxonomy":"product_tag","embeddable":true,"href":"https:\/\/longweielec.com\/fr\/wp-json\/wp\/v2\/product_tag?post=349"}],"curies":[{"name":"wp","href":"https:\/\/api.w.org\/{rel}","templated":true}]}}