{"id":410,"date":"2022-09-04T23:13:38","date_gmt":"2022-09-04T15:13:38","guid":{"rendered":"https:\/\/longweielec.com\/?post_type=product&#038;p=410"},"modified":"2025-07-19T22:14:08","modified_gmt":"2025-07-19T14:14:08","slug":"tpr-3010d","status":"publish","type":"product","link":"https:\/\/longweielec.com\/fr\/product\/tpr-3010d","title":{"rendered":"TPR-3010D Alimentation de table 30V 10A \u00e0 haute puissance de sortie"},"content":{"rendered":"","protected":false},"excerpt":{"rendered":"<ul>\n<li><strong>Sortie lin\u00e9aire \u00e0 canal unique<\/strong>: Id\u00e9al pour les applications pr\u00e9cises.<\/li>\n<li><strong>Conception l\u00e9g\u00e8re et compacte<\/strong>: Facile \u00e0 manipuler et \u00e0 stocker.<\/li>\n<li><strong>Affichage num\u00e9rique du compteur<\/strong>: Affiche les valeurs de tension et de courant en temps r\u00e9el.<\/li>\n<li><strong>Bouton r\u00e9glable<\/strong>: R\u00e9glage grossier et fin pour des r\u00e9glages pr\u00e9cis de la tension et du courant.<\/li>\n<li><strong>Fonctionnement \u00e0 tension et courant constants<\/strong>: Des performances fiables pour des r\u00e9sultats constants.<\/li>\n<li><strong>Faible ondulation et bruit<\/strong>: Assure une sortie propre et stable.<\/li>\n<li><strong>Abordable et convivial<\/strong>: Parfait pour les d\u00e9butants et les experts.<\/li>\n<\/ul>","protected":false},"featured_media":395,"template":"","meta":[],"product_brand":[],"product_cat":[24],"product_tag":[69],"class_list":{"0":"post-410","1":"product","2":"type-product","3":"status-publish","4":"has-post-thumbnail","6":"product_cat-linear-dc-power-supply","7":"product_tag-high-power-linear","9":"first","10":"instock","11":"shipping-taxable","12":"purchasable","13":"product-type-variable","14":"has-default-attributes"},"_links":{"self":[{"href":"https:\/\/longweielec.com\/fr\/wp-json\/wp\/v2\/product\/410","targetHints":{"allow":["GET"]}}],"collection":[{"href":"https:\/\/longweielec.com\/fr\/wp-json\/wp\/v2\/product"}],"about":[{"href":"https:\/\/longweielec.com\/fr\/wp-json\/wp\/v2\/types\/product"}],"wp:featuredmedia":[{"embeddable":true,"href":"https:\/\/longweielec.com\/fr\/wp-json\/wp\/v2\/media\/395"}],"wp:attachment":[{"href":"https:\/\/longweielec.com\/fr\/wp-json\/wp\/v2\/media?parent=410"}],"wp:term":[{"taxonomy":"product_brand","embeddable":true,"href":"https:\/\/longweielec.com\/fr\/wp-json\/wp\/v2\/product_brand?post=410"},{"taxonomy":"product_cat","embeddable":true,"href":"https:\/\/longweielec.com\/fr\/wp-json\/wp\/v2\/product_cat?post=410"},{"taxonomy":"product_tag","embeddable":true,"href":"https:\/\/longweielec.com\/fr\/wp-json\/wp\/v2\/product_tag?post=410"}],"curies":[{"name":"wp","href":"https:\/\/api.w.org\/{rel}","templated":true}]}}