{"id":735,"date":"2022-09-11T15:43:14","date_gmt":"2022-09-11T07:43:14","guid":{"rendered":"https:\/\/longweielec.com\/?post_type=product&#038;p=735"},"modified":"2025-07-19T22:17:02","modified_gmt":"2025-07-19T14:17:02","slug":"lw-10020kd","status":"publish","type":"product","link":"https:\/\/longweielec.com\/fr\/product\/lw-10020kd","title":{"rendered":"LW-10020KD 100V 20A Alimentation \u00e0 d\u00e9coupage DC haute puissance"},"content":{"rendered":"<div data-elementor-type=\"section\" data-elementor-id=\"641\" class=\"elementor elementor-641\" data-elementor-post-type=\"elementor_library\">\n\t\t\t\t\t<section class=\"elementor-section elementor-top-section elementor-element elementor-element-7dd0bb59 elementor-section-full_width elementor-section-height-default elementor-section-height-default\" data-id=\"7dd0bb59\" data-element_type=\"section\">\n\t\t\t\t\t\t<div class=\"elementor-container elementor-column-gap-no\">\n\t\t\t\t\t<div class=\"elementor-column elementor-col-100 elementor-top-column elementor-element elementor-element-33ef6cc5\" data-id=\"33ef6cc5\" data-element_type=\"column\">\n\t\t\t<div class=\"elementor-widget-wrap elementor-element-populated\">\n\t\t\t\t\t\t<div class=\"elementor-element elementor-element-6aaadb5f elementor-widget elementor-widget-image\" data-id=\"6aaadb5f\" data-element_type=\"widget\" data-widget_type=\"image.default\">\n\t\t\t\t\t\t\t\t\t\t\t\t\t\t\t<img fetchpriority=\"high\" decoding=\"async\" width=\"800\" height=\"900\" src=\"https:\/\/longweielec.com\/wp-content\/uploads\/2022\/09\/1662743472-kd-series-digital-banchtop-switching-dc-power-supply-1.jpg\" class=\"attachment-full size-full wp-image-642\" alt=\"\" srcset=\"\/\/longweielec.com\/wp-content\/uploads\/2022\/09\/1662743472-kd-series-digital-banchtop-switching-dc-power-supply-1.jpg 800w, \/\/longweielec.com\/wp-content\/uploads\/2022\/09\/1662743472-kd-series-digital-banchtop-switching-dc-power-supply-1-600x675.jpg 600w, \/\/longweielec.com\/wp-content\/uploads\/2022\/09\/1662743472-kd-series-digital-banchtop-switching-dc-power-supply-1-267x300.jpg 267w, \/\/longweielec.com\/wp-content\/uploads\/2022\/09\/1662743472-kd-series-digital-banchtop-switching-dc-power-supply-1-768x864.jpg 768w\" sizes=\"(max-width: 800px) 100vw, 800px\" \/>\t\t\t\t\t\t\t\t\t\t\t\t\t\t\t<\/div>\n\t\t\t\t<div class=\"elementor-element elementor-element-d39be70 elementor-widget elementor-widget-image\" data-id=\"d39be70\" data-element_type=\"widget\" data-widget_type=\"image.default\">\n\t\t\t\t\t\t\t\t\t\t\t\t\t\t\t<img decoding=\"async\" width=\"800\" height=\"900\" src=\"https:\/\/longweielec.com\/wp-content\/uploads\/2022\/09\/1662743509-kd-series-digital-banchtop-switching-dc-power-supply-2.jpg\" class=\"attachment-full size-full wp-image-643\" alt=\"\" srcset=\"\/\/longweielec.com\/wp-content\/uploads\/2022\/09\/1662743509-kd-series-digital-banchtop-switching-dc-power-supply-2.jpg 800w, \/\/longweielec.com\/wp-content\/uploads\/2022\/09\/1662743509-kd-series-digital-banchtop-switching-dc-power-supply-2-600x675.jpg 600w, \/\/longweielec.com\/wp-content\/uploads\/2022\/09\/1662743509-kd-series-digital-banchtop-switching-dc-power-supply-2-267x300.jpg 267w, \/\/longweielec.com\/wp-content\/uploads\/2022\/09\/1662743509-kd-series-digital-banchtop-switching-dc-power-supply-2-768x864.jpg 768w\" sizes=\"(max-width: 800px) 100vw, 800px\" \/>\t\t\t\t\t\t\t\t\t\t\t\t\t\t\t<\/div>\n\t\t\t\t<div class=\"elementor-element elementor-element-54d952e0 elementor-widget elementor-widget-image\" data-id=\"54d952e0\" data-element_type=\"widget\" data-widget_type=\"image.default\">\n\t\t\t\t\t\t\t\t\t\t\t\t\t\t\t<img decoding=\"async\" width=\"800\" height=\"800\" src=\"https:\/\/longweielec.com\/wp-content\/uploads\/2022\/09\/1662743525-kd-series-digital-banchtop-switching-dc-power-supply-3.jpg\" class=\"attachment-full size-full wp-image-644\" alt=\"\" srcset=\"\/\/longweielec.com\/wp-content\/uploads\/2022\/09\/1662743525-kd-series-digital-banchtop-switching-dc-power-supply-3.jpg 800w, \/\/longweielec.com\/wp-content\/uploads\/2022\/09\/1662743525-kd-series-digital-banchtop-switching-dc-power-supply-3-300x300.jpg 300w, \/\/longweielec.com\/wp-content\/uploads\/2022\/09\/1662743525-kd-series-digital-banchtop-switching-dc-power-supply-3-100x100.jpg 100w, \/\/longweielec.com\/wp-content\/uploads\/2022\/09\/1662743525-kd-series-digital-banchtop-switching-dc-power-supply-3-600x600.jpg 600w, \/\/longweielec.com\/wp-content\/uploads\/2022\/09\/1662743525-kd-series-digital-banchtop-switching-dc-power-supply-3-150x150.jpg 150w, \/\/longweielec.com\/wp-content\/uploads\/2022\/09\/1662743525-kd-series-digital-banchtop-switching-dc-power-supply-3-768x768.jpg 768w\" sizes=\"(max-width: 800px) 100vw, 800px\" \/>\t\t\t\t\t\t\t\t\t\t\t\t\t\t\t<\/div>\n\t\t\t\t<div class=\"elementor-element elementor-element-2a5cbd44 elementor-widget elementor-widget-image\" data-id=\"2a5cbd44\" data-element_type=\"widget\" data-widget_type=\"image.default\">\n\t\t\t\t\t\t\t\t\t\t\t\t\t\t\t<img loading=\"lazy\" decoding=\"async\" width=\"800\" height=\"800\" src=\"https:\/\/longweielec.com\/wp-content\/uploads\/2022\/09\/1662743539-kd-series-digital-banchtop-switching-dc-power-supply-4.jpg\" class=\"attachment-full size-full wp-image-645\" alt=\"\" srcset=\"\/\/longweielec.com\/wp-content\/uploads\/2022\/09\/1662743539-kd-series-digital-banchtop-switching-dc-power-supply-4.jpg 800w, \/\/longweielec.com\/wp-content\/uploads\/2022\/09\/1662743539-kd-series-digital-banchtop-switching-dc-power-supply-4-300x300.jpg 300w, \/\/longweielec.com\/wp-content\/uploads\/2022\/09\/1662743539-kd-series-digital-banchtop-switching-dc-power-supply-4-100x100.jpg 100w, \/\/longweielec.com\/wp-content\/uploads\/2022\/09\/1662743539-kd-series-digital-banchtop-switching-dc-power-supply-4-600x600.jpg 600w, \/\/longweielec.com\/wp-content\/uploads\/2022\/09\/1662743539-kd-series-digital-banchtop-switching-dc-power-supply-4-150x150.jpg 150w, \/\/longweielec.com\/wp-content\/uploads\/2022\/09\/1662743539-kd-series-digital-banchtop-switching-dc-power-supply-4-768x768.jpg 768w\" sizes=\"(max-width: 800px) 100vw, 800px\" \/>\t\t\t\t\t\t\t\t\t\t\t\t\t\t\t<\/div>\n\t\t\t\t<div class=\"elementor-element elementor-element-63f910e6 elementor-widget elementor-widget-image\" data-id=\"63f910e6\" data-element_type=\"widget\" data-widget_type=\"image.default\">\n\t\t\t\t\t\t\t\t\t\t\t\t\t\t\t<img loading=\"lazy\" decoding=\"async\" width=\"800\" height=\"700\" src=\"https:\/\/longweielec.com\/wp-content\/uploads\/2022\/09\/1662743553-kd-series-digital-banchtop-switching-dc-power-supply-5.jpg\" class=\"attachment-large size-large wp-image-646\" alt=\"\" srcset=\"\/\/longweielec.com\/wp-content\/uploads\/2022\/09\/1662743553-kd-series-digital-banchtop-switching-dc-power-supply-5.jpg 800w, \/\/longweielec.com\/wp-content\/uploads\/2022\/09\/1662743553-kd-series-digital-banchtop-switching-dc-power-supply-5-600x525.jpg 600w, \/\/longweielec.com\/wp-content\/uploads\/2022\/09\/1662743553-kd-series-digital-banchtop-switching-dc-power-supply-5-300x263.jpg 300w, \/\/longweielec.com\/wp-content\/uploads\/2022\/09\/1662743553-kd-series-digital-banchtop-switching-dc-power-supply-5-768x672.jpg 768w\" sizes=\"(max-width: 800px) 100vw, 800px\" \/>\t\t\t\t\t\t\t\t\t\t\t\t\t\t\t<\/div>\n\t\t\t\t<div class=\"elementor-element elementor-element-54797d56 elementor-widget elementor-widget-image\" data-id=\"54797d56\" data-element_type=\"widget\" data-widget_type=\"image.default\">\n\t\t\t\t\t\t\t\t\t\t\t\t\t\t\t<img loading=\"lazy\" decoding=\"async\" width=\"800\" height=\"800\" src=\"https:\/\/longweielec.com\/wp-content\/uploads\/2022\/09\/1662743575-kd-series-digital-banchtop-switching-dc-power-supply-8.jpg\" class=\"attachment-large size-large wp-image-647\" alt=\"\" srcset=\"\/\/longweielec.com\/wp-content\/uploads\/2022\/09\/1662743575-kd-series-digital-banchtop-switching-dc-power-supply-8.jpg 800w, \/\/longweielec.com\/wp-content\/uploads\/2022\/09\/1662743575-kd-series-digital-banchtop-switching-dc-power-supply-8-300x300.jpg 300w, \/\/longweielec.com\/wp-content\/uploads\/2022\/09\/1662743575-kd-series-digital-banchtop-switching-dc-power-supply-8-100x100.jpg 100w, \/\/longweielec.com\/wp-content\/uploads\/2022\/09\/1662743575-kd-series-digital-banchtop-switching-dc-power-supply-8-600x600.jpg 600w, \/\/longweielec.com\/wp-content\/uploads\/2022\/09\/1662743575-kd-series-digital-banchtop-switching-dc-power-supply-8-150x150.jpg 150w, \/\/longweielec.com\/wp-content\/uploads\/2022\/09\/1662743575-kd-series-digital-banchtop-switching-dc-power-supply-8-768x768.jpg 768w\" sizes=\"(max-width: 800px) 100vw, 800px\" \/>\t\t\t\t\t\t\t\t\t\t\t\t\t\t\t<\/div>\n\t\t\t\t<div class=\"elementor-element elementor-element-6fda13b8 elementor-widget elementor-widget-image\" data-id=\"6fda13b8\" data-element_type=\"widget\" data-widget_type=\"image.default\">\n\t\t\t\t\t\t\t\t\t\t\t\t\t\t\t<img loading=\"lazy\" decoding=\"async\" width=\"800\" height=\"800\" src=\"https:\/\/longweielec.com\/wp-content\/uploads\/2022\/09\/1662743599-kd-series-digital-banchtop-switching-dc-power-supply-6.jpg\" class=\"attachment-full size-full wp-image-648\" alt=\"\" srcset=\"\/\/longweielec.com\/wp-content\/uploads\/2022\/09\/1662743599-kd-series-digital-banchtop-switching-dc-power-supply-6.jpg 800w, \/\/longweielec.com\/wp-content\/uploads\/2022\/09\/1662743599-kd-series-digital-banchtop-switching-dc-power-supply-6-300x300.jpg 300w, \/\/longweielec.com\/wp-content\/uploads\/2022\/09\/1662743599-kd-series-digital-banchtop-switching-dc-power-supply-6-100x100.jpg 100w, \/\/longweielec.com\/wp-content\/uploads\/2022\/09\/1662743599-kd-series-digital-banchtop-switching-dc-power-supply-6-600x600.jpg 600w, \/\/longweielec.com\/wp-content\/uploads\/2022\/09\/1662743599-kd-series-digital-banchtop-switching-dc-power-supply-6-150x150.jpg 150w, \/\/longweielec.com\/wp-content\/uploads\/2022\/09\/1662743599-kd-series-digital-banchtop-switching-dc-power-supply-6-768x768.jpg 768w\" sizes=\"(max-width: 800px) 100vw, 800px\" \/>\t\t\t\t\t\t\t\t\t\t\t\t\t\t\t<\/div>\n\t\t\t\t<div class=\"elementor-element elementor-element-118d0d7f elementor-widget elementor-widget-image\" data-id=\"118d0d7f\" data-element_type=\"widget\" data-widget_type=\"image.default\">\n\t\t\t\t\t\t\t\t\t\t\t\t\t\t\t<img loading=\"lazy\" decoding=\"async\" width=\"800\" height=\"1500\" src=\"https:\/\/longweielec.com\/wp-content\/uploads\/2022\/09\/1662743628-kd-series-digital-banchtop-switching-dc-power-supply-7.jpg\" class=\"attachment-full size-full wp-image-649\" alt=\"\" srcset=\"\/\/longweielec.com\/wp-content\/uploads\/2022\/09\/1662743628-kd-series-digital-banchtop-switching-dc-power-supply-7.jpg 800w, \/\/longweielec.com\/wp-content\/uploads\/2022\/09\/1662743628-kd-series-digital-banchtop-switching-dc-power-supply-7-600x1125.jpg 600w, \/\/longweielec.com\/wp-content\/uploads\/2022\/09\/1662743628-kd-series-digital-banchtop-switching-dc-power-supply-7-160x300.jpg 160w, \/\/longweielec.com\/wp-content\/uploads\/2022\/09\/1662743628-kd-series-digital-banchtop-switching-dc-power-supply-7-546x1024.jpg 546w, \/\/longweielec.com\/wp-content\/uploads\/2022\/09\/1662743628-kd-series-digital-banchtop-switching-dc-power-supply-7-768x1440.jpg 768w\" sizes=\"(max-width: 800px) 100vw, 800px\" \/>\t\t\t\t\t\t\t\t\t\t\t\t\t\t\t<\/div>\n\t\t\t\t\t<\/div>\n\t\t<\/div>\n\t\t\t\t\t<\/div>\n\t\t<\/section>\n\t\t\t\t<\/div>","protected":false},"excerpt":{"rendered":"<ul>\n<li><strong>Affichage LED de haute pr\u00e9cision :<\/strong>\u00a0Des relev\u00e9s clairs et intuitifs pour un contr\u00f4le facile.<\/li>\n<li><strong>Ventilateur intelligent \u00e0 double contr\u00f4le de temp\u00e9rature :<\/strong>\u00a0Le ventilateur de 6 cm assure une dissipation efficace de la chaleur, am\u00e9liore la long\u00e9vit\u00e9 et minimise le bruit.<\/li>\n<li><strong>Conception l\u00e9g\u00e8re :<\/strong>\u00a0La technologie avanc\u00e9e r\u00e9duit le poids pour faciliter le transport.<\/li>\n<li><strong>Protection compl\u00e8te :<\/strong>\u00a0Les protections contre les surtensions (OVP), les limites de courant (OCP), les surchauffes (OTP) et les surpuissances (OPP) garantissent un fonctionnement s\u00fbr.<\/li>\n<li><strong>Contr\u00f4le pr\u00e9cis de la tension et du courant :<\/strong> Les potentiom\u00e8tres de r\u00e9glage grossier et fin permettent des r\u00e9glages de sortie pr\u00e9cis et pratiques.<\/li>\n<\/ul>","protected":false},"featured_media":674,"template":"","meta":[],"product_brand":[],"product_cat":[25],"product_tag":[75,76],"class_list":{"0":"post-735","1":"product","2":"type-product","3":"status-publish","4":"has-post-thumbnail","6":"product_cat-switching-dc-power-supply","7":"product_tag-benchtop-switching-dc","8":"product_tag-high-power-swiching-dc","10":"first","11":"instock","12":"shipping-taxable","13":"purchasable","14":"product-type-variable","15":"has-default-attributes"},"_links":{"self":[{"href":"https:\/\/longweielec.com\/fr\/wp-json\/wp\/v2\/product\/735","targetHints":{"allow":["GET"]}}],"collection":[{"href":"https:\/\/longweielec.com\/fr\/wp-json\/wp\/v2\/product"}],"about":[{"href":"https:\/\/longweielec.com\/fr\/wp-json\/wp\/v2\/types\/product"}],"wp:featuredmedia":[{"embeddable":true,"href":"https:\/\/longweielec.com\/fr\/wp-json\/wp\/v2\/media\/674"}],"wp:attachment":[{"href":"https:\/\/longweielec.com\/fr\/wp-json\/wp\/v2\/media?parent=735"}],"wp:term":[{"taxonomy":"product_brand","embeddable":true,"href":"https:\/\/longweielec.com\/fr\/wp-json\/wp\/v2\/product_brand?post=735"},{"taxonomy":"product_cat","embeddable":true,"href":"https:\/\/longweielec.com\/fr\/wp-json\/wp\/v2\/product_cat?post=735"},{"taxonomy":"product_tag","embeddable":true,"href":"https:\/\/longweielec.com\/fr\/wp-json\/wp\/v2\/product_tag?post=735"}],"curies":[{"name":"wp","href":"https:\/\/api.w.org\/{rel}","templated":true}]}}