{"id":797,"date":"2022-09-12T14:07:18","date_gmt":"2022-09-12T06:07:18","guid":{"rendered":"https:\/\/longweielec.com\/?post_type=product&#038;p=797"},"modified":"2025-07-19T22:13:44","modified_gmt":"2025-07-19T14:13:44","slug":"lw-3010ec","status":"publish","type":"product","link":"https:\/\/longweielec.com\/fr\/product\/lw-3010ec","title":{"rendered":"LW-3010EC 30V 10A Mini alimentation DC programmable"},"content":{"rendered":"<div data-elementor-type=\"section\" data-elementor-id=\"800\" class=\"elementor elementor-800\" data-elementor-post-type=\"elementor_library\">\n\t\t\t\t\t<section class=\"elementor-section elementor-top-section elementor-element elementor-element-5734f2c1 elementor-section-full_width elementor-section-height-default elementor-section-height-default\" data-id=\"5734f2c1\" data-element_type=\"section\">\n\t\t\t\t\t\t<div class=\"elementor-container elementor-column-gap-no\">\n\t\t\t\t\t<div class=\"elementor-column elementor-col-100 elementor-top-column elementor-element elementor-element-7af25f25\" data-id=\"7af25f25\" data-element_type=\"column\">\n\t\t\t<div class=\"elementor-widget-wrap elementor-element-populated\">\n\t\t\t\t\t\t<div class=\"elementor-element elementor-element-778989e3 elementor-widget elementor-widget-image\" data-id=\"778989e3\" data-element_type=\"widget\" data-widget_type=\"image.default\">\n\t\t\t\t\t\t\t\t\t\t\t\t\t\t\t<img fetchpriority=\"high\" decoding=\"async\" width=\"800\" height=\"728\" src=\"https:\/\/longweielec.com\/wp-content\/uploads\/2022\/09\/1662962957-mini-benchtop-programmable-dc-power-supply-picture-1.jpg\" class=\"attachment-full size-full wp-image-801\" alt=\"\" srcset=\"\/\/longweielec.com\/wp-content\/uploads\/2022\/09\/1662962957-mini-benchtop-programmable-dc-power-supply-picture-1.jpg 800w, \/\/longweielec.com\/wp-content\/uploads\/2022\/09\/1662962957-mini-benchtop-programmable-dc-power-supply-picture-1-600x546.jpg 600w, \/\/longweielec.com\/wp-content\/uploads\/2022\/09\/1662962957-mini-benchtop-programmable-dc-power-supply-picture-1-300x273.jpg 300w, \/\/longweielec.com\/wp-content\/uploads\/2022\/09\/1662962957-mini-benchtop-programmable-dc-power-supply-picture-1-768x699.jpg 768w\" sizes=\"(max-width: 800px) 100vw, 800px\" \/>\t\t\t\t\t\t\t\t\t\t\t\t\t\t\t<\/div>\n\t\t\t\t<div class=\"elementor-element elementor-element-d1c5acb elementor-widget elementor-widget-image\" data-id=\"d1c5acb\" data-element_type=\"widget\" data-widget_type=\"image.default\">\n\t\t\t\t\t\t\t\t\t\t\t\t\t\t\t<img decoding=\"async\" width=\"800\" height=\"500\" src=\"https:\/\/longweielec.com\/wp-content\/uploads\/2022\/09\/1662963020-mini-benchtop-programmable-dc-power-supply-picture-2.jpg\" class=\"attachment-full size-full wp-image-802\" alt=\"\" srcset=\"\/\/longweielec.com\/wp-content\/uploads\/2022\/09\/1662963020-mini-benchtop-programmable-dc-power-supply-picture-2.jpg 800w, \/\/longweielec.com\/wp-content\/uploads\/2022\/09\/1662963020-mini-benchtop-programmable-dc-power-supply-picture-2-600x375.jpg 600w, \/\/longweielec.com\/wp-content\/uploads\/2022\/09\/1662963020-mini-benchtop-programmable-dc-power-supply-picture-2-300x188.jpg 300w, \/\/longweielec.com\/wp-content\/uploads\/2022\/09\/1662963020-mini-benchtop-programmable-dc-power-supply-picture-2-768x480.jpg 768w\" sizes=\"(max-width: 800px) 100vw, 800px\" \/>\t\t\t\t\t\t\t\t\t\t\t\t\t\t\t<\/div>\n\t\t\t\t<div class=\"elementor-element elementor-element-8e401be elementor-widget elementor-widget-image\" data-id=\"8e401be\" data-element_type=\"widget\" data-widget_type=\"image.default\">\n\t\t\t\t\t\t\t\t\t\t\t\t\t\t\t<img decoding=\"async\" width=\"800\" height=\"1400\" src=\"https:\/\/longweielec.com\/wp-content\/uploads\/2022\/09\/1662963035-mini-benchtop-programmable-dc-power-supply-picture-3.jpg\" class=\"attachment-full size-full wp-image-803\" alt=\"\" srcset=\"\/\/longweielec.com\/wp-content\/uploads\/2022\/09\/1662963035-mini-benchtop-programmable-dc-power-supply-picture-3.jpg 800w, \/\/longweielec.com\/wp-content\/uploads\/2022\/09\/1662963035-mini-benchtop-programmable-dc-power-supply-picture-3-600x1050.jpg 600w, \/\/longweielec.com\/wp-content\/uploads\/2022\/09\/1662963035-mini-benchtop-programmable-dc-power-supply-picture-3-171x300.jpg 171w, \/\/longweielec.com\/wp-content\/uploads\/2022\/09\/1662963035-mini-benchtop-programmable-dc-power-supply-picture-3-585x1024.jpg 585w, \/\/longweielec.com\/wp-content\/uploads\/2022\/09\/1662963035-mini-benchtop-programmable-dc-power-supply-picture-3-768x1344.jpg 768w\" sizes=\"(max-width: 800px) 100vw, 800px\" \/>\t\t\t\t\t\t\t\t\t\t\t\t\t\t\t<\/div>\n\t\t\t\t<div class=\"elementor-element elementor-element-2164730a elementor-widget elementor-widget-image\" data-id=\"2164730a\" data-element_type=\"widget\" data-widget_type=\"image.default\">\n\t\t\t\t\t\t\t\t\t\t\t\t\t\t\t<img loading=\"lazy\" decoding=\"async\" width=\"800\" height=\"800\" src=\"https:\/\/longweielec.com\/wp-content\/uploads\/2022\/09\/1662963066-mini-benchtop-programmable-dc-power-supply-picture-4.jpg\" class=\"attachment-full size-full wp-image-804\" alt=\"\" srcset=\"\/\/longweielec.com\/wp-content\/uploads\/2022\/09\/1662963066-mini-benchtop-programmable-dc-power-supply-picture-4.jpg 800w, \/\/longweielec.com\/wp-content\/uploads\/2022\/09\/1662963066-mini-benchtop-programmable-dc-power-supply-picture-4-300x300.jpg 300w, \/\/longweielec.com\/wp-content\/uploads\/2022\/09\/1662963066-mini-benchtop-programmable-dc-power-supply-picture-4-100x100.jpg 100w, \/\/longweielec.com\/wp-content\/uploads\/2022\/09\/1662963066-mini-benchtop-programmable-dc-power-supply-picture-4-600x600.jpg 600w, \/\/longweielec.com\/wp-content\/uploads\/2022\/09\/1662963066-mini-benchtop-programmable-dc-power-supply-picture-4-150x150.jpg 150w, \/\/longweielec.com\/wp-content\/uploads\/2022\/09\/1662963066-mini-benchtop-programmable-dc-power-supply-picture-4-768x768.jpg 768w\" sizes=\"(max-width: 800px) 100vw, 800px\" \/>\t\t\t\t\t\t\t\t\t\t\t\t\t\t\t<\/div>\n\t\t\t\t<div class=\"elementor-element elementor-element-49cf4e2f elementor-widget elementor-widget-image\" data-id=\"49cf4e2f\" data-element_type=\"widget\" data-widget_type=\"image.default\">\n\t\t\t\t\t\t\t\t\t\t\t\t\t\t\t<img loading=\"lazy\" decoding=\"async\" width=\"800\" height=\"800\" src=\"https:\/\/longweielec.com\/wp-content\/uploads\/2022\/09\/1662963079-mini-benchtop-programmable-dc-power-supply-picture-5.jpg\" class=\"attachment-full size-full wp-image-805\" alt=\"\" srcset=\"\/\/longweielec.com\/wp-content\/uploads\/2022\/09\/1662963079-mini-benchtop-programmable-dc-power-supply-picture-5.jpg 800w, \/\/longweielec.com\/wp-content\/uploads\/2022\/09\/1662963079-mini-benchtop-programmable-dc-power-supply-picture-5-300x300.jpg 300w, \/\/longweielec.com\/wp-content\/uploads\/2022\/09\/1662963079-mini-benchtop-programmable-dc-power-supply-picture-5-100x100.jpg 100w, \/\/longweielec.com\/wp-content\/uploads\/2022\/09\/1662963079-mini-benchtop-programmable-dc-power-supply-picture-5-600x600.jpg 600w, \/\/longweielec.com\/wp-content\/uploads\/2022\/09\/1662963079-mini-benchtop-programmable-dc-power-supply-picture-5-150x150.jpg 150w, \/\/longweielec.com\/wp-content\/uploads\/2022\/09\/1662963079-mini-benchtop-programmable-dc-power-supply-picture-5-768x768.jpg 768w\" sizes=\"(max-width: 800px) 100vw, 800px\" \/>\t\t\t\t\t\t\t\t\t\t\t\t\t\t\t<\/div>\n\t\t\t\t<div class=\"elementor-element elementor-element-633fcec8 elementor-widget elementor-widget-image\" data-id=\"633fcec8\" data-element_type=\"widget\" data-widget_type=\"image.default\">\n\t\t\t\t\t\t\t\t\t\t\t\t\t\t\t<img loading=\"lazy\" decoding=\"async\" width=\"800\" height=\"800\" src=\"https:\/\/longweielec.com\/wp-content\/uploads\/2022\/09\/1662963099-mini-benchtop-programmable-dc-power-supply-picture-6.jpg\" class=\"attachment-large size-large wp-image-806\" alt=\"\" srcset=\"\/\/longweielec.com\/wp-content\/uploads\/2022\/09\/1662963099-mini-benchtop-programmable-dc-power-supply-picture-6.jpg 800w, \/\/longweielec.com\/wp-content\/uploads\/2022\/09\/1662963099-mini-benchtop-programmable-dc-power-supply-picture-6-300x300.jpg 300w, \/\/longweielec.com\/wp-content\/uploads\/2022\/09\/1662963099-mini-benchtop-programmable-dc-power-supply-picture-6-100x100.jpg 100w, \/\/longweielec.com\/wp-content\/uploads\/2022\/09\/1662963099-mini-benchtop-programmable-dc-power-supply-picture-6-600x600.jpg 600w, \/\/longweielec.com\/wp-content\/uploads\/2022\/09\/1662963099-mini-benchtop-programmable-dc-power-supply-picture-6-150x150.jpg 150w, \/\/longweielec.com\/wp-content\/uploads\/2022\/09\/1662963099-mini-benchtop-programmable-dc-power-supply-picture-6-768x768.jpg 768w\" sizes=\"(max-width: 800px) 100vw, 800px\" \/>\t\t\t\t\t\t\t\t\t\t\t\t\t\t\t<\/div>\n\t\t\t\t<div class=\"elementor-element elementor-element-2244f94 elementor-widget elementor-widget-image\" data-id=\"2244f94\" data-element_type=\"widget\" data-widget_type=\"image.default\">\n\t\t\t\t\t\t\t\t\t\t\t\t\t\t\t<img loading=\"lazy\" decoding=\"async\" width=\"800\" height=\"800\" src=\"https:\/\/longweielec.com\/wp-content\/uploads\/2022\/09\/1662963114-mini-benchtop-programmable-dc-power-supply-picture-7.jpg\" class=\"attachment-full size-full wp-image-807\" alt=\"\" srcset=\"\/\/longweielec.com\/wp-content\/uploads\/2022\/09\/1662963114-mini-benchtop-programmable-dc-power-supply-picture-7.jpg 800w, \/\/longweielec.com\/wp-content\/uploads\/2022\/09\/1662963114-mini-benchtop-programmable-dc-power-supply-picture-7-300x300.jpg 300w, \/\/longweielec.com\/wp-content\/uploads\/2022\/09\/1662963114-mini-benchtop-programmable-dc-power-supply-picture-7-100x100.jpg 100w, \/\/longweielec.com\/wp-content\/uploads\/2022\/09\/1662963114-mini-benchtop-programmable-dc-power-supply-picture-7-600x600.jpg 600w, \/\/longweielec.com\/wp-content\/uploads\/2022\/09\/1662963114-mini-benchtop-programmable-dc-power-supply-picture-7-150x150.jpg 150w, \/\/longweielec.com\/wp-content\/uploads\/2022\/09\/1662963114-mini-benchtop-programmable-dc-power-supply-picture-7-768x768.jpg 768w\" sizes=\"(max-width: 800px) 100vw, 800px\" \/>\t\t\t\t\t\t\t\t\t\t\t\t\t\t\t<\/div>\n\t\t\t\t<div class=\"elementor-element elementor-element-78535bbb elementor-widget elementor-widget-image\" data-id=\"78535bbb\" data-element_type=\"widget\" data-widget_type=\"image.default\">\n\t\t\t\t\t\t\t\t\t\t\t\t\t\t\t<img loading=\"lazy\" decoding=\"async\" width=\"800\" height=\"800\" src=\"https:\/\/longweielec.com\/wp-content\/uploads\/2022\/09\/1662963127-mini-benchtop-programmable-dc-power-supply-picture-8.jpg\" class=\"attachment-full size-full wp-image-808\" alt=\"\" srcset=\"\/\/longweielec.com\/wp-content\/uploads\/2022\/09\/1662963127-mini-benchtop-programmable-dc-power-supply-picture-8.jpg 800w, \/\/longweielec.com\/wp-content\/uploads\/2022\/09\/1662963127-mini-benchtop-programmable-dc-power-supply-picture-8-300x300.jpg 300w, \/\/longweielec.com\/wp-content\/uploads\/2022\/09\/1662963127-mini-benchtop-programmable-dc-power-supply-picture-8-100x100.jpg 100w, \/\/longweielec.com\/wp-content\/uploads\/2022\/09\/1662963127-mini-benchtop-programmable-dc-power-supply-picture-8-600x600.jpg 600w, \/\/longweielec.com\/wp-content\/uploads\/2022\/09\/1662963127-mini-benchtop-programmable-dc-power-supply-picture-8-150x150.jpg 150w, \/\/longweielec.com\/wp-content\/uploads\/2022\/09\/1662963127-mini-benchtop-programmable-dc-power-supply-picture-8-768x768.jpg 768w\" sizes=\"(max-width: 800px) 100vw, 800px\" \/>\t\t\t\t\t\t\t\t\t\t\t\t\t\t\t<\/div>\n\t\t\t\t<div class=\"elementor-element elementor-element-1f86cf67 elementor-widget elementor-widget-image\" data-id=\"1f86cf67\" data-element_type=\"widget\" data-widget_type=\"image.default\">\n\t\t\t\t\t\t\t\t\t\t\t\t\t\t\t<img loading=\"lazy\" decoding=\"async\" width=\"800\" height=\"800\" src=\"https:\/\/longweielec.com\/wp-content\/uploads\/2022\/09\/1662963143-mini-benchtop-programmable-dc-power-supply-picture-9.jpg\" class=\"attachment-full size-full wp-image-809\" alt=\"\" srcset=\"\/\/longweielec.com\/wp-content\/uploads\/2022\/09\/1662963143-mini-benchtop-programmable-dc-power-supply-picture-9.jpg 800w, \/\/longweielec.com\/wp-content\/uploads\/2022\/09\/1662963143-mini-benchtop-programmable-dc-power-supply-picture-9-300x300.jpg 300w, \/\/longweielec.com\/wp-content\/uploads\/2022\/09\/1662963143-mini-benchtop-programmable-dc-power-supply-picture-9-100x100.jpg 100w, \/\/longweielec.com\/wp-content\/uploads\/2022\/09\/1662963143-mini-benchtop-programmable-dc-power-supply-picture-9-600x600.jpg 600w, \/\/longweielec.com\/wp-content\/uploads\/2022\/09\/1662963143-mini-benchtop-programmable-dc-power-supply-picture-9-150x150.jpg 150w, \/\/longweielec.com\/wp-content\/uploads\/2022\/09\/1662963143-mini-benchtop-programmable-dc-power-supply-picture-9-768x768.jpg 768w\" sizes=\"(max-width: 800px) 100vw, 800px\" \/>\t\t\t\t\t\t\t\t\t\t\t\t\t\t\t<\/div>\n\t\t\t\t<div class=\"elementor-element elementor-element-5aac341a elementor-widget elementor-widget-image\" data-id=\"5aac341a\" data-element_type=\"widget\" data-widget_type=\"image.default\">\n\t\t\t\t\t\t\t\t\t\t\t\t\t\t\t<img loading=\"lazy\" decoding=\"async\" width=\"800\" height=\"800\" src=\"https:\/\/longweielec.com\/wp-content\/uploads\/2022\/09\/1662963160-mini-benchtop-programmable-dc-power-supply-picture-10.jpg\" class=\"attachment-full size-full wp-image-810\" alt=\"\" srcset=\"\/\/longweielec.com\/wp-content\/uploads\/2022\/09\/1662963160-mini-benchtop-programmable-dc-power-supply-picture-10.jpg 800w, \/\/longweielec.com\/wp-content\/uploads\/2022\/09\/1662963160-mini-benchtop-programmable-dc-power-supply-picture-10-300x300.jpg 300w, \/\/longweielec.com\/wp-content\/uploads\/2022\/09\/1662963160-mini-benchtop-programmable-dc-power-supply-picture-10-100x100.jpg 100w, \/\/longweielec.com\/wp-content\/uploads\/2022\/09\/1662963160-mini-benchtop-programmable-dc-power-supply-picture-10-600x600.jpg 600w, \/\/longweielec.com\/wp-content\/uploads\/2022\/09\/1662963160-mini-benchtop-programmable-dc-power-supply-picture-10-150x150.jpg 150w, \/\/longweielec.com\/wp-content\/uploads\/2022\/09\/1662963160-mini-benchtop-programmable-dc-power-supply-picture-10-768x768.jpg 768w\" sizes=\"(max-width: 800px) 100vw, 800px\" \/>\t\t\t\t\t\t\t\t\t\t\t\t\t\t\t<\/div>\n\t\t\t\t<div class=\"elementor-element elementor-element-506e7294 elementor-widget elementor-widget-image\" data-id=\"506e7294\" data-element_type=\"widget\" data-widget_type=\"image.default\">\n\t\t\t\t\t\t\t\t\t\t\t\t\t\t\t<img loading=\"lazy\" decoding=\"async\" width=\"800\" height=\"800\" src=\"https:\/\/longweielec.com\/wp-content\/uploads\/2022\/09\/1662963180-mini-benchtop-programmable-dc-power-supply-picture-11.jpg\" class=\"attachment-full size-full wp-image-811\" alt=\"\" srcset=\"\/\/longweielec.com\/wp-content\/uploads\/2022\/09\/1662963180-mini-benchtop-programmable-dc-power-supply-picture-11.jpg 800w, \/\/longweielec.com\/wp-content\/uploads\/2022\/09\/1662963180-mini-benchtop-programmable-dc-power-supply-picture-11-300x300.jpg 300w, \/\/longweielec.com\/wp-content\/uploads\/2022\/09\/1662963180-mini-benchtop-programmable-dc-power-supply-picture-11-100x100.jpg 100w, \/\/longweielec.com\/wp-content\/uploads\/2022\/09\/1662963180-mini-benchtop-programmable-dc-power-supply-picture-11-600x600.jpg 600w, \/\/longweielec.com\/wp-content\/uploads\/2022\/09\/1662963180-mini-benchtop-programmable-dc-power-supply-picture-11-150x150.jpg 150w, \/\/longweielec.com\/wp-content\/uploads\/2022\/09\/1662963180-mini-benchtop-programmable-dc-power-supply-picture-11-768x768.jpg 768w\" sizes=\"(max-width: 800px) 100vw, 800px\" \/>\t\t\t\t\t\t\t\t\t\t\t\t\t\t\t<\/div>\n\t\t\t\t<div class=\"elementor-element elementor-element-2cc9e622 elementor-widget elementor-widget-image\" data-id=\"2cc9e622\" data-element_type=\"widget\" data-widget_type=\"image.default\">\n\t\t\t\t\t\t\t\t\t\t\t\t\t\t\t<img loading=\"lazy\" decoding=\"async\" width=\"800\" height=\"1200\" src=\"https:\/\/longweielec.com\/wp-content\/uploads\/2022\/09\/1662963202-mini-benchtop-programmable-dc-power-supply-picture-12.jpg\" class=\"attachment-full size-full wp-image-812\" alt=\"\" srcset=\"\/\/longweielec.com\/wp-content\/uploads\/2022\/09\/1662963202-mini-benchtop-programmable-dc-power-supply-picture-12.jpg 800w, \/\/longweielec.com\/wp-content\/uploads\/2022\/09\/1662963202-mini-benchtop-programmable-dc-power-supply-picture-12-600x900.jpg 600w, \/\/longweielec.com\/wp-content\/uploads\/2022\/09\/1662963202-mini-benchtop-programmable-dc-power-supply-picture-12-200x300.jpg 200w, \/\/longweielec.com\/wp-content\/uploads\/2022\/09\/1662963202-mini-benchtop-programmable-dc-power-supply-picture-12-683x1024.jpg 683w, \/\/longweielec.com\/wp-content\/uploads\/2022\/09\/1662963202-mini-benchtop-programmable-dc-power-supply-picture-12-768x1152.jpg 768w\" sizes=\"(max-width: 800px) 100vw, 800px\" \/>\t\t\t\t\t\t\t\t\t\t\t\t\t\t\t<\/div>\n\t\t\t\t<div class=\"elementor-element elementor-element-8869590 elementor-widget elementor-widget-image\" data-id=\"8869590\" data-element_type=\"widget\" data-widget_type=\"image.default\">\n\t\t\t\t\t\t\t\t\t\t\t\t\t\t\t<img loading=\"lazy\" decoding=\"async\" width=\"800\" height=\"900\" src=\"https:\/\/longweielec.com\/wp-content\/uploads\/2022\/09\/1662963225-mini-benchtop-programmable-dc-power-supply-picture-13.jpg\" class=\"attachment-full size-full wp-image-813\" alt=\"\" srcset=\"\/\/longweielec.com\/wp-content\/uploads\/2022\/09\/1662963225-mini-benchtop-programmable-dc-power-supply-picture-13.jpg 800w, \/\/longweielec.com\/wp-content\/uploads\/2022\/09\/1662963225-mini-benchtop-programmable-dc-power-supply-picture-13-600x675.jpg 600w, \/\/longweielec.com\/wp-content\/uploads\/2022\/09\/1662963225-mini-benchtop-programmable-dc-power-supply-picture-13-267x300.jpg 267w, \/\/longweielec.com\/wp-content\/uploads\/2022\/09\/1662963225-mini-benchtop-programmable-dc-power-supply-picture-13-768x864.jpg 768w\" sizes=\"(max-width: 800px) 100vw, 800px\" \/>\t\t\t\t\t\t\t\t\t\t\t\t\t\t\t<\/div>\n\t\t\t\t\t<\/div>\n\t\t<\/div>\n\t\t\t\t\t<\/div>\n\t\t<\/section>\n\t\t\t\t<\/div>","protected":false},"excerpt":{"rendered":"<ul>\n<li><strong>Sortie USB DC<\/strong>: Fournit une sortie USB stable de 5V2A pour une alimentation pratique.<\/li>\n<li><strong>Affichage \u00e0 quatre chiffres<\/strong>: Affiche simultan\u00e9ment les relev\u00e9s de courant, de tension et de puissance pour une surveillance ais\u00e9e.<\/li>\n<li><strong>Touches d'acc\u00e8s rapide (M1\/M2)<\/strong>: Enregistrez et rappelez rapidement les param\u00e8tres gr\u00e2ce aux touches de raccourci M1\/M2.<\/li>\n<li><strong>V\/A Commutation tension\/courant<\/strong>: Le bouton rotatif intuitif permet de passer sans effort du mode tension au mode courant pour des r\u00e9glages pr\u00e9cis.<\/li>\n<li><strong>Protection contre les surintensit\u00e9s (OCP)<\/strong>: Caract\u00e9ristiques de s\u00e9curit\u00e9 exceptionnelles avec une protection contre les surintensit\u00e9s et une alarme sonore pour plus de s\u00e9curit\u00e9.<\/li>\n<li><strong>Contr\u00f4le du commutateur de sortie<\/strong>: Gestion facile de la puissance de sortie gr\u00e2ce \u00e0 un commutateur de sortie d\u00e9di\u00e9, pour le plus grand confort de l'utilisateur.<\/li>\n<li><strong>Interface de communication USB par d\u00e9faut<\/strong>: Support de communication USB standard, avec interface RS232\/485 en option pour une connectivit\u00e9 \u00e9largie.<\/li>\n<\/ul>","protected":false},"featured_media":788,"template":"","meta":[],"product_brand":[],"product_cat":[26],"product_tag":[78],"class_list":{"0":"post-797","1":"product","2":"type-product","3":"status-publish","4":"has-post-thumbnail","6":"product_cat-programmable-dc-power-supply","7":"product_tag-mini-programmable-dc","9":"first","10":"instock","11":"shipping-taxable","12":"product-type-variable","13":"has-default-attributes"},"_links":{"self":[{"href":"https:\/\/longweielec.com\/fr\/wp-json\/wp\/v2\/product\/797","targetHints":{"allow":["GET"]}}],"collection":[{"href":"https:\/\/longweielec.com\/fr\/wp-json\/wp\/v2\/product"}],"about":[{"href":"https:\/\/longweielec.com\/fr\/wp-json\/wp\/v2\/types\/product"}],"wp:featuredmedia":[{"embeddable":true,"href":"https:\/\/longweielec.com\/fr\/wp-json\/wp\/v2\/media\/788"}],"wp:attachment":[{"href":"https:\/\/longweielec.com\/fr\/wp-json\/wp\/v2\/media?parent=797"}],"wp:term":[{"taxonomy":"product_brand","embeddable":true,"href":"https:\/\/longweielec.com\/fr\/wp-json\/wp\/v2\/product_brand?post=797"},{"taxonomy":"product_cat","embeddable":true,"href":"https:\/\/longweielec.com\/fr\/wp-json\/wp\/v2\/product_cat?post=797"},{"taxonomy":"product_tag","embeddable":true,"href":"https:\/\/longweielec.com\/fr\/wp-json\/wp\/v2\/product_tag?post=797"}],"curies":[{"name":"wp","href":"https:\/\/api.w.org\/{rel}","templated":true}]}}