{"id":1032,"date":"2022-09-17T14:59:52","date_gmt":"2022-09-17T06:59:52","guid":{"rendered":"https:\/\/longweielec.com\/?post_type=product&#038;p=1032"},"modified":"2025-07-19T22:11:06","modified_gmt":"2025-07-19T14:11:06","slug":"lrs-75w","status":"publish","type":"product","link":"https:\/\/longweielec.com\/pt\/product\/lrs-75w","title":{"rendered":"Fonte de alimenta\u00e7\u00e3o de modo de comuta\u00e7\u00e3o fina AC-DC de 75 W (SMPS)"},"content":{"rendered":"","protected":false},"excerpt":{"rendered":"","protected":false},"featured_media":1040,"template":"","meta":[],"product_brand":[],"product_cat":[27],"product_tag":[92],"class_list":{"0":"post-1032","1":"product","2":"type-product","3":"status-publish","4":"has-post-thumbnail","6":"product_cat-led-driver-power","7":"product_tag-thin-smps","9":"first","10":"instock","11":"shipping-taxable","12":"purchasable","13":"product-type-variable"},"_links":{"self":[{"href":"https:\/\/longweielec.com\/pt\/wp-json\/wp\/v2\/product\/1032","targetHints":{"allow":["GET"]}}],"collection":[{"href":"https:\/\/longweielec.com\/pt\/wp-json\/wp\/v2\/product"}],"about":[{"href":"https:\/\/longweielec.com\/pt\/wp-json\/wp\/v2\/types\/product"}],"wp:featuredmedia":[{"embeddable":true,"href":"https:\/\/longweielec.com\/pt\/wp-json\/wp\/v2\/media\/1040"}],"wp:attachment":[{"href":"https:\/\/longweielec.com\/pt\/wp-json\/wp\/v2\/media?parent=1032"}],"wp:term":[{"taxonomy":"product_brand","embeddable":true,"href":"https:\/\/longweielec.com\/pt\/wp-json\/wp\/v2\/product_brand?post=1032"},{"taxonomy":"product_cat","embeddable":true,"href":"https:\/\/longweielec.com\/pt\/wp-json\/wp\/v2\/product_cat?post=1032"},{"taxonomy":"product_tag","embeddable":true,"href":"https:\/\/longweielec.com\/pt\/wp-json\/wp\/v2\/product_tag?post=1032"}],"curies":[{"name":"wp","href":"https:\/\/api.w.org\/{rel}","templated":true}]}}