{"id":1209,"date":"2022-09-27T22:56:19","date_gmt":"2022-09-27T14:56:19","guid":{"rendered":"https:\/\/longweielec.com\/?post_type=product&#038;p=1209"},"modified":"2025-07-19T22:11:02","modified_gmt":"2025-07-19T14:11:02","slug":"lwg-3020","status":"publish","type":"product","link":"https:\/\/longweielec.com\/pt\/product\/lwg-3020","title":{"rendered":"LWG-3020 Gerador de sinal DDS de canal duplo de 20 MHz"},"content":{"rendered":"<div data-elementor-type=\"section\" data-elementor-id=\"1199\" class=\"elementor elementor-1199\" data-elementor-post-type=\"elementor_library\">\n\t\t\t\t\t<section class=\"elementor-section elementor-top-section elementor-element elementor-element-f6170df elementor-section-full_width elementor-section-height-default elementor-section-height-default\" data-id=\"f6170df\" data-element_type=\"section\">\n\t\t\t\t\t\t<div class=\"elementor-container elementor-column-gap-no\">\n\t\t\t\t\t<div class=\"elementor-column elementor-col-100 elementor-top-column elementor-element elementor-element-67500280\" data-id=\"67500280\" data-element_type=\"column\">\n\t\t\t<div class=\"elementor-widget-wrap elementor-element-populated\">\n\t\t\t\t\t\t<div class=\"elementor-element elementor-element-fb135a6 elementor-widget elementor-widget-image\" data-id=\"fb135a6\" data-element_type=\"widget\" data-widget_type=\"image.default\">\n\t\t\t\t\t\t\t\t\t\t\t\t\t\t\t<img fetchpriority=\"high\" decoding=\"async\" width=\"800\" height=\"661\" src=\"https:\/\/longweielec.com\/wp-content\/uploads\/2022\/09\/1664288531-benchtop-dds-signal-generator-1.jpg\" class=\"attachment-full size-full wp-image-1200\" alt=\"\" srcset=\"\/\/longweielec.com\/wp-content\/uploads\/2022\/09\/1664288531-benchtop-dds-signal-generator-1.jpg 800w, \/\/longweielec.com\/wp-content\/uploads\/2022\/09\/1664288531-benchtop-dds-signal-generator-1-600x496.jpg 600w, \/\/longweielec.com\/wp-content\/uploads\/2022\/09\/1664288531-benchtop-dds-signal-generator-1-300x248.jpg 300w, \/\/longweielec.com\/wp-content\/uploads\/2022\/09\/1664288531-benchtop-dds-signal-generator-1-768x635.jpg 768w\" sizes=\"(max-width: 800px) 100vw, 800px\" \/>\t\t\t\t\t\t\t\t\t\t\t\t\t\t\t<\/div>\n\t\t\t\t<div class=\"elementor-element elementor-element-42b55b1 elementor-widget elementor-widget-image\" data-id=\"42b55b1\" data-element_type=\"widget\" data-widget_type=\"image.default\">\n\t\t\t\t\t\t\t\t\t\t\t\t\t\t\t<img decoding=\"async\" width=\"800\" height=\"900\" src=\"https:\/\/longweielec.com\/wp-content\/uploads\/2022\/09\/1664288568-benchtop-dds-signal-generator-2.jpg\" class=\"attachment-full size-full wp-image-1201\" alt=\"\" srcset=\"\/\/longweielec.com\/wp-content\/uploads\/2022\/09\/1664288568-benchtop-dds-signal-generator-2.jpg 800w, \/\/longweielec.com\/wp-content\/uploads\/2022\/09\/1664288568-benchtop-dds-signal-generator-2-600x675.jpg 600w, \/\/longweielec.com\/wp-content\/uploads\/2022\/09\/1664288568-benchtop-dds-signal-generator-2-267x300.jpg 267w, \/\/longweielec.com\/wp-content\/uploads\/2022\/09\/1664288568-benchtop-dds-signal-generator-2-768x864.jpg 768w\" sizes=\"(max-width: 800px) 100vw, 800px\" \/>\t\t\t\t\t\t\t\t\t\t\t\t\t\t\t<\/div>\n\t\t\t\t<div class=\"elementor-element elementor-element-1ad3082c elementor-widget elementor-widget-image\" data-id=\"1ad3082c\" data-element_type=\"widget\" data-widget_type=\"image.default\">\n\t\t\t\t\t\t\t\t\t\t\t\t\t\t\t<img decoding=\"async\" width=\"800\" height=\"800\" src=\"https:\/\/longweielec.com\/wp-content\/uploads\/2022\/09\/1664288590-benchtop-dds-signal-generator-3.jpg\" class=\"attachment-full size-full wp-image-1202\" alt=\"\" srcset=\"\/\/longweielec.com\/wp-content\/uploads\/2022\/09\/1664288590-benchtop-dds-signal-generator-3.jpg 800w, \/\/longweielec.com\/wp-content\/uploads\/2022\/09\/1664288590-benchtop-dds-signal-generator-3-300x300.jpg 300w, \/\/longweielec.com\/wp-content\/uploads\/2022\/09\/1664288590-benchtop-dds-signal-generator-3-100x100.jpg 100w, \/\/longweielec.com\/wp-content\/uploads\/2022\/09\/1664288590-benchtop-dds-signal-generator-3-600x600.jpg 600w, \/\/longweielec.com\/wp-content\/uploads\/2022\/09\/1664288590-benchtop-dds-signal-generator-3-150x150.jpg 150w, \/\/longweielec.com\/wp-content\/uploads\/2022\/09\/1664288590-benchtop-dds-signal-generator-3-768x768.jpg 768w\" sizes=\"(max-width: 800px) 100vw, 800px\" \/>\t\t\t\t\t\t\t\t\t\t\t\t\t\t\t<\/div>\n\t\t\t\t<div class=\"elementor-element elementor-element-ba8376b elementor-widget elementor-widget-image\" data-id=\"ba8376b\" data-element_type=\"widget\" data-widget_type=\"image.default\">\n\t\t\t\t\t\t\t\t\t\t\t\t\t\t\t<img loading=\"lazy\" decoding=\"async\" width=\"800\" height=\"800\" src=\"https:\/\/longweielec.com\/wp-content\/uploads\/2022\/09\/1664288611-benchtop-dds-signal-generator-4.jpg\" class=\"attachment-full size-full wp-image-1203\" alt=\"\" srcset=\"\/\/longweielec.com\/wp-content\/uploads\/2022\/09\/1664288611-benchtop-dds-signal-generator-4.jpg 800w, \/\/longweielec.com\/wp-content\/uploads\/2022\/09\/1664288611-benchtop-dds-signal-generator-4-300x300.jpg 300w, \/\/longweielec.com\/wp-content\/uploads\/2022\/09\/1664288611-benchtop-dds-signal-generator-4-100x100.jpg 100w, \/\/longweielec.com\/wp-content\/uploads\/2022\/09\/1664288611-benchtop-dds-signal-generator-4-600x600.jpg 600w, \/\/longweielec.com\/wp-content\/uploads\/2022\/09\/1664288611-benchtop-dds-signal-generator-4-150x150.jpg 150w, \/\/longweielec.com\/wp-content\/uploads\/2022\/09\/1664288611-benchtop-dds-signal-generator-4-768x768.jpg 768w\" sizes=\"(max-width: 800px) 100vw, 800px\" \/>\t\t\t\t\t\t\t\t\t\t\t\t\t\t\t<\/div>\n\t\t\t\t<div class=\"elementor-element elementor-element-5420a670 elementor-widget elementor-widget-image\" data-id=\"5420a670\" data-element_type=\"widget\" data-widget_type=\"image.default\">\n\t\t\t\t\t\t\t\t\t\t\t\t\t\t\t<img loading=\"lazy\" decoding=\"async\" width=\"800\" height=\"1300\" src=\"https:\/\/longweielec.com\/wp-content\/uploads\/2022\/09\/1664288642-benchtop-dds-signal-generator-5.jpg\" class=\"attachment-full size-full wp-image-1204\" alt=\"\" srcset=\"\/\/longweielec.com\/wp-content\/uploads\/2022\/09\/1664288642-benchtop-dds-signal-generator-5.jpg 800w, \/\/longweielec.com\/wp-content\/uploads\/2022\/09\/1664288642-benchtop-dds-signal-generator-5-600x975.jpg 600w, \/\/longweielec.com\/wp-content\/uploads\/2022\/09\/1664288642-benchtop-dds-signal-generator-5-185x300.jpg 185w, \/\/longweielec.com\/wp-content\/uploads\/2022\/09\/1664288642-benchtop-dds-signal-generator-5-630x1024.jpg 630w, \/\/longweielec.com\/wp-content\/uploads\/2022\/09\/1664288642-benchtop-dds-signal-generator-5-768x1248.jpg 768w\" sizes=\"(max-width: 800px) 100vw, 800px\" \/>\t\t\t\t\t\t\t\t\t\t\t\t\t\t\t<\/div>\n\t\t\t\t<div class=\"elementor-element elementor-element-2be69ad3 elementor-widget elementor-widget-image\" data-id=\"2be69ad3\" data-element_type=\"widget\" data-widget_type=\"image.default\">\n\t\t\t\t\t\t\t\t\t\t\t\t\t\t\t<img loading=\"lazy\" decoding=\"async\" width=\"800\" height=\"800\" src=\"https:\/\/longweielec.com\/wp-content\/uploads\/2022\/09\/1664288663-benchtop-dds-signal-generator-6.jpg\" class=\"attachment-large size-large wp-image-1205\" alt=\"\" srcset=\"\/\/longweielec.com\/wp-content\/uploads\/2022\/09\/1664288663-benchtop-dds-signal-generator-6.jpg 800w, \/\/longweielec.com\/wp-content\/uploads\/2022\/09\/1664288663-benchtop-dds-signal-generator-6-300x300.jpg 300w, \/\/longweielec.com\/wp-content\/uploads\/2022\/09\/1664288663-benchtop-dds-signal-generator-6-100x100.jpg 100w, \/\/longweielec.com\/wp-content\/uploads\/2022\/09\/1664288663-benchtop-dds-signal-generator-6-600x600.jpg 600w, \/\/longweielec.com\/wp-content\/uploads\/2022\/09\/1664288663-benchtop-dds-signal-generator-6-150x150.jpg 150w, \/\/longweielec.com\/wp-content\/uploads\/2022\/09\/1664288663-benchtop-dds-signal-generator-6-768x768.jpg 768w\" sizes=\"(max-width: 800px) 100vw, 800px\" \/>\t\t\t\t\t\t\t\t\t\t\t\t\t\t\t<\/div>\n\t\t\t\t<div class=\"elementor-element elementor-element-1ded4ccf elementor-widget elementor-widget-image\" data-id=\"1ded4ccf\" data-element_type=\"widget\" data-widget_type=\"image.default\">\n\t\t\t\t\t\t\t\t\t\t\t\t\t\t\t<img loading=\"lazy\" decoding=\"async\" width=\"800\" height=\"800\" src=\"https:\/\/longweielec.com\/wp-content\/uploads\/2022\/09\/1664288686-benchtop-dds-signal-generator-7.jpg\" class=\"attachment-full size-full wp-image-1206\" alt=\"\" srcset=\"\/\/longweielec.com\/wp-content\/uploads\/2022\/09\/1664288686-benchtop-dds-signal-generator-7.jpg 800w, \/\/longweielec.com\/wp-content\/uploads\/2022\/09\/1664288686-benchtop-dds-signal-generator-7-300x300.jpg 300w, \/\/longweielec.com\/wp-content\/uploads\/2022\/09\/1664288686-benchtop-dds-signal-generator-7-100x100.jpg 100w, \/\/longweielec.com\/wp-content\/uploads\/2022\/09\/1664288686-benchtop-dds-signal-generator-7-600x600.jpg 600w, \/\/longweielec.com\/wp-content\/uploads\/2022\/09\/1664288686-benchtop-dds-signal-generator-7-150x150.jpg 150w, \/\/longweielec.com\/wp-content\/uploads\/2022\/09\/1664288686-benchtop-dds-signal-generator-7-768x768.jpg 768w\" sizes=\"(max-width: 800px) 100vw, 800px\" \/>\t\t\t\t\t\t\t\t\t\t\t\t\t\t\t<\/div>\n\t\t\t\t\t<\/div>\n\t\t<\/div>\n\t\t\t\t\t<\/div>\n\t\t<\/section>\n\t\t\t\t<\/div>","protected":false},"excerpt":{"rendered":"<ul>\n<li><strong>Precis\u00e3o de alta frequ\u00eancia:<\/strong>\u00a0Oferece precis\u00e3o de frequ\u00eancia de at\u00e9 10^-4 para resultados confi\u00e1veis.<\/li>\n<li><strong>Resolu\u00e7\u00e3o de frequ\u00eancia fina:<\/strong>\u00a0A resolu\u00e7\u00e3o de 20mHz permite ajustes precisos de frequ\u00eancia em toda a faixa.<\/li>\n<li><strong>Sa\u00edda de forma de onda precisa:<\/strong>\u00a0As formas de onda s\u00e3o sintetizadas a partir de c\u00e1lculos de fun\u00e7\u00e3o, garantindo baixa distor\u00e7\u00e3o e alta fidelidade.<\/li>\n<li><strong>Gera\u00e7\u00e3o de diversas formas de onda:<\/strong>\u00a0Capaz de produzir 32 formas de onda diferentes para atender a v\u00e1rios requisitos de teste.<\/li>\n<li><strong>Caracter\u00edsticas de pulso ajust\u00e1veis:<\/strong>\u00a0Permite a personaliza\u00e7\u00e3o precisa da largura do pulso e do ciclo de trabalho.<\/li>\n<li><strong>Sa\u00edda de sinal harm\u00f4nico:<\/strong>\u00a0Gera sinais fundamentais e harm\u00f4nicos com fase ajust\u00e1vel.<\/li>\n<li><strong>Recursos de digitaliza\u00e7\u00e3o flex\u00edveis:<\/strong>\u00a0Suporta varredura personaliz\u00e1vel de frequ\u00eancia e amplitude com pontos de in\u00edcio e parada definidos pelo usu\u00e1rio.<\/li>\n<li><strong>Recursos de modula\u00e7\u00e3o:<\/strong>\u00a0Pode gerar sinais modulados em frequ\u00eancia (FM) para diversas aplica\u00e7\u00f5es.<\/li>\n<li><strong>Suporte ao sinal de codifica\u00e7\u00e3o:<\/strong>\u00a0Sa\u00edda de chaveamento por deslocamento de frequ\u00eancia (FSK), chaveamento por deslocamento de amplitude (ASK) e chaveamento por deslocamento de fase (PSK).<\/li>\n<li><strong>Gera\u00e7\u00e3o de sinal de rajada:<\/strong>\u00a0Capaz de produzir sinais de trem de pulso de explos\u00e3o para atividades de teste direcionadas.<\/li>\n<li><strong>Controles f\u00e1ceis de usar:<\/strong>\u00a0Opera\u00e7\u00e3o com todos os bot\u00f5es com menus bil\u00edngues (ingl\u00eas\/chin\u00eas) e op\u00e7\u00f5es para entrada num\u00e9rica ou ajustes de discagem.<\/li>\n<li><strong>Recursos de prote\u00e7\u00e3o robustos:<\/strong>\u00a0Inclui prote\u00e7\u00f5es contra sobretens\u00e3o, sobrecorrente, curto-circuito e tens\u00e3o reversa para garantir uma opera\u00e7\u00e3o segura.<\/li>\n<li><strong>Medi\u00e7\u00e3o de frequ\u00eancia opcional:<\/strong>\u00a0Expans\u00edvel com um recurso de contador de frequ\u00eancia para medir sinais internos e externos.<\/li>\n<li><strong>Op\u00e7\u00e3o de amplifica\u00e7\u00e3o de pot\u00eancia:<\/strong>\u00a0O amplificador de pot\u00eancia dispon\u00edvel aumenta a sa\u00edda em at\u00e9 7 W para aplica\u00e7\u00f5es de alta demanda.<\/li>\n<li><strong>Interface de controle program\u00e1vel:<\/strong>\u00a0Interface RS232 opcional para maior capacidade de programa\u00e7\u00e3o e controle.<\/li>\n<\/ul>","protected":false},"featured_media":1189,"template":"","meta":[],"product_brand":[],"product_cat":[30],"product_tag":[97],"class_list":{"0":"post-1209","1":"product","2":"type-product","3":"status-publish","4":"has-post-thumbnail","6":"product_cat-signal-generator","7":"product_tag-dds-generator","9":"first","10":"instock","11":"shipping-taxable","12":"purchasable","13":"product-type-variable","14":"has-default-attributes"},"_links":{"self":[{"href":"https:\/\/longweielec.com\/pt\/wp-json\/wp\/v2\/product\/1209","targetHints":{"allow":["GET"]}}],"collection":[{"href":"https:\/\/longweielec.com\/pt\/wp-json\/wp\/v2\/product"}],"about":[{"href":"https:\/\/longweielec.com\/pt\/wp-json\/wp\/v2\/types\/product"}],"wp:featuredmedia":[{"embeddable":true,"href":"https:\/\/longweielec.com\/pt\/wp-json\/wp\/v2\/media\/1189"}],"wp:attachment":[{"href":"https:\/\/longweielec.com\/pt\/wp-json\/wp\/v2\/media?parent=1209"}],"wp:term":[{"taxonomy":"product_brand","embeddable":true,"href":"https:\/\/longweielec.com\/pt\/wp-json\/wp\/v2\/product_brand?post=1209"},{"taxonomy":"product_cat","embeddable":true,"href":"https:\/\/longweielec.com\/pt\/wp-json\/wp\/v2\/product_cat?post=1209"},{"taxonomy":"product_tag","embeddable":true,"href":"https:\/\/longweielec.com\/pt\/wp-json\/wp\/v2\/product_tag?post=1209"}],"curies":[{"name":"wp","href":"https:\/\/api.w.org\/{rel}","templated":true}]}}