{"id":1250,"date":"2022-10-08T00:17:56","date_gmt":"2022-10-07T16:17:56","guid":{"rendered":"https:\/\/longweielec.com\/?post_type=product&#038;p=1250"},"modified":"2025-07-19T22:11:04","modified_gmt":"2025-07-19T14:11:04","slug":"lw-7110","status":"publish","type":"product","link":"https:\/\/longweielec.com\/pt\/product\/lw-7110","title":{"rendered":"LW-7110 Testador de Hipotens\u00e3o CA program\u00e1vel"},"content":{"rendered":"","protected":false},"excerpt":{"rendered":"<ul>\n<li><strong>Compacto e leve<\/strong>: Tamanho ultrapequeno para f\u00e1cil portabilidade.<\/li>\n<li><strong>Opera\u00e7\u00e3o amig\u00e1vel ao usu\u00e1rio<\/strong>: Controles simples com recurso de bloqueio de teclado.<\/li>\n<li><strong>5 Configura\u00e7\u00f5es de mem\u00f3ria program\u00e1veis<\/strong>: Cada grupo permite a sele\u00e7\u00e3o de quatro modos de trabalho.<\/li>\n<li><strong>Tela LCD transparente<\/strong>: Visibilidade instant\u00e2nea do status e dos resultados do teste.<\/li>\n<li><strong>Rampa de tens\u00e3o com base no tempo<\/strong>: Aumento gradual da tens\u00e3o para an\u00e1lise de falhas em tempo real.<\/li>\n<li><strong>Limites de corrente ajust\u00e1veis<\/strong>: Sistema de alarme inteligente para configura\u00e7\u00f5es de corrente alta e baixa.<\/li>\n<li><strong>Funcionalidade de detec\u00e7\u00e3o de arco<\/strong>: Detec\u00e7\u00e3o de grau 1-9 para identifica\u00e7\u00e3o precisa do arco.<\/li>\n<li><strong>Interface de controle remoto do PLC<\/strong>: Permite a opera\u00e7\u00e3o remota e os recursos de monitoramento.<\/li>\n<\/ul>","protected":false},"featured_media":1252,"template":"","meta":[],"product_brand":[],"product_cat":[31],"product_tag":[99],"class_list":{"0":"post-1250","1":"product","2":"type-product","3":"status-publish","4":"has-post-thumbnail","6":"product_cat-safety-tester","7":"product_tag-hipot-tester","9":"first","10":"instock","11":"shipping-taxable","12":"purchasable","13":"product-type-variable","14":"has-default-attributes"},"_links":{"self":[{"href":"https:\/\/longweielec.com\/pt\/wp-json\/wp\/v2\/product\/1250","targetHints":{"allow":["GET"]}}],"collection":[{"href":"https:\/\/longweielec.com\/pt\/wp-json\/wp\/v2\/product"}],"about":[{"href":"https:\/\/longweielec.com\/pt\/wp-json\/wp\/v2\/types\/product"}],"wp:featuredmedia":[{"embeddable":true,"href":"https:\/\/longweielec.com\/pt\/wp-json\/wp\/v2\/media\/1252"}],"wp:attachment":[{"href":"https:\/\/longweielec.com\/pt\/wp-json\/wp\/v2\/media?parent=1250"}],"wp:term":[{"taxonomy":"product_brand","embeddable":true,"href":"https:\/\/longweielec.com\/pt\/wp-json\/wp\/v2\/product_brand?post=1250"},{"taxonomy":"product_cat","embeddable":true,"href":"https:\/\/longweielec.com\/pt\/wp-json\/wp\/v2\/product_cat?post=1250"},{"taxonomy":"product_tag","embeddable":true,"href":"https:\/\/longweielec.com\/pt\/wp-json\/wp\/v2\/product_tag?post=1250"}],"curies":[{"name":"wp","href":"https:\/\/api.w.org\/{rel}","templated":true}]}}