{"id":1292,"date":"2022-10-08T21:21:08","date_gmt":"2022-10-08T13:21:08","guid":{"rendered":"https:\/\/longweielec.com\/?post_type=product&#038;p=1292"},"modified":"2025-07-19T22:11:08","modified_gmt":"2025-07-19T14:11:08","slug":"lw-2677f","status":"publish","type":"product","link":"https:\/\/longweielec.com\/pt\/product\/lw-2677f","title":{"rendered":"Testador digital de resist\u00eancia de isolamento LW-2677F DC 500V\/1000V"},"content":{"rendered":"","protected":false},"excerpt":{"rendered":"<ul>\n<li><strong>Duas tens\u00f5es de teste<\/strong>: DC 500V e 1000V selecion\u00e1veis (precis\u00e3o de \u00b15%).<\/li>\n<li><strong>Ampla faixa de testes<\/strong>:\n<ul>\n<li>Faixa de 500V: 1M\u03a9 a 1000M\u03a9<\/li>\n<li>Faixa de 1000V: 2M\u03a9 a 2000M\u03a9<\/li>\n<\/ul>\n<\/li>\n<li><strong>Tempo de teste ajust\u00e1vel<\/strong>: Defina a dura\u00e7\u00e3o do teste de 1 a 99 segundos, conforme necess\u00e1rio.<\/li>\n<\/ul>","protected":false},"featured_media":1295,"template":"","meta":[],"product_brand":[],"product_cat":[31],"product_tag":[100],"class_list":{"0":"post-1292","1":"product","2":"type-product","3":"status-publish","4":"has-post-thumbnail","6":"product_cat-safety-tester","7":"product_tag-resistance-tester","9":"first","10":"instock","11":"shipping-taxable","12":"purchasable","13":"product-type-variable","14":"has-default-attributes"},"_links":{"self":[{"href":"https:\/\/longweielec.com\/pt\/wp-json\/wp\/v2\/product\/1292","targetHints":{"allow":["GET"]}}],"collection":[{"href":"https:\/\/longweielec.com\/pt\/wp-json\/wp\/v2\/product"}],"about":[{"href":"https:\/\/longweielec.com\/pt\/wp-json\/wp\/v2\/types\/product"}],"wp:featuredmedia":[{"embeddable":true,"href":"https:\/\/longweielec.com\/pt\/wp-json\/wp\/v2\/media\/1295"}],"wp:attachment":[{"href":"https:\/\/longweielec.com\/pt\/wp-json\/wp\/v2\/media?parent=1292"}],"wp:term":[{"taxonomy":"product_brand","embeddable":true,"href":"https:\/\/longweielec.com\/pt\/wp-json\/wp\/v2\/product_brand?post=1292"},{"taxonomy":"product_cat","embeddable":true,"href":"https:\/\/longweielec.com\/pt\/wp-json\/wp\/v2\/product_cat?post=1292"},{"taxonomy":"product_tag","embeddable":true,"href":"https:\/\/longweielec.com\/pt\/wp-json\/wp\/v2\/product_tag?post=1292"}],"curies":[{"name":"wp","href":"https:\/\/api.w.org\/{rel}","templated":true}]}}