{"id":1300,"date":"2022-10-08T21:43:18","date_gmt":"2022-10-08T13:43:18","guid":{"rendered":"https:\/\/longweielec.com\/?post_type=product&#038;p=1300"},"modified":"2025-07-19T22:11:07","modified_gmt":"2025-07-19T14:11:07","slug":"lw-2678","status":"publish","type":"product","link":"https:\/\/longweielec.com\/pt\/product\/lw-2678","title":{"rendered":"Testador digital de resist\u00eancia de aterramento LW-2678 30A 10V"},"content":{"rendered":"","protected":false},"excerpt":{"rendered":"<ul>\n<li><strong>Alta precis\u00e3o de medi\u00e7\u00e3o<\/strong>: Oferece medi\u00e7\u00f5es confi\u00e1veis e precisas.<\/li>\n<li><strong>R\u00e1pido e f\u00e1cil de usar<\/strong>: Projetado para facilitar o uso em laborat\u00f3rios e linhas de teste automatizadas.<\/li>\n<li><strong>Exibi\u00e7\u00e3o simult\u00e2nea<\/strong>: Mostra a corrente de teste (CA 5-30A), a resist\u00eancia (0-600\u03a9) e o tempo (1-99s) na tela.<\/li>\n<li><strong>Tempo de teste configur\u00e1vel<\/strong>: Defina facilmente a dura\u00e7\u00e3o do teste de acordo com suas necessidades.<\/li>\n<li><strong>Configura\u00e7\u00f5es de alarme personaliz\u00e1veis<\/strong>: Permite a configura\u00e7\u00e3o arbitr\u00e1ria de valores de alarme de aprova\u00e7\u00e3o\/reprova\u00e7\u00e3o.<\/li>\n<li><strong>Alarmes sonoros e visuais<\/strong>: Fornece indicadores claros de som e luz para os resultados dos testes.<\/li>\n<\/ul>","protected":false},"featured_media":1303,"template":"","meta":[],"product_brand":[],"product_cat":[31],"product_tag":[100],"class_list":{"0":"post-1300","1":"product","2":"type-product","3":"status-publish","4":"has-post-thumbnail","6":"product_cat-safety-tester","7":"product_tag-resistance-tester","9":"first","10":"instock","11":"shipping-taxable","12":"purchasable","13":"product-type-variable","14":"has-default-attributes"},"_links":{"self":[{"href":"https:\/\/longweielec.com\/pt\/wp-json\/wp\/v2\/product\/1300","targetHints":{"allow":["GET"]}}],"collection":[{"href":"https:\/\/longweielec.com\/pt\/wp-json\/wp\/v2\/product"}],"about":[{"href":"https:\/\/longweielec.com\/pt\/wp-json\/wp\/v2\/types\/product"}],"wp:featuredmedia":[{"embeddable":true,"href":"https:\/\/longweielec.com\/pt\/wp-json\/wp\/v2\/media\/1303"}],"wp:attachment":[{"href":"https:\/\/longweielec.com\/pt\/wp-json\/wp\/v2\/media?parent=1300"}],"wp:term":[{"taxonomy":"product_brand","embeddable":true,"href":"https:\/\/longweielec.com\/pt\/wp-json\/wp\/v2\/product_brand?post=1300"},{"taxonomy":"product_cat","embeddable":true,"href":"https:\/\/longweielec.com\/pt\/wp-json\/wp\/v2\/product_cat?post=1300"},{"taxonomy":"product_tag","embeddable":true,"href":"https:\/\/longweielec.com\/pt\/wp-json\/wp\/v2\/product_tag?post=1300"}],"curies":[{"name":"wp","href":"https:\/\/api.w.org\/{rel}","templated":true}]}}